{"id":100,"date":"2016-10-24T14:39:52","date_gmt":"2016-10-24T12:39:52","guid":{"rendered":"https:\/\/www.steuerpraxis.net\/?page_id=100"},"modified":"2023-08-30T13:16:12","modified_gmt":"2023-08-30T11:16:12","slug":"mgi-worldwide","status":"publish","type":"page","link":"https:\/\/www.steuerpraxis.net\/de\/mgi-worldwide\/","title":{"rendered":"MGI Association"},"content":{"rendered":"<p>Seit 1973 ist Dr. Schmidt-Wilke Mitglied bei MGI Association. MGI Association ist eine globale Allianz von unabh\u00e4ngigen Wirtschaftspr\u00fcfungs-, Steuerberatungs-, Buchhaltungs- und Beratungsunternehmen in 101 L\u00e4ndern. Mit 230 Mitgliedsunternehmen und 8.845 professionellen Mitarbeitern bietet dieses Netzwerk eine hervorragende weltweite Abdeckung in den Bereichen Wirtschaftspr\u00fcfung, Steuerberatung, Buchhaltung und Unternehmensberatung. MGI Association ist unterteilt in acht Regionen: Nordamerika, Lateinamerika, Europa, Gro\u00dfbritannien &amp; Irland, Afrika, Naher Osten, Asien und Australasien.<\/p>\n<p>Neben unserer weltweiten Reichweite bieten wir auch eine sehr pers\u00f6nliche Herangehensweise mit allen Mitgliedsfirmen, die wie Sie Unternehmer sind.<\/p>\n<p>Pers\u00f6nlich, unternehmerisch und global \u2013 MGI Association spricht Ihre Sprache.<\/p>\n<h4>pers\u00f6nlich<\/h4>\n<p>Wenn Sie mit MGI Association-Unternehmen zusammenarbeiten, werden Sie pers\u00f6nlich von Partnern betreut. \u00dcber die Jahre und Rund um die Welt hat sich eine feste und enge Freundschaft unter den MGI Association-Mitgliedern entwickelt, welche sich auf Loyalit\u00e4t, Respekt und gemeinsame Erfahrung st\u00fctzt, da dies der einzige Weg ist, um auf Vertrauen basierende Gesch\u00e4fte zum Erfolg zu bringen. Wir m\u00f6chten, dass Sie das Gef\u00fchl haben, dass Sie bei unseren MGI Association-Beratern zu jeder Zeit anrufen k\u00f6nnen. F\u00fcr viele unserer Mandanten sind MGI Association-Partner die erste Anlaufstelle, wenn sie international t\u00e4tig werden oder gesch\u00e4ftliche Probleme in diesem Bereich haben.<\/p>\n<h4>unternehmerisch<\/h4>\n<p>Wie viele unserer Mandanten, sind die meisten der Mitgliedsfirmen klein- und mittelst\u00e4ndische Unternehmen. Die Partner der MGI Association-Mitgliedsfirmen haben oft genau die gleichen Probleme wie Sie in Ihrem Unternehmen und verstehen die Herausforderungen, die Unternehmer im Alltag haben.<\/p>\n<h4>weltweit<\/h4>\n<p>MGI Association hat Mitglieder auf allen Kontinenten und ist in fast allen wichtigen wirtschaftlichen Zentren in der Welt vertreten. MGI Association-Mitglieder teilen ihr Wissen, Ideen, Techniken und L\u00f6sungen rund um den Globus. Wie ungew\u00f6hnlich oder komplex Ihre Anforderungen auch sind, jemand im MGI Association-Verbund verf\u00fcgt \u00fcber das Fachwissen und die Erfahrung, um zu helfen. Ob es um das Wachstum eines Unternehmens, den Erwerb oder die Ver\u00e4u\u00dferung, die Konsolidierung oder die Planung f\u00fcr Ihr Unternehmen geht, wir sind f\u00fcr Sie da. Sie bekommen die auf Sie zugeschnittene L\u00f6sung, die Sie brauchen. Die MGI Association-Mitgliedsfirmen arbeiten eng miteinander f\u00fcr unsere internationalen Mandanten zusammen.<\/p>\n<p>F\u00fcr mehr Informationen besuchen Sie die MGI Association-Website: <a href=\"http:\/\/www.mgiworld.com\" target=\"_blank\" rel=\"noopener\">www.mgiworld.com<\/a><\/p>\n<h5>Haftungsausschluss:<\/h5>\n<div>MGI Association ist ein Netzwerk unabh\u00e4ngiger Wirtschaftspr\u00fcfungs-, Steuerberatungs- und Unternehmensberatungsgesellschaften. Die Mitgliedsfirmen sind rechtlich eigenst\u00e4ndig und unabh\u00e4ngig von MGI Association. MGI Association selbst ist nicht operativ t\u00e4tig. Beratungsleistungen werden ausschlie\u00dflich durch die Mitgliedsunternehmen selbstst\u00e4ndig und unabh\u00e4ngig erbracht.<\/div>\n<div>Weitere Informationen unter: <a href=\"http:\/\/www.mgiworld.com\/legal\">www.mgiworld.com\/legal<\/a><\/div>\n","protected":false},"excerpt":{"rendered":"<p>Seit 1973 ist Dr. Schmidt-Wilke Mitglied bei MGI Association. MGI Association ist eine globale Allianz von unabh\u00e4ngigen Wirtschaftspr\u00fcfungs-, Steuerberatungs-, Buchhaltungs- und Beratungsunternehmen in 101 L\u00e4ndern. Mit 230 Mitgliedsunternehmen und 8.845 professionellen Mitarbeitern bietet dieses Netzwerk eine hervorragende weltweite Abdeckung in den Bereichen Wirtschaftspr\u00fcfung, Steuerberatung, Buchhaltung und Unternehmensberatung. MGI Association ist unterteilt in acht Regionen: Nordamerika, [&hellip;]<\/p>\n","protected":false},"author":1,"featured_media":167,"parent":0,"menu_order":30,"comment_status":"closed","ping_status":"closed","template":"","meta":{"_acf_changed":false,"footnotes":""},"class_list":["post-100","page","type-page","status-publish","has-post-thumbnail","hentry"],"acf":[],"yoast_head":"<!-- This site is optimized with the Yoast SEO plugin v27.3 - https:\/\/yoast.com\/product\/yoast-seo-wordpress\/ -->\n<title>MGI Association - Dr. Schmidt-Wilke + Partner Steuerberatungsgesellschaft mbH<\/title>\n<meta name=\"robots\" content=\"index, follow, max-snippet:-1, max-image-preview:large, max-video-preview:-1\" \/>\n<link rel=\"canonical\" href=\"https:\/\/www.steuerpraxis.net\/de\/mgi-worldwide\/\" \/>\n<meta property=\"og:locale\" content=\"de_DE\" \/>\n<meta property=\"og:type\" content=\"article\" \/>\n<meta property=\"og:title\" content=\"MGI Association - Dr. Schmidt-Wilke + Partner Steuerberatungsgesellschaft mbH\" \/>\n<meta property=\"og:description\" content=\"Seit 1973 ist Dr. Schmidt-Wilke Mitglied bei MGI Association. MGI Association ist eine globale Allianz von unabh\u00e4ngigen Wirtschaftspr\u00fcfungs-, Steuerberatungs-, Buchhaltungs- und Beratungsunternehmen in 101 L\u00e4ndern. Mit 230 Mitgliedsunternehmen und 8.845 professionellen Mitarbeitern bietet dieses Netzwerk eine hervorragende weltweite Abdeckung in den Bereichen Wirtschaftspr\u00fcfung, Steuerberatung, Buchhaltung und Unternehmensberatung. MGI Association ist unterteilt in acht Regionen: Nordamerika, [&hellip;]\" \/>\n<meta property=\"og:url\" content=\"https:\/\/www.steuerpraxis.net\/de\/mgi-worldwide\/\" \/>\n<meta property=\"og:site_name\" content=\"Dr. Schmidt-Wilke + Partner Steuerberatungsgesellschaft mbH\" \/>\n<meta property=\"article:modified_time\" content=\"2023-08-30T11:16:12+00:00\" \/>\n<meta property=\"og:image\" content=\"https:\/\/www.steuerpraxis.net\/wp-content\/uploads\/2015\/09\/globalexpertise_finallayered_3.jpg\" \/>\n\t<meta property=\"og:image:width\" content=\"2070\" \/>\n\t<meta property=\"og:image:height\" content=\"2651\" \/>\n\t<meta property=\"og:image:type\" content=\"image\/jpeg\" \/>\n<meta name=\"twitter:card\" content=\"summary_large_image\" \/>\n<meta name=\"twitter:label1\" content=\"Gesch\u00e4tzte Lesezeit\" \/>\n\t<meta name=\"twitter:data1\" content=\"3\u00a0Minuten\" \/>\n<script type=\"application\/ld+json\" class=\"yoast-schema-graph\">{\"@context\":\"https:\\\/\\\/schema.org\",\"@graph\":[{\"@type\":\"WebPage\",\"@id\":\"https:\\\/\\\/www.steuerpraxis.net\\\/de\\\/mgi-worldwide\\\/\",\"url\":\"https:\\\/\\\/www.steuerpraxis.net\\\/de\\\/mgi-worldwide\\\/\",\"name\":\"MGI Association - Dr. Schmidt-Wilke + Partner Steuerberatungsgesellschaft mbH\",\"isPartOf\":{\"@id\":\"https:\\\/\\\/www.steuerpraxis.net\\\/de\\\/#website\"},\"primaryImageOfPage\":{\"@id\":\"https:\\\/\\\/www.steuerpraxis.net\\\/de\\\/mgi-worldwide\\\/#primaryimage\"},\"image\":{\"@id\":\"https:\\\/\\\/www.steuerpraxis.net\\\/de\\\/mgi-worldwide\\\/#primaryimage\"},\"thumbnailUrl\":\"https:\\\/\\\/www.steuerpraxis.net\\\/wp-content\\\/uploads\\\/2015\\\/09\\\/globalexpertise_finallayered_3.jpg\",\"datePublished\":\"2016-10-24T12:39:52+00:00\",\"dateModified\":\"2023-08-30T11:16:12+00:00\",\"breadcrumb\":{\"@id\":\"https:\\\/\\\/www.steuerpraxis.net\\\/de\\\/mgi-worldwide\\\/#breadcrumb\"},\"inLanguage\":\"de\",\"potentialAction\":[{\"@type\":\"ReadAction\",\"target\":[\"https:\\\/\\\/www.steuerpraxis.net\\\/de\\\/mgi-worldwide\\\/\"]}]},{\"@type\":\"ImageObject\",\"inLanguage\":\"de\",\"@id\":\"https:\\\/\\\/www.steuerpraxis.net\\\/de\\\/mgi-worldwide\\\/#primaryimage\",\"url\":\"https:\\\/\\\/www.steuerpraxis.net\\\/wp-content\\\/uploads\\\/2015\\\/09\\\/globalexpertise_finallayered_3.jpg\",\"contentUrl\":\"https:\\\/\\\/www.steuerpraxis.net\\\/wp-content\\\/uploads\\\/2015\\\/09\\\/globalexpertise_finallayered_3.jpg\",\"width\":2070,\"height\":2651},{\"@type\":\"BreadcrumbList\",\"@id\":\"https:\\\/\\\/www.steuerpraxis.net\\\/de\\\/mgi-worldwide\\\/#breadcrumb\",\"itemListElement\":[{\"@type\":\"ListItem\",\"position\":1,\"name\":\"Startseite\",\"item\":\"https:\\\/\\\/www.steuerpraxis.net\\\/de\\\/\"},{\"@type\":\"ListItem\",\"position\":2,\"name\":\"MGI Association\"}]},{\"@type\":\"WebSite\",\"@id\":\"https:\\\/\\\/www.steuerpraxis.net\\\/de\\\/#website\",\"url\":\"https:\\\/\\\/www.steuerpraxis.net\\\/de\\\/\",\"name\":\"Dr. Schmidt-Wilke + Partner Steuerberatungsgesellschaft mbH\",\"description\":\"Magdeburg\",\"potentialAction\":[{\"@type\":\"SearchAction\",\"target\":{\"@type\":\"EntryPoint\",\"urlTemplate\":\"https:\\\/\\\/www.steuerpraxis.net\\\/de\\\/?s={search_term_string}\"},\"query-input\":{\"@type\":\"PropertyValueSpecification\",\"valueRequired\":true,\"valueName\":\"search_term_string\"}}],\"inLanguage\":\"de\"}]}<\/script>\n<!-- \/ Yoast SEO plugin. -->","yoast_head_json":{"title":"MGI Association - Dr. Schmidt-Wilke + Partner Steuerberatungsgesellschaft mbH","robots":{"index":"index","follow":"follow","max-snippet":"max-snippet:-1","max-image-preview":"max-image-preview:large","max-video-preview":"max-video-preview:-1"},"canonical":"https:\/\/www.steuerpraxis.net\/de\/mgi-worldwide\/","og_locale":"de_DE","og_type":"article","og_title":"MGI Association - Dr. Schmidt-Wilke + Partner Steuerberatungsgesellschaft mbH","og_description":"Seit 1973 ist Dr. Schmidt-Wilke Mitglied bei MGI Association. MGI Association ist eine globale Allianz von unabh\u00e4ngigen Wirtschaftspr\u00fcfungs-, Steuerberatungs-, Buchhaltungs- und Beratungsunternehmen in 101 L\u00e4ndern. Mit 230 Mitgliedsunternehmen und 8.845 professionellen Mitarbeitern bietet dieses Netzwerk eine hervorragende weltweite Abdeckung in den Bereichen Wirtschaftspr\u00fcfung, Steuerberatung, Buchhaltung und Unternehmensberatung. MGI Association ist unterteilt in acht Regionen: Nordamerika, [&hellip;]","og_url":"https:\/\/www.steuerpraxis.net\/de\/mgi-worldwide\/","og_site_name":"Dr. Schmidt-Wilke + Partner Steuerberatungsgesellschaft mbH","article_modified_time":"2023-08-30T11:16:12+00:00","og_image":[{"width":2070,"height":2651,"url":"https:\/\/www.steuerpraxis.net\/wp-content\/uploads\/2015\/09\/globalexpertise_finallayered_3.jpg","type":"image\/jpeg"}],"twitter_card":"summary_large_image","twitter_misc":{"Gesch\u00e4tzte Lesezeit":"3\u00a0Minuten"},"schema":{"@context":"https:\/\/schema.org","@graph":[{"@type":"WebPage","@id":"https:\/\/www.steuerpraxis.net\/de\/mgi-worldwide\/","url":"https:\/\/www.steuerpraxis.net\/de\/mgi-worldwide\/","name":"MGI Association - Dr. Schmidt-Wilke + Partner Steuerberatungsgesellschaft mbH","isPartOf":{"@id":"https:\/\/www.steuerpraxis.net\/de\/#website"},"primaryImageOfPage":{"@id":"https:\/\/www.steuerpraxis.net\/de\/mgi-worldwide\/#primaryimage"},"image":{"@id":"https:\/\/www.steuerpraxis.net\/de\/mgi-worldwide\/#primaryimage"},"thumbnailUrl":"https:\/\/www.steuerpraxis.net\/wp-content\/uploads\/2015\/09\/globalexpertise_finallayered_3.jpg","datePublished":"2016-10-24T12:39:52+00:00","dateModified":"2023-08-30T11:16:12+00:00","breadcrumb":{"@id":"https:\/\/www.steuerpraxis.net\/de\/mgi-worldwide\/#breadcrumb"},"inLanguage":"de","potentialAction":[{"@type":"ReadAction","target":["https:\/\/www.steuerpraxis.net\/de\/mgi-worldwide\/"]}]},{"@type":"ImageObject","inLanguage":"de","@id":"https:\/\/www.steuerpraxis.net\/de\/mgi-worldwide\/#primaryimage","url":"https:\/\/www.steuerpraxis.net\/wp-content\/uploads\/2015\/09\/globalexpertise_finallayered_3.jpg","contentUrl":"https:\/\/www.steuerpraxis.net\/wp-content\/uploads\/2015\/09\/globalexpertise_finallayered_3.jpg","width":2070,"height":2651},{"@type":"BreadcrumbList","@id":"https:\/\/www.steuerpraxis.net\/de\/mgi-worldwide\/#breadcrumb","itemListElement":[{"@type":"ListItem","position":1,"name":"Startseite","item":"https:\/\/www.steuerpraxis.net\/de\/"},{"@type":"ListItem","position":2,"name":"MGI Association"}]},{"@type":"WebSite","@id":"https:\/\/www.steuerpraxis.net\/de\/#website","url":"https:\/\/www.steuerpraxis.net\/de\/","name":"Dr. Schmidt-Wilke + Partner Steuerberatungsgesellschaft mbH","description":"Magdeburg","potentialAction":[{"@type":"SearchAction","target":{"@type":"EntryPoint","urlTemplate":"https:\/\/www.steuerpraxis.net\/de\/?s={search_term_string}"},"query-input":{"@type":"PropertyValueSpecification","valueRequired":true,"valueName":"search_term_string"}}],"inLanguage":"de"}]}},"_links":{"self":[{"href":"https:\/\/www.steuerpraxis.net\/de\/wp-json\/wp\/v2\/pages\/100","targetHints":{"allow":["GET"]}}],"collection":[{"href":"https:\/\/www.steuerpraxis.net\/de\/wp-json\/wp\/v2\/pages"}],"about":[{"href":"https:\/\/www.steuerpraxis.net\/de\/wp-json\/wp\/v2\/types\/page"}],"author":[{"embeddable":true,"href":"https:\/\/www.steuerpraxis.net\/de\/wp-json\/wp\/v2\/users\/1"}],"replies":[{"embeddable":true,"href":"https:\/\/www.steuerpraxis.net\/de\/wp-json\/wp\/v2\/comments?post=100"}],"version-history":[{"count":6,"href":"https:\/\/www.steuerpraxis.net\/de\/wp-json\/wp\/v2\/pages\/100\/revisions"}],"predecessor-version":[{"id":4489,"href":"https:\/\/www.steuerpraxis.net\/de\/wp-json\/wp\/v2\/pages\/100\/revisions\/4489"}],"wp:featuredmedia":[{"embeddable":true,"href":"https:\/\/www.steuerpraxis.net\/de\/wp-json\/wp\/v2\/media\/167"}],"wp:attachment":[{"href":"https:\/\/www.steuerpraxis.net\/de\/wp-json\/wp\/v2\/media?parent=100"}],"curies":[{"name":"wp","href":"https:\/\/api.w.org\/{rel}","templated":true}]}}