{"id":106,"date":"2016-10-24T14:41:03","date_gmt":"2016-10-24T12:41:03","guid":{"rendered":"https:\/\/www.steuerpraxis.net\/?page_id=106"},"modified":"2023-09-01T11:04:37","modified_gmt":"2023-09-01T09:04:37","slug":"netzwerke","status":"publish","type":"page","link":"https:\/\/www.steuerpraxis.net\/de\/netzwerke\/","title":{"rendered":"Netzwerke"},"content":{"rendered":"<p>Wir bieten Ihnen steuerliche, betriebswirtschaftliche und rechtliche Beratung aus einer Hand. F\u00fcr spezielle Fragestellungen und praktische L\u00f6sungen profitieren wir von vielf\u00e4ltigen Kontakten zu Spezialisten: Notare, Rechtsanw\u00e4lte und Berater mit besonderer Fachkompetenz erweitern unser Team nach Bedarf. Dabei \u00a0bleiben wir Ihr Ansprechpartner \u2013 von Anfang an und bis zur Umsetzung der L\u00f6sung.<\/p>\n<p>Mitgliedschaften in Verb\u00e4nden und weiteren Vereinigungen sichern uns den Zugang zu aktuellen Informationen und unterst\u00fctzen den fachlichen Meinungsaustausch bei komplexen Fragestellungen unserer Mandanten. Dar\u00fcber hinaus erm\u00f6glichen sie vielf\u00e4ltig die berufliche Weiterbildung und die Kontaktpflege in<\/p>\n<table style=\"width: 100%; height: 1082px;\">\n<tbody>\n<tr style=\"height: 192px;\">\n<td style=\"width: 10%; height: 192px;\"><img loading=\"lazy\" decoding=\"async\" class=\"alignnone wp-image-4462 size-medium\" src=\"https:\/\/www.steuerpraxis.net\/wp-content\/uploads\/2023\/08\/mgi-assoc-member-of-230x69.jpg\" alt=\"\" width=\"230\" height=\"69\" srcset=\"https:\/\/www.steuerpraxis.net\/wp-content\/uploads\/2023\/08\/mgi-assoc-member-of-230x69.jpg 230w, https:\/\/www.steuerpraxis.net\/wp-content\/uploads\/2023\/08\/mgi-assoc-member-of-1024x307.jpg 1024w, https:\/\/www.steuerpraxis.net\/wp-content\/uploads\/2023\/08\/mgi-assoc-member-of-768x231.jpg 768w, https:\/\/www.steuerpraxis.net\/wp-content\/uploads\/2023\/08\/mgi-assoc-member-of-1536x461.jpg 1536w, https:\/\/www.steuerpraxis.net\/wp-content\/uploads\/2023\/08\/mgi-assoc-member-of-2048x615.jpg 2048w\" sizes=\"auto, (max-width: 230px) 100vw, 230px\" \/><\/td>\n<td style=\"width: 69%; height: 192px;\">\n<h4>MGI Association<\/h4>\n<p>Bei MGI Association handelt es sich um ein Netzwerk rechtlich selbstst\u00e4ndiger Wirtschaftspr\u00fcfungs- und Unternehmensberatungsgesellschaften mit 408 Partnerb\u00fcros in 101 L\u00e4ndern auf allen Kontinenten. Seit fast 70 Jahren erm\u00f6glicht MGI Association, \u00fcberregional t\u00e4tigen Mandanten vom Know-how der Mitglieder vor Ort zu profitieren.<br \/>\nN\u00e4heres unter: <a href=\"http:\/\/www.mgiworld.com\/\" target=\"_blank\" rel=\"noopener noreferrer\">www.mgiworld.com<\/a><\/td>\n<\/tr>\n<tr style=\"height: 100px;\">\n<td style=\"width: 10%; height: 154px;\">\u00a0<img loading=\"lazy\" decoding=\"async\" class=\"alignleft size-full wp-image-1999\" src=\"https:\/\/www.steuerpraxis.net\/wp-content\/uploads\/2018\/01\/bdst-logo.jpg\" alt=\"\" width=\"70\" height=\"70\" \/><\/td>\n<td style=\"width: 69%; height: 154px;\">\n<h4>Bund der Steuerzahler Sachsen-Anhalt e.V.<\/h4>\n<p>Mitglied im Bund der Steuerzahler seit 2004<br \/>\nMehr Infos: <a href=\"https:\/\/www.steuerzahler-sachsen-anhalt.de\/\" target=\"_blank\" rel=\"noopener\">www.steuerzahler-sachsen-anhalt.de<\/a><\/td>\n<\/tr>\n<tr style=\"height: 186px;\">\n<td style=\"width: 10%; height: 186px;\"><img loading=\"lazy\" decoding=\"async\" class=\"wp-image-4352\" src=\"https:\/\/www.steuerpraxis.net\/wp-content\/uploads\/2022\/08\/logo-kreativplantage-149x250.png\" alt=\"\" width=\"57\" height=\"96\" srcset=\"https:\/\/www.steuerpraxis.net\/wp-content\/uploads\/2022\/08\/logo-kreativplantage-149x250.png 149w, https:\/\/www.steuerpraxis.net\/wp-content\/uploads\/2022\/08\/logo-kreativplantage-612x1024.png 612w, https:\/\/www.steuerpraxis.net\/wp-content\/uploads\/2022\/08\/logo-kreativplantage-768x1284.png 768w, https:\/\/www.steuerpraxis.net\/wp-content\/uploads\/2022\/08\/logo-kreativplantage-918x1536.png 918w, https:\/\/www.steuerpraxis.net\/wp-content\/uploads\/2022\/08\/logo-kreativplantage-1225x2048.png 1225w, https:\/\/www.steuerpraxis.net\/wp-content\/uploads\/2022\/08\/logo-kreativplantage.png 1917w\" sizes=\"auto, (max-width: 57px) 100vw, 57px\" \/><\/td>\n<td style=\"width: 69%; height: 186px;\">\n<h4>kreativplantage GmbH<\/h4>\n<p>Durch jahrelange Praxis im Personalmarketing unterst\u00fctzt die kreativplantage GmbH \u00a0mit ansprechenden, zielgerichteten Rekrutierungsma\u00dfnahmen die \u00a0Mitarbeitergewinnung. Mehr Infos: <a href=\"http:\/\/www.kreativplantage.de%20\">www.kreativplantage.de<\/a><\/td>\n<\/tr>\n<tr style=\"height: 121px;\">\n<td style=\"width: 10%; height: 121px;\"><img loading=\"lazy\" decoding=\"async\" class=\"alignnone size-full wp-image-489\" src=\"https:\/\/www.steuerpraxis.net\/wp-content\/uploads\/2016\/11\/netzwerk-datev.jpg\" alt=\"Netzwerk-DATEV\" width=\"70\" height=\"70\" \/><\/td>\n<td style=\"width: 69%; height: 121px;\">\n<h4>Datev eG<\/h4>\n<p>Die DATEV eG, N\u00fcrnberg, ist das Softwarehaus und der IT- Dienstleister f\u00fcr Steuerberater, Wirtschaftspr\u00fcfer und Rechtsanw\u00e4lte sowie deren Mandanten.<\/p>\n<p>N\u00e4heres unter: <a href=\"http:\/\/www.datev.de\">www.datev.de<\/a><\/td>\n<\/tr>\n<tr style=\"height: 121px;\">\n<td style=\"width: 10%; height: 150px;\"><img loading=\"lazy\" decoding=\"async\" class=\"size-full wp-image-495 alignleft\" src=\"https:\/\/www.steuerpraxis.net\/wp-content\/uploads\/2016\/11\/netzwerk-berufsverband.jpg\" alt=\"Netzwerk-Berufsverband\" width=\"70\" height=\"70\" \/><\/td>\n<td style=\"width: 69%; height: 150px;\">\n<h4>Steuerberaterverband Niedersachsen Sachsen-Anhalt e.V.<\/h4>\n<p>Berufsverband und Interessenvertreter mit einem breiten fachlichen Unterst\u00fctzungsangebot f\u00fcr die Mitglieder.<\/p>\n<p>Mehr Infos: <a href=\"http:\/\/www.steuerberater-verband.de\">www.steuerberater-verband.de<\/a><\/td>\n<\/tr>\n<tr style=\"height: 56px;\">\n<td style=\"width: 10%; height: 10px;\"><\/td>\n<td style=\"width: 69%; height: 10px;\"><\/td>\n<\/tr>\n<tr style=\"height: 121px;\">\n<td style=\"width: 10%; height: 269px;\"><\/td>\n<td style=\"width: 69%; height: 269px;\">\n<h4>Landesverband Hauskrankenpflege Sachsen-Anhalt e.V. (LVHKP)<\/h4>\n<p>Der Landesverband Hauskrankenpflege Sachsen-Anhalt e.V. ist der mitgliederst\u00e4rkste Verband ambulanter und station\u00e4rer Altenpflegeeinrichtungen in Sachsen-Anhalt. Der Verband versteht seine Aufgabe, seit seiner Gr\u00fcndung im Jahr 1992, in der Wahrung der Interessen seiner \u00fcberwiegend privaten Mitgliedsunternehmen.<\/p>\n<p>Mehr Informationen unter: <a href=\"http:\/\/www.lv-hkp.de\">www.lv-hkp.de<\/a><\/td>\n<\/tr>\n<\/tbody>\n<\/table>\n","protected":false},"excerpt":{"rendered":"<p>Wir bieten Ihnen steuerliche, betriebswirtschaftliche und rechtliche Beratung aus einer Hand. F\u00fcr spezielle Fragestellungen und praktische L\u00f6sungen profitieren wir von vielf\u00e4ltigen Kontakten zu Spezialisten: Notare, Rechtsanw\u00e4lte und Berater mit besonderer Fachkompetenz erweitern unser Team nach Bedarf. Dabei \u00a0bleiben wir Ihr Ansprechpartner \u2013 von Anfang an und bis zur Umsetzung der L\u00f6sung. Mitgliedschaften in Verb\u00e4nden und [&hellip;]<\/p>\n","protected":false},"author":1,"featured_media":166,"parent":0,"menu_order":60,"comment_status":"closed","ping_status":"closed","template":"","meta":{"_acf_changed":false,"footnotes":""},"class_list":["post-106","page","type-page","status-publish","has-post-thumbnail","hentry"],"acf":[],"yoast_head":"<!-- This site is optimized with the Yoast SEO plugin v27.6 - https:\/\/yoast.com\/product\/yoast-seo-wordpress\/ -->\n<title>Netzwerke - Dr. Schmidt-Wilke + Partner Steuerberatungsgesellschaft mbH<\/title>\n<meta name=\"robots\" content=\"index, follow, max-snippet:-1, max-image-preview:large, max-video-preview:-1\" \/>\n<link rel=\"canonical\" href=\"https:\/\/www.steuerpraxis.net\/de\/netzwerke\/\" \/>\n<meta property=\"og:locale\" content=\"de_DE\" \/>\n<meta property=\"og:type\" content=\"article\" \/>\n<meta property=\"og:title\" content=\"Netzwerke - Dr. Schmidt-Wilke + Partner Steuerberatungsgesellschaft mbH\" \/>\n<meta property=\"og:description\" content=\"Wir bieten Ihnen steuerliche, betriebswirtschaftliche und rechtliche Beratung aus einer Hand. F\u00fcr spezielle Fragestellungen und praktische L\u00f6sungen profitieren wir von vielf\u00e4ltigen Kontakten zu Spezialisten: Notare, Rechtsanw\u00e4lte und Berater mit besonderer Fachkompetenz erweitern unser Team nach Bedarf. Dabei \u00a0bleiben wir Ihr Ansprechpartner \u2013 von Anfang an und bis zur Umsetzung der L\u00f6sung. Mitgliedschaften in Verb\u00e4nden und [&hellip;]\" \/>\n<meta property=\"og:url\" content=\"https:\/\/www.steuerpraxis.net\/de\/netzwerke\/\" \/>\n<meta property=\"og:site_name\" content=\"Dr. Schmidt-Wilke + Partner Steuerberatungsgesellschaft mbH\" \/>\n<meta property=\"article:modified_time\" content=\"2023-09-01T09:04:37+00:00\" \/>\n<meta property=\"og:image\" content=\"https:\/\/www.steuerpraxis.net\/wp-content\/uploads\/2015\/09\/globalexpertise_finalflat-991x1024.jpg\" \/>\n\t<meta property=\"og:image:width\" content=\"991\" \/>\n\t<meta property=\"og:image:height\" content=\"1024\" \/>\n\t<meta property=\"og:image:type\" content=\"image\/jpeg\" \/>\n<meta name=\"twitter:card\" content=\"summary_large_image\" \/>\n<meta name=\"twitter:label1\" content=\"Gesch\u00e4tzte Lesezeit\" \/>\n\t<meta name=\"twitter:data1\" content=\"3\u00a0Minuten\" \/>\n<script type=\"application\/ld+json\" class=\"yoast-schema-graph\">{\"@context\":\"https:\\\/\\\/schema.org\",\"@graph\":[{\"@type\":\"WebPage\",\"@id\":\"https:\\\/\\\/www.steuerpraxis.net\\\/de\\\/netzwerke\\\/\",\"url\":\"https:\\\/\\\/www.steuerpraxis.net\\\/de\\\/netzwerke\\\/\",\"name\":\"Netzwerke - Dr. Schmidt-Wilke + Partner Steuerberatungsgesellschaft mbH\",\"isPartOf\":{\"@id\":\"https:\\\/\\\/www.steuerpraxis.net\\\/de\\\/#website\"},\"primaryImageOfPage\":{\"@id\":\"https:\\\/\\\/www.steuerpraxis.net\\\/de\\\/netzwerke\\\/#primaryimage\"},\"image\":{\"@id\":\"https:\\\/\\\/www.steuerpraxis.net\\\/de\\\/netzwerke\\\/#primaryimage\"},\"thumbnailUrl\":\"https:\\\/\\\/www.steuerpraxis.net\\\/wp-content\\\/uploads\\\/2015\\\/09\\\/globalexpertise_finalflat.jpg\",\"datePublished\":\"2016-10-24T12:41:03+00:00\",\"dateModified\":\"2023-09-01T09:04:37+00:00\",\"breadcrumb\":{\"@id\":\"https:\\\/\\\/www.steuerpraxis.net\\\/de\\\/netzwerke\\\/#breadcrumb\"},\"inLanguage\":\"de\",\"potentialAction\":[{\"@type\":\"ReadAction\",\"target\":[\"https:\\\/\\\/www.steuerpraxis.net\\\/de\\\/netzwerke\\\/\"]}]},{\"@type\":\"ImageObject\",\"inLanguage\":\"de\",\"@id\":\"https:\\\/\\\/www.steuerpraxis.net\\\/de\\\/netzwerke\\\/#primaryimage\",\"url\":\"https:\\\/\\\/www.steuerpraxis.net\\\/wp-content\\\/uploads\\\/2015\\\/09\\\/globalexpertise_finalflat.jpg\",\"contentUrl\":\"https:\\\/\\\/www.steuerpraxis.net\\\/wp-content\\\/uploads\\\/2015\\\/09\\\/globalexpertise_finalflat.jpg\",\"width\":7087,\"height\":7323},{\"@type\":\"BreadcrumbList\",\"@id\":\"https:\\\/\\\/www.steuerpraxis.net\\\/de\\\/netzwerke\\\/#breadcrumb\",\"itemListElement\":[{\"@type\":\"ListItem\",\"position\":1,\"name\":\"Startseite\",\"item\":\"https:\\\/\\\/www.steuerpraxis.net\\\/de\\\/\"},{\"@type\":\"ListItem\",\"position\":2,\"name\":\"Netzwerke\"}]},{\"@type\":\"WebSite\",\"@id\":\"https:\\\/\\\/www.steuerpraxis.net\\\/de\\\/#website\",\"url\":\"https:\\\/\\\/www.steuerpraxis.net\\\/de\\\/\",\"name\":\"Dr. Schmidt-Wilke + Partner Steuerberatungsgesellschaft mbH\",\"description\":\"Magdeburg\",\"potentialAction\":[{\"@type\":\"SearchAction\",\"target\":{\"@type\":\"EntryPoint\",\"urlTemplate\":\"https:\\\/\\\/www.steuerpraxis.net\\\/de\\\/?s={search_term_string}\"},\"query-input\":{\"@type\":\"PropertyValueSpecification\",\"valueRequired\":true,\"valueName\":\"search_term_string\"}}],\"inLanguage\":\"de\"}]}<\/script>\n<!-- \/ Yoast SEO plugin. -->","yoast_head_json":{"title":"Netzwerke - Dr. Schmidt-Wilke + Partner Steuerberatungsgesellschaft mbH","robots":{"index":"index","follow":"follow","max-snippet":"max-snippet:-1","max-image-preview":"max-image-preview:large","max-video-preview":"max-video-preview:-1"},"canonical":"https:\/\/www.steuerpraxis.net\/de\/netzwerke\/","og_locale":"de_DE","og_type":"article","og_title":"Netzwerke - Dr. Schmidt-Wilke + Partner Steuerberatungsgesellschaft mbH","og_description":"Wir bieten Ihnen steuerliche, betriebswirtschaftliche und rechtliche Beratung aus einer Hand. F\u00fcr spezielle Fragestellungen und praktische L\u00f6sungen profitieren wir von vielf\u00e4ltigen Kontakten zu Spezialisten: Notare, Rechtsanw\u00e4lte und Berater mit besonderer Fachkompetenz erweitern unser Team nach Bedarf. Dabei \u00a0bleiben wir Ihr Ansprechpartner \u2013 von Anfang an und bis zur Umsetzung der L\u00f6sung. Mitgliedschaften in Verb\u00e4nden und [&hellip;]","og_url":"https:\/\/www.steuerpraxis.net\/de\/netzwerke\/","og_site_name":"Dr. Schmidt-Wilke + Partner Steuerberatungsgesellschaft mbH","article_modified_time":"2023-09-01T09:04:37+00:00","og_image":[{"width":991,"height":1024,"url":"https:\/\/www.steuerpraxis.net\/wp-content\/uploads\/2015\/09\/globalexpertise_finalflat-991x1024.jpg","type":"image\/jpeg"}],"twitter_card":"summary_large_image","twitter_misc":{"Gesch\u00e4tzte Lesezeit":"3\u00a0Minuten"},"schema":{"@context":"https:\/\/schema.org","@graph":[{"@type":"WebPage","@id":"https:\/\/www.steuerpraxis.net\/de\/netzwerke\/","url":"https:\/\/www.steuerpraxis.net\/de\/netzwerke\/","name":"Netzwerke - Dr. Schmidt-Wilke + Partner Steuerberatungsgesellschaft mbH","isPartOf":{"@id":"https:\/\/www.steuerpraxis.net\/de\/#website"},"primaryImageOfPage":{"@id":"https:\/\/www.steuerpraxis.net\/de\/netzwerke\/#primaryimage"},"image":{"@id":"https:\/\/www.steuerpraxis.net\/de\/netzwerke\/#primaryimage"},"thumbnailUrl":"https:\/\/www.steuerpraxis.net\/wp-content\/uploads\/2015\/09\/globalexpertise_finalflat.jpg","datePublished":"2016-10-24T12:41:03+00:00","dateModified":"2023-09-01T09:04:37+00:00","breadcrumb":{"@id":"https:\/\/www.steuerpraxis.net\/de\/netzwerke\/#breadcrumb"},"inLanguage":"de","potentialAction":[{"@type":"ReadAction","target":["https:\/\/www.steuerpraxis.net\/de\/netzwerke\/"]}]},{"@type":"ImageObject","inLanguage":"de","@id":"https:\/\/www.steuerpraxis.net\/de\/netzwerke\/#primaryimage","url":"https:\/\/www.steuerpraxis.net\/wp-content\/uploads\/2015\/09\/globalexpertise_finalflat.jpg","contentUrl":"https:\/\/www.steuerpraxis.net\/wp-content\/uploads\/2015\/09\/globalexpertise_finalflat.jpg","width":7087,"height":7323},{"@type":"BreadcrumbList","@id":"https:\/\/www.steuerpraxis.net\/de\/netzwerke\/#breadcrumb","itemListElement":[{"@type":"ListItem","position":1,"name":"Startseite","item":"https:\/\/www.steuerpraxis.net\/de\/"},{"@type":"ListItem","position":2,"name":"Netzwerke"}]},{"@type":"WebSite","@id":"https:\/\/www.steuerpraxis.net\/de\/#website","url":"https:\/\/www.steuerpraxis.net\/de\/","name":"Dr. Schmidt-Wilke + Partner Steuerberatungsgesellschaft mbH","description":"Magdeburg","potentialAction":[{"@type":"SearchAction","target":{"@type":"EntryPoint","urlTemplate":"https:\/\/www.steuerpraxis.net\/de\/?s={search_term_string}"},"query-input":{"@type":"PropertyValueSpecification","valueRequired":true,"valueName":"search_term_string"}}],"inLanguage":"de"}]}},"_links":{"self":[{"href":"https:\/\/www.steuerpraxis.net\/de\/wp-json\/wp\/v2\/pages\/106","targetHints":{"allow":["GET"]}}],"collection":[{"href":"https:\/\/www.steuerpraxis.net\/de\/wp-json\/wp\/v2\/pages"}],"about":[{"href":"https:\/\/www.steuerpraxis.net\/de\/wp-json\/wp\/v2\/types\/page"}],"author":[{"embeddable":true,"href":"https:\/\/www.steuerpraxis.net\/de\/wp-json\/wp\/v2\/users\/1"}],"replies":[{"embeddable":true,"href":"https:\/\/www.steuerpraxis.net\/de\/wp-json\/wp\/v2\/comments?post=106"}],"version-history":[{"count":15,"href":"https:\/\/www.steuerpraxis.net\/de\/wp-json\/wp\/v2\/pages\/106\/revisions"}],"predecessor-version":[{"id":4501,"href":"https:\/\/www.steuerpraxis.net\/de\/wp-json\/wp\/v2\/pages\/106\/revisions\/4501"}],"wp:featuredmedia":[{"embeddable":true,"href":"https:\/\/www.steuerpraxis.net\/de\/wp-json\/wp\/v2\/media\/166"}],"wp:attachment":[{"href":"https:\/\/www.steuerpraxis.net\/de\/wp-json\/wp\/v2\/media?parent=106"}],"curies":[{"name":"wp","href":"https:\/\/api.w.org\/{rel}","templated":true}]}}