{"id":110,"date":"2016-10-24T14:41:31","date_gmt":"2016-10-24T12:41:31","guid":{"rendered":"https:\/\/www.steuerpraxis.net\/?page_id=110"},"modified":"2022-03-16T17:38:55","modified_gmt":"2022-03-16T16:38:55","slug":"karriere","status":"publish","type":"page","link":"https:\/\/www.steuerpraxis.net\/de\/karriere\/","title":{"rendered":"Karriere"},"content":{"rendered":"\n<figure class=\"wp-block-video\"><video height=\"1080\" style=\"aspect-ratio: 1920 \/ 1080;\" width=\"1920\" autoplay controls muted src=\"https:\/\/www.steuerpraxis.net\/wp-content\/uploads\/2022\/03\/karriere.mp4\"><\/video><\/figure>\n\n\n<p>Wir sind eine erfahrende und dynamische Steuerberatungsgesellschaft<br \/>mit zahlreichen, interessanten nationalen und internationalen Mandanten. Zur Verst\u00e4rkung unseres Teams suchen wir eine\/n :<\/p>\n<h4>Steuerfachangestellte\/n und Steuerfachwirt\/in (w\/m\/d)<\/h4>\n<p>mit einschl\u00e4giger Berufserfahrung. Ihr Aufgabengebiet umfasst schwerpunktm\u00e4\u00dfig die Erstellung von Finanz- Lohnbuchhaltungen, Jahresabschl\u00fcssen und die dazugeh\u00f6rigen Steuererkl\u00e4rungen f\u00fcr klein- und mittelst\u00e4ndische Unternehmen verschiedener Rechtsformen.<\/p>\n<p>Sie sind motiviert und m\u00f6chten in einem modernen B\u00fcro mit gutem Arbeitsumfeld und abwechslungsreicher T\u00e4tigkeit arbeiten, dann bewerben Sie sich bei uns!<\/p>\n<p>Sie erwartet eine leistungsgerechte Verg\u00fctung, gute Sozialleistungen und flexible Arbeitszeiten.<\/p>\n<p>Ihre aussagekr\u00e4ftigen Bewerbungsunterlagen richten Sie, gern auch in elektronischer Form, an:<\/p>\n<p>Herrn Christian H\u00fcbner<\/p>\n<p>Dr. Schmidt-Wilke + Partner Steuerberatungsgesellschaft mbH<\/p>\n<p>Harnackstra\u00dfe 7 \u2022 39104 Magdeburg;<\/p>\n<p>Tel.: 0391 300 45 90 \u2022 E-Mail: c.huebner@steuerpraxis.net<\/p>","protected":false},"excerpt":{"rendered":"<p>Wir sind eine erfahrende und dynamische Steuerberatungsgesellschaftmit zahlreichen, interessanten nationalen und internationalen Mandanten. Zur Verst\u00e4rkung unseres Teams suchen wir eine\/n : Steuerfachangestellte\/n und Steuerfachwirt\/in (w\/m\/d) mit einschl\u00e4giger Berufserfahrung. Ihr Aufgabengebiet umfasst schwerpunktm\u00e4\u00dfig die Erstellung von Finanz- Lohnbuchhaltungen, Jahresabschl\u00fcssen und die dazugeh\u00f6rigen Steuererkl\u00e4rungen f\u00fcr klein- und mittelst\u00e4ndische Unternehmen verschiedener Rechtsformen. Sie sind motiviert und m\u00f6chten in [&hellip;]<\/p>\n","protected":false},"author":1,"featured_media":165,"parent":0,"menu_order":80,"comment_status":"closed","ping_status":"closed","template":"","meta":{"_acf_changed":false,"footnotes":""},"class_list":["post-110","page","type-page","status-publish","has-post-thumbnail","hentry"],"acf":[],"yoast_head":"<!-- This site is optimized with the Yoast SEO plugin v27.6 - https:\/\/yoast.com\/product\/yoast-seo-wordpress\/ -->\n<title>Karriere - Dr. Schmidt-Wilke + Partner Steuerberatungsgesellschaft mbH<\/title>\n<meta name=\"robots\" content=\"index, follow, max-snippet:-1, max-image-preview:large, max-video-preview:-1\" \/>\n<link rel=\"canonical\" href=\"https:\/\/www.steuerpraxis.net\/de\/karriere\/\" \/>\n<meta property=\"og:locale\" content=\"de_DE\" \/>\n<meta property=\"og:type\" content=\"article\" \/>\n<meta property=\"og:title\" content=\"Karriere - Dr. Schmidt-Wilke + Partner Steuerberatungsgesellschaft mbH\" \/>\n<meta property=\"og:description\" content=\"Wir sind eine erfahrende und dynamische Steuerberatungsgesellschaftmit zahlreichen, interessanten nationalen und internationalen Mandanten. Zur Verst\u00e4rkung unseres Teams suchen wir eine\/n : Steuerfachangestellte\/n und Steuerfachwirt\/in (w\/m\/d) mit einschl\u00e4giger Berufserfahrung. Ihr Aufgabengebiet umfasst schwerpunktm\u00e4\u00dfig die Erstellung von Finanz- Lohnbuchhaltungen, Jahresabschl\u00fcssen und die dazugeh\u00f6rigen Steuererkl\u00e4rungen f\u00fcr klein- und mittelst\u00e4ndische Unternehmen verschiedener Rechtsformen. Sie sind motiviert und m\u00f6chten in [&hellip;]\" \/>\n<meta property=\"og:url\" content=\"https:\/\/www.steuerpraxis.net\/de\/karriere\/\" \/>\n<meta property=\"og:site_name\" content=\"Dr. Schmidt-Wilke + Partner Steuerberatungsgesellschaft mbH\" \/>\n<meta property=\"article:modified_time\" content=\"2022-03-16T16:38:55+00:00\" \/>\n<meta property=\"og:image\" content=\"https:\/\/www.steuerpraxis.net\/wp-content\/uploads\/2015\/09\/entrepreneurial-spirit_flatlr-1024x991.jpg\" \/>\n\t<meta property=\"og:image:width\" content=\"1024\" \/>\n\t<meta property=\"og:image:height\" content=\"991\" \/>\n\t<meta property=\"og:image:type\" content=\"image\/jpeg\" \/>\n<meta name=\"twitter:card\" content=\"summary_large_image\" \/>\n<meta name=\"twitter:label1\" content=\"Gesch\u00e4tzte Lesezeit\" \/>\n\t<meta name=\"twitter:data1\" content=\"1\u00a0Minute\" \/>\n<script type=\"application\/ld+json\" class=\"yoast-schema-graph\">{\"@context\":\"https:\\\/\\\/schema.org\",\"@graph\":[{\"@type\":\"WebPage\",\"@id\":\"https:\\\/\\\/www.steuerpraxis.net\\\/de\\\/karriere\\\/\",\"url\":\"https:\\\/\\\/www.steuerpraxis.net\\\/de\\\/karriere\\\/\",\"name\":\"Karriere - Dr. Schmidt-Wilke + Partner Steuerberatungsgesellschaft mbH\",\"isPartOf\":{\"@id\":\"https:\\\/\\\/www.steuerpraxis.net\\\/de\\\/#website\"},\"primaryImageOfPage\":{\"@id\":\"https:\\\/\\\/www.steuerpraxis.net\\\/de\\\/karriere\\\/#primaryimage\"},\"image\":{\"@id\":\"https:\\\/\\\/www.steuerpraxis.net\\\/de\\\/karriere\\\/#primaryimage\"},\"thumbnailUrl\":\"https:\\\/\\\/www.steuerpraxis.net\\\/wp-content\\\/uploads\\\/2015\\\/09\\\/entrepreneurial-spirit_flatlr.jpg\",\"datePublished\":\"2016-10-24T12:41:31+00:00\",\"dateModified\":\"2022-03-16T16:38:55+00:00\",\"breadcrumb\":{\"@id\":\"https:\\\/\\\/www.steuerpraxis.net\\\/de\\\/karriere\\\/#breadcrumb\"},\"inLanguage\":\"de\",\"potentialAction\":[{\"@type\":\"ReadAction\",\"target\":[\"https:\\\/\\\/www.steuerpraxis.net\\\/de\\\/karriere\\\/\"]}]},{\"@type\":\"ImageObject\",\"inLanguage\":\"de\",\"@id\":\"https:\\\/\\\/www.steuerpraxis.net\\\/de\\\/karriere\\\/#primaryimage\",\"url\":\"https:\\\/\\\/www.steuerpraxis.net\\\/wp-content\\\/uploads\\\/2015\\\/09\\\/entrepreneurial-spirit_flatlr.jpg\",\"contentUrl\":\"https:\\\/\\\/www.steuerpraxis.net\\\/wp-content\\\/uploads\\\/2015\\\/09\\\/entrepreneurial-spirit_flatlr.jpg\",\"width\":7323,\"height\":7087},{\"@type\":\"BreadcrumbList\",\"@id\":\"https:\\\/\\\/www.steuerpraxis.net\\\/de\\\/karriere\\\/#breadcrumb\",\"itemListElement\":[{\"@type\":\"ListItem\",\"position\":1,\"name\":\"Startseite\",\"item\":\"https:\\\/\\\/www.steuerpraxis.net\\\/de\\\/\"},{\"@type\":\"ListItem\",\"position\":2,\"name\":\"Karriere\"}]},{\"@type\":\"WebSite\",\"@id\":\"https:\\\/\\\/www.steuerpraxis.net\\\/de\\\/#website\",\"url\":\"https:\\\/\\\/www.steuerpraxis.net\\\/de\\\/\",\"name\":\"Dr. Schmidt-Wilke + Partner Steuerberatungsgesellschaft mbH\",\"description\":\"Magdeburg\",\"potentialAction\":[{\"@type\":\"SearchAction\",\"target\":{\"@type\":\"EntryPoint\",\"urlTemplate\":\"https:\\\/\\\/www.steuerpraxis.net\\\/de\\\/?s={search_term_string}\"},\"query-input\":{\"@type\":\"PropertyValueSpecification\",\"valueRequired\":true,\"valueName\":\"search_term_string\"}}],\"inLanguage\":\"de\"}]}<\/script>\n<!-- \/ Yoast SEO plugin. -->","yoast_head_json":{"title":"Karriere - Dr. Schmidt-Wilke + Partner Steuerberatungsgesellschaft mbH","robots":{"index":"index","follow":"follow","max-snippet":"max-snippet:-1","max-image-preview":"max-image-preview:large","max-video-preview":"max-video-preview:-1"},"canonical":"https:\/\/www.steuerpraxis.net\/de\/karriere\/","og_locale":"de_DE","og_type":"article","og_title":"Karriere - Dr. Schmidt-Wilke + Partner Steuerberatungsgesellschaft mbH","og_description":"Wir sind eine erfahrende und dynamische Steuerberatungsgesellschaftmit zahlreichen, interessanten nationalen und internationalen Mandanten. Zur Verst\u00e4rkung unseres Teams suchen wir eine\/n : Steuerfachangestellte\/n und Steuerfachwirt\/in (w\/m\/d) mit einschl\u00e4giger Berufserfahrung. Ihr Aufgabengebiet umfasst schwerpunktm\u00e4\u00dfig die Erstellung von Finanz- Lohnbuchhaltungen, Jahresabschl\u00fcssen und die dazugeh\u00f6rigen Steuererkl\u00e4rungen f\u00fcr klein- und mittelst\u00e4ndische Unternehmen verschiedener Rechtsformen. Sie sind motiviert und m\u00f6chten in [&hellip;]","og_url":"https:\/\/www.steuerpraxis.net\/de\/karriere\/","og_site_name":"Dr. Schmidt-Wilke + Partner Steuerberatungsgesellschaft mbH","article_modified_time":"2022-03-16T16:38:55+00:00","og_image":[{"width":1024,"height":991,"url":"https:\/\/www.steuerpraxis.net\/wp-content\/uploads\/2015\/09\/entrepreneurial-spirit_flatlr-1024x991.jpg","type":"image\/jpeg"}],"twitter_card":"summary_large_image","twitter_misc":{"Gesch\u00e4tzte Lesezeit":"1\u00a0Minute"},"schema":{"@context":"https:\/\/schema.org","@graph":[{"@type":"WebPage","@id":"https:\/\/www.steuerpraxis.net\/de\/karriere\/","url":"https:\/\/www.steuerpraxis.net\/de\/karriere\/","name":"Karriere - Dr. Schmidt-Wilke + Partner Steuerberatungsgesellschaft mbH","isPartOf":{"@id":"https:\/\/www.steuerpraxis.net\/de\/#website"},"primaryImageOfPage":{"@id":"https:\/\/www.steuerpraxis.net\/de\/karriere\/#primaryimage"},"image":{"@id":"https:\/\/www.steuerpraxis.net\/de\/karriere\/#primaryimage"},"thumbnailUrl":"https:\/\/www.steuerpraxis.net\/wp-content\/uploads\/2015\/09\/entrepreneurial-spirit_flatlr.jpg","datePublished":"2016-10-24T12:41:31+00:00","dateModified":"2022-03-16T16:38:55+00:00","breadcrumb":{"@id":"https:\/\/www.steuerpraxis.net\/de\/karriere\/#breadcrumb"},"inLanguage":"de","potentialAction":[{"@type":"ReadAction","target":["https:\/\/www.steuerpraxis.net\/de\/karriere\/"]}]},{"@type":"ImageObject","inLanguage":"de","@id":"https:\/\/www.steuerpraxis.net\/de\/karriere\/#primaryimage","url":"https:\/\/www.steuerpraxis.net\/wp-content\/uploads\/2015\/09\/entrepreneurial-spirit_flatlr.jpg","contentUrl":"https:\/\/www.steuerpraxis.net\/wp-content\/uploads\/2015\/09\/entrepreneurial-spirit_flatlr.jpg","width":7323,"height":7087},{"@type":"BreadcrumbList","@id":"https:\/\/www.steuerpraxis.net\/de\/karriere\/#breadcrumb","itemListElement":[{"@type":"ListItem","position":1,"name":"Startseite","item":"https:\/\/www.steuerpraxis.net\/de\/"},{"@type":"ListItem","position":2,"name":"Karriere"}]},{"@type":"WebSite","@id":"https:\/\/www.steuerpraxis.net\/de\/#website","url":"https:\/\/www.steuerpraxis.net\/de\/","name":"Dr. Schmidt-Wilke + Partner Steuerberatungsgesellschaft mbH","description":"Magdeburg","potentialAction":[{"@type":"SearchAction","target":{"@type":"EntryPoint","urlTemplate":"https:\/\/www.steuerpraxis.net\/de\/?s={search_term_string}"},"query-input":{"@type":"PropertyValueSpecification","valueRequired":true,"valueName":"search_term_string"}}],"inLanguage":"de"}]}},"_links":{"self":[{"href":"https:\/\/www.steuerpraxis.net\/de\/wp-json\/wp\/v2\/pages\/110","targetHints":{"allow":["GET"]}}],"collection":[{"href":"https:\/\/www.steuerpraxis.net\/de\/wp-json\/wp\/v2\/pages"}],"about":[{"href":"https:\/\/www.steuerpraxis.net\/de\/wp-json\/wp\/v2\/types\/page"}],"author":[{"embeddable":true,"href":"https:\/\/www.steuerpraxis.net\/de\/wp-json\/wp\/v2\/users\/1"}],"replies":[{"embeddable":true,"href":"https:\/\/www.steuerpraxis.net\/de\/wp-json\/wp\/v2\/comments?post=110"}],"version-history":[{"count":9,"href":"https:\/\/www.steuerpraxis.net\/de\/wp-json\/wp\/v2\/pages\/110\/revisions"}],"predecessor-version":[{"id":4320,"href":"https:\/\/www.steuerpraxis.net\/de\/wp-json\/wp\/v2\/pages\/110\/revisions\/4320"}],"wp:featuredmedia":[{"embeddable":true,"href":"https:\/\/www.steuerpraxis.net\/de\/wp-json\/wp\/v2\/media\/165"}],"wp:attachment":[{"href":"https:\/\/www.steuerpraxis.net\/de\/wp-json\/wp\/v2\/media?parent=110"}],"curies":[{"name":"wp","href":"https:\/\/api.w.org\/{rel}","templated":true}]}}