{"id":129,"date":"2016-10-24T17:08:20","date_gmt":"2016-10-24T15:08:20","guid":{"rendered":"https:\/\/www.steuerpraxis.net\/?page_id=129"},"modified":"2016-12-05T15:16:29","modified_gmt":"2016-12-05T14:16:29","slug":"rechtsberatung","status":"publish","type":"page","link":"https:\/\/www.steuerpraxis.net\/de\/leistungen\/rechtsberatung\/","title":{"rendered":"Rechtsberatung"},"content":{"rendered":"<p>In unserer Funktion als Steuerberater beraten wir Sie fachspezifisch und umfassend im Rahmen des Rechtsdienstleistungsgesetzes (RDG). Insbesondere unterst\u00fctzen wir Sie bei folgenden Aufgaben:<\/p>\n<ul>\n<li>\u00dcberpr\u00fcfung von Vertragsentw\u00fcrfen und Gesellschafterbeschl\u00fcssen unter steuerlichen und betriebswirtschaftlichen Aspekten, zum Beispiel f\u00fcr:<br \/>\n&#8211; Gesellschaftsvertr\u00e4ge<br \/>\n&#8211; Gesch\u00e4ftsf\u00fchreranstellungsvertr\u00e4ge<br \/>\n&#8211; Pensionszusagen<br \/>\n&#8211; Unternehmenskaufvertr\u00e4ge<br \/>\n&#8211; Vertr\u00e4ge zum Rechtsformwechsel<br \/>\n&#8211; Vertr\u00e4ge zur vorweggenommenen Erbfolge<br \/>\n&#8211; Immobilienvertr\u00e4ge<\/li>\n<li>Beratung bei rechtlichen Fragen zu Schenkungen und Erbfolgen<\/li>\n<li>Ber\u00fccksichtigung rechtlicher Aspekte bei allen steuerlichen und betriebswirtschaftlichen Gestaltungen<\/li>\n<\/ul>\n","protected":false},"excerpt":{"rendered":"<p>In unserer Funktion als Steuerberater beraten wir Sie fachspezifisch und umfassend im Rahmen des Rechtsdienstleistungsgesetzes (RDG). Insbesondere unterst\u00fctzen wir Sie bei folgenden Aufgaben: \u00dcberpr\u00fcfung von Vertragsentw\u00fcrfen und Gesellschafterbeschl\u00fcssen unter steuerlichen und betriebswirtschaftlichen Aspekten, zum Beispiel f\u00fcr: &#8211; Gesellschaftsvertr\u00e4ge &#8211; Gesch\u00e4ftsf\u00fchreranstellungsvertr\u00e4ge &#8211; Pensionszusagen &#8211; Unternehmenskaufvertr\u00e4ge &#8211; Vertr\u00e4ge zum Rechtsformwechsel &#8211; Vertr\u00e4ge zur vorweggenommenen Erbfolge &#8211; Immobilienvertr\u00e4ge [&hellip;]<\/p>\n","protected":false},"author":1,"featured_media":169,"parent":98,"menu_order":3,"comment_status":"closed","ping_status":"closed","template":"","meta":{"_acf_changed":false,"footnotes":""},"class_list":["post-129","page","type-page","status-publish","has-post-thumbnail","hentry"],"acf":[],"yoast_head":"<!-- This site is optimized with the Yoast SEO plugin v27.3 - https:\/\/yoast.com\/product\/yoast-seo-wordpress\/ -->\n<title>Rechtsberatung - Dr. Schmidt-Wilke + Partner Steuerberatungsgesellschaft mbH<\/title>\n<meta name=\"robots\" content=\"index, follow, max-snippet:-1, max-image-preview:large, max-video-preview:-1\" \/>\n<link rel=\"canonical\" href=\"https:\/\/www.steuerpraxis.net\/de\/leistungen\/rechtsberatung\/\" \/>\n<meta property=\"og:locale\" content=\"de_DE\" \/>\n<meta property=\"og:type\" content=\"article\" \/>\n<meta property=\"og:title\" content=\"Rechtsberatung - Dr. Schmidt-Wilke + Partner Steuerberatungsgesellschaft mbH\" \/>\n<meta property=\"og:description\" content=\"In unserer Funktion als Steuerberater beraten wir Sie fachspezifisch und umfassend im Rahmen des Rechtsdienstleistungsgesetzes (RDG). Insbesondere unterst\u00fctzen wir Sie bei folgenden Aufgaben: \u00dcberpr\u00fcfung von Vertragsentw\u00fcrfen und Gesellschafterbeschl\u00fcssen unter steuerlichen und betriebswirtschaftlichen Aspekten, zum Beispiel f\u00fcr: &#8211; Gesellschaftsvertr\u00e4ge &#8211; Gesch\u00e4ftsf\u00fchreranstellungsvertr\u00e4ge &#8211; Pensionszusagen &#8211; Unternehmenskaufvertr\u00e4ge &#8211; Vertr\u00e4ge zum Rechtsformwechsel &#8211; Vertr\u00e4ge zur vorweggenommenen Erbfolge &#8211; Immobilienvertr\u00e4ge [&hellip;]\" \/>\n<meta property=\"og:url\" content=\"https:\/\/www.steuerpraxis.net\/de\/leistungen\/rechtsberatung\/\" \/>\n<meta property=\"og:site_name\" content=\"Dr. Schmidt-Wilke + Partner Steuerberatungsgesellschaft mbH\" \/>\n<meta property=\"article:modified_time\" content=\"2016-12-05T14:16:29+00:00\" \/>\n<meta property=\"og:image\" content=\"https:\/\/www.steuerpraxis.net\/wp-content\/uploads\/2015\/09\/personal-touch_finalflat-991x1024.jpg\" \/>\n\t<meta property=\"og:image:width\" content=\"991\" \/>\n\t<meta property=\"og:image:height\" content=\"1024\" \/>\n\t<meta property=\"og:image:type\" content=\"image\/jpeg\" \/>\n<meta name=\"twitter:card\" content=\"summary_large_image\" \/>\n<script type=\"application\/ld+json\" class=\"yoast-schema-graph\">{\"@context\":\"https:\\\/\\\/schema.org\",\"@graph\":[{\"@type\":\"WebPage\",\"@id\":\"https:\\\/\\\/www.steuerpraxis.net\\\/de\\\/leistungen\\\/rechtsberatung\\\/\",\"url\":\"https:\\\/\\\/www.steuerpraxis.net\\\/de\\\/leistungen\\\/rechtsberatung\\\/\",\"name\":\"Rechtsberatung - Dr. Schmidt-Wilke + Partner Steuerberatungsgesellschaft mbH\",\"isPartOf\":{\"@id\":\"https:\\\/\\\/www.steuerpraxis.net\\\/de\\\/#website\"},\"primaryImageOfPage\":{\"@id\":\"https:\\\/\\\/www.steuerpraxis.net\\\/de\\\/leistungen\\\/rechtsberatung\\\/#primaryimage\"},\"image\":{\"@id\":\"https:\\\/\\\/www.steuerpraxis.net\\\/de\\\/leistungen\\\/rechtsberatung\\\/#primaryimage\"},\"thumbnailUrl\":\"https:\\\/\\\/www.steuerpraxis.net\\\/wp-content\\\/uploads\\\/2015\\\/09\\\/personal-touch_finalflat.jpg\",\"datePublished\":\"2016-10-24T15:08:20+00:00\",\"dateModified\":\"2016-12-05T14:16:29+00:00\",\"breadcrumb\":{\"@id\":\"https:\\\/\\\/www.steuerpraxis.net\\\/de\\\/leistungen\\\/rechtsberatung\\\/#breadcrumb\"},\"inLanguage\":\"de\",\"potentialAction\":[{\"@type\":\"ReadAction\",\"target\":[\"https:\\\/\\\/www.steuerpraxis.net\\\/de\\\/leistungen\\\/rechtsberatung\\\/\"]}]},{\"@type\":\"ImageObject\",\"inLanguage\":\"de\",\"@id\":\"https:\\\/\\\/www.steuerpraxis.net\\\/de\\\/leistungen\\\/rechtsberatung\\\/#primaryimage\",\"url\":\"https:\\\/\\\/www.steuerpraxis.net\\\/wp-content\\\/uploads\\\/2015\\\/09\\\/personal-touch_finalflat.jpg\",\"contentUrl\":\"https:\\\/\\\/www.steuerpraxis.net\\\/wp-content\\\/uploads\\\/2015\\\/09\\\/personal-touch_finalflat.jpg\",\"width\":7087,\"height\":7323},{\"@type\":\"BreadcrumbList\",\"@id\":\"https:\\\/\\\/www.steuerpraxis.net\\\/de\\\/leistungen\\\/rechtsberatung\\\/#breadcrumb\",\"itemListElement\":[{\"@type\":\"ListItem\",\"position\":1,\"name\":\"Startseite\",\"item\":\"https:\\\/\\\/www.steuerpraxis.net\\\/de\\\/\"},{\"@type\":\"ListItem\",\"position\":2,\"name\":\"Leistungen\",\"item\":\"https:\\\/\\\/www.steuerpraxis.net\\\/de\\\/leistungen\\\/\"},{\"@type\":\"ListItem\",\"position\":3,\"name\":\"Rechtsberatung\"}]},{\"@type\":\"WebSite\",\"@id\":\"https:\\\/\\\/www.steuerpraxis.net\\\/de\\\/#website\",\"url\":\"https:\\\/\\\/www.steuerpraxis.net\\\/de\\\/\",\"name\":\"Dr. Schmidt-Wilke + Partner Steuerberatungsgesellschaft mbH\",\"description\":\"Magdeburg\",\"potentialAction\":[{\"@type\":\"SearchAction\",\"target\":{\"@type\":\"EntryPoint\",\"urlTemplate\":\"https:\\\/\\\/www.steuerpraxis.net\\\/de\\\/?s={search_term_string}\"},\"query-input\":{\"@type\":\"PropertyValueSpecification\",\"valueRequired\":true,\"valueName\":\"search_term_string\"}}],\"inLanguage\":\"de\"}]}<\/script>\n<!-- \/ Yoast SEO plugin. -->","yoast_head_json":{"title":"Rechtsberatung - Dr. Schmidt-Wilke + Partner Steuerberatungsgesellschaft mbH","robots":{"index":"index","follow":"follow","max-snippet":"max-snippet:-1","max-image-preview":"max-image-preview:large","max-video-preview":"max-video-preview:-1"},"canonical":"https:\/\/www.steuerpraxis.net\/de\/leistungen\/rechtsberatung\/","og_locale":"de_DE","og_type":"article","og_title":"Rechtsberatung - Dr. Schmidt-Wilke + Partner Steuerberatungsgesellschaft mbH","og_description":"In unserer Funktion als Steuerberater beraten wir Sie fachspezifisch und umfassend im Rahmen des Rechtsdienstleistungsgesetzes (RDG). Insbesondere unterst\u00fctzen wir Sie bei folgenden Aufgaben: \u00dcberpr\u00fcfung von Vertragsentw\u00fcrfen und Gesellschafterbeschl\u00fcssen unter steuerlichen und betriebswirtschaftlichen Aspekten, zum Beispiel f\u00fcr: &#8211; Gesellschaftsvertr\u00e4ge &#8211; Gesch\u00e4ftsf\u00fchreranstellungsvertr\u00e4ge &#8211; Pensionszusagen &#8211; Unternehmenskaufvertr\u00e4ge &#8211; Vertr\u00e4ge zum Rechtsformwechsel &#8211; Vertr\u00e4ge zur vorweggenommenen Erbfolge &#8211; Immobilienvertr\u00e4ge [&hellip;]","og_url":"https:\/\/www.steuerpraxis.net\/de\/leistungen\/rechtsberatung\/","og_site_name":"Dr. Schmidt-Wilke + Partner Steuerberatungsgesellschaft mbH","article_modified_time":"2016-12-05T14:16:29+00:00","og_image":[{"width":991,"height":1024,"url":"https:\/\/www.steuerpraxis.net\/wp-content\/uploads\/2015\/09\/personal-touch_finalflat-991x1024.jpg","type":"image\/jpeg"}],"twitter_card":"summary_large_image","schema":{"@context":"https:\/\/schema.org","@graph":[{"@type":"WebPage","@id":"https:\/\/www.steuerpraxis.net\/de\/leistungen\/rechtsberatung\/","url":"https:\/\/www.steuerpraxis.net\/de\/leistungen\/rechtsberatung\/","name":"Rechtsberatung - Dr. Schmidt-Wilke + Partner Steuerberatungsgesellschaft mbH","isPartOf":{"@id":"https:\/\/www.steuerpraxis.net\/de\/#website"},"primaryImageOfPage":{"@id":"https:\/\/www.steuerpraxis.net\/de\/leistungen\/rechtsberatung\/#primaryimage"},"image":{"@id":"https:\/\/www.steuerpraxis.net\/de\/leistungen\/rechtsberatung\/#primaryimage"},"thumbnailUrl":"https:\/\/www.steuerpraxis.net\/wp-content\/uploads\/2015\/09\/personal-touch_finalflat.jpg","datePublished":"2016-10-24T15:08:20+00:00","dateModified":"2016-12-05T14:16:29+00:00","breadcrumb":{"@id":"https:\/\/www.steuerpraxis.net\/de\/leistungen\/rechtsberatung\/#breadcrumb"},"inLanguage":"de","potentialAction":[{"@type":"ReadAction","target":["https:\/\/www.steuerpraxis.net\/de\/leistungen\/rechtsberatung\/"]}]},{"@type":"ImageObject","inLanguage":"de","@id":"https:\/\/www.steuerpraxis.net\/de\/leistungen\/rechtsberatung\/#primaryimage","url":"https:\/\/www.steuerpraxis.net\/wp-content\/uploads\/2015\/09\/personal-touch_finalflat.jpg","contentUrl":"https:\/\/www.steuerpraxis.net\/wp-content\/uploads\/2015\/09\/personal-touch_finalflat.jpg","width":7087,"height":7323},{"@type":"BreadcrumbList","@id":"https:\/\/www.steuerpraxis.net\/de\/leistungen\/rechtsberatung\/#breadcrumb","itemListElement":[{"@type":"ListItem","position":1,"name":"Startseite","item":"https:\/\/www.steuerpraxis.net\/de\/"},{"@type":"ListItem","position":2,"name":"Leistungen","item":"https:\/\/www.steuerpraxis.net\/de\/leistungen\/"},{"@type":"ListItem","position":3,"name":"Rechtsberatung"}]},{"@type":"WebSite","@id":"https:\/\/www.steuerpraxis.net\/de\/#website","url":"https:\/\/www.steuerpraxis.net\/de\/","name":"Dr. Schmidt-Wilke + Partner Steuerberatungsgesellschaft mbH","description":"Magdeburg","potentialAction":[{"@type":"SearchAction","target":{"@type":"EntryPoint","urlTemplate":"https:\/\/www.steuerpraxis.net\/de\/?s={search_term_string}"},"query-input":{"@type":"PropertyValueSpecification","valueRequired":true,"valueName":"search_term_string"}}],"inLanguage":"de"}]}},"_links":{"self":[{"href":"https:\/\/www.steuerpraxis.net\/de\/wp-json\/wp\/v2\/pages\/129","targetHints":{"allow":["GET"]}}],"collection":[{"href":"https:\/\/www.steuerpraxis.net\/de\/wp-json\/wp\/v2\/pages"}],"about":[{"href":"https:\/\/www.steuerpraxis.net\/de\/wp-json\/wp\/v2\/types\/page"}],"author":[{"embeddable":true,"href":"https:\/\/www.steuerpraxis.net\/de\/wp-json\/wp\/v2\/users\/1"}],"replies":[{"embeddable":true,"href":"https:\/\/www.steuerpraxis.net\/de\/wp-json\/wp\/v2\/comments?post=129"}],"version-history":[{"count":5,"href":"https:\/\/www.steuerpraxis.net\/de\/wp-json\/wp\/v2\/pages\/129\/revisions"}],"predecessor-version":[{"id":1296,"href":"https:\/\/www.steuerpraxis.net\/de\/wp-json\/wp\/v2\/pages\/129\/revisions\/1296"}],"up":[{"embeddable":true,"href":"https:\/\/www.steuerpraxis.net\/de\/wp-json\/wp\/v2\/pages\/98"}],"wp:featuredmedia":[{"embeddable":true,"href":"https:\/\/www.steuerpraxis.net\/de\/wp-json\/wp\/v2\/media\/169"}],"wp:attachment":[{"href":"https:\/\/www.steuerpraxis.net\/de\/wp-json\/wp\/v2\/media?parent=129"}],"curies":[{"name":"wp","href":"https:\/\/api.w.org\/{rel}","templated":true}]}}