{"id":131,"date":"2016-10-24T17:08:32","date_gmt":"2016-10-24T15:08:32","guid":{"rendered":"https:\/\/www.steuerpraxis.net\/?page_id=131"},"modified":"2016-12-05T15:19:14","modified_gmt":"2016-12-05T14:19:14","slug":"kooperation-wirtschaftspruefungen","status":"publish","type":"page","link":"https:\/\/www.steuerpraxis.net\/de\/leistungen\/kooperation-wirtschaftspruefungen\/","title":{"rendered":"Kooperation Wirtschaftspr\u00fcfungen"},"content":{"rendered":"<p>Pr\u00fcfung bedeutet nicht nur, ein Urteil \u00fcber gepr\u00fcfte Sachverhalte abzugeben, sondern auch, konkrete Vorschl\u00e4ge f\u00fcr Verbesserungen in Organisation und Prozessabl\u00e4ufen zu unterbreiten. Auf dem Gebiet der Wirtschaftspr\u00fcfung arbeiten wir mit Dr. Schmidt \u2013 Wilke + Partner Steuerberater und Wirtschaftspr\u00fcfer Hannover als rechtlich selbst\u00e4ndiges Unternehmen seit Jahren zusammen. Durch diese Zusammenarbeit bieten wir unseren Mandanten einen kompetenten und unabh\u00e4ngigen Ansprechpartner auf dem Gebiet der Wirtschaftspr\u00fcfung an.<\/p>\n<p>Dr. Schmidt \u2013 Wilke + Partner Steuerberater und Wirtschaftspr\u00fcfer Hannover ist berechtigt, gesetzlich vorgesehene Abschlusspr\u00fcfungen vorzunehmen, wie:<\/p>\n<ul>\n<li>Jahres- und Konzernabschlusspr\u00fcfungen nach HGB und AktG<\/li>\n<li>Umwandlungspr\u00fcfungen<\/li>\n<li>Kapitalerh\u00f6hungssonderpr\u00fcfungen<\/li>\n<\/ul>\n<p>Selbstverst\u00e4ndlich bieten Dr. Schmidt \u2013 Wilke + Partner Steuerberater und Wirtschaftspr\u00fcfer Hannover dar\u00fcber hinaus auch freiwillige Pr\u00fcfungen oder eine pr\u00fcferische Durchsicht Ihres Abschlusses an.<\/p>\n<p>Dazu geh\u00f6ren auch:<\/p>\n<ul>\n<li>Sonderpr\u00fcfungen nach \u00a7 53 HGrG<\/li>\n<li>Pr\u00fcfungen nach MaBV<\/li>\n<li>\u00dcberschuldungs- und Zahlungsf\u00e4higkeitspr\u00fcfungen<\/li>\n<li>Pr\u00fcfung von Sanierungskonzepten<\/li>\n<li>\u00dcberpr\u00fcfung des internen Kontrollsystems<\/li>\n<li>Due-Diligence-Pr\u00fcfung zur Kaufpreisfindung und zur Risikominimierung<\/li>\n<\/ul>\n","protected":false},"excerpt":{"rendered":"<p>Pr\u00fcfung bedeutet nicht nur, ein Urteil \u00fcber gepr\u00fcfte Sachverhalte abzugeben, sondern auch, konkrete Vorschl\u00e4ge f\u00fcr Verbesserungen in Organisation und Prozessabl\u00e4ufen zu unterbreiten. Auf dem Gebiet der Wirtschaftspr\u00fcfung arbeiten wir mit Dr. Schmidt \u2013 Wilke + Partner Steuerberater und Wirtschaftspr\u00fcfer Hannover als rechtlich selbst\u00e4ndiges Unternehmen seit Jahren zusammen. Durch diese Zusammenarbeit bieten wir unseren Mandanten einen [&hellip;]<\/p>\n","protected":false},"author":1,"featured_media":169,"parent":98,"menu_order":4,"comment_status":"closed","ping_status":"closed","template":"","meta":{"_acf_changed":false,"footnotes":""},"class_list":["post-131","page","type-page","status-publish","has-post-thumbnail","hentry"],"acf":[],"yoast_head":"<!-- This site is optimized with the Yoast SEO plugin v27.6 - https:\/\/yoast.com\/product\/yoast-seo-wordpress\/ -->\n<title>Kooperation Wirtschaftspr\u00fcfungen - Dr. Schmidt-Wilke + Partner Steuerberatungsgesellschaft mbH<\/title>\n<meta name=\"robots\" content=\"index, follow, max-snippet:-1, max-image-preview:large, max-video-preview:-1\" \/>\n<link rel=\"canonical\" href=\"https:\/\/www.steuerpraxis.net\/de\/leistungen\/kooperation-wirtschaftspruefungen\/\" \/>\n<meta property=\"og:locale\" content=\"de_DE\" \/>\n<meta property=\"og:type\" content=\"article\" \/>\n<meta property=\"og:title\" content=\"Kooperation Wirtschaftspr\u00fcfungen - Dr. Schmidt-Wilke + Partner Steuerberatungsgesellschaft mbH\" \/>\n<meta property=\"og:description\" content=\"Pr\u00fcfung bedeutet nicht nur, ein Urteil \u00fcber gepr\u00fcfte Sachverhalte abzugeben, sondern auch, konkrete Vorschl\u00e4ge f\u00fcr Verbesserungen in Organisation und Prozessabl\u00e4ufen zu unterbreiten. Auf dem Gebiet der Wirtschaftspr\u00fcfung arbeiten wir mit Dr. Schmidt \u2013 Wilke + Partner Steuerberater und Wirtschaftspr\u00fcfer Hannover als rechtlich selbst\u00e4ndiges Unternehmen seit Jahren zusammen. Durch diese Zusammenarbeit bieten wir unseren Mandanten einen [&hellip;]\" \/>\n<meta property=\"og:url\" content=\"https:\/\/www.steuerpraxis.net\/de\/leistungen\/kooperation-wirtschaftspruefungen\/\" \/>\n<meta property=\"og:site_name\" content=\"Dr. Schmidt-Wilke + Partner Steuerberatungsgesellschaft mbH\" \/>\n<meta property=\"article:modified_time\" content=\"2016-12-05T14:19:14+00:00\" \/>\n<meta property=\"og:image\" content=\"https:\/\/www.steuerpraxis.net\/wp-content\/uploads\/2015\/09\/personal-touch_finalflat-991x1024.jpg\" \/>\n\t<meta property=\"og:image:width\" content=\"991\" \/>\n\t<meta property=\"og:image:height\" content=\"1024\" \/>\n\t<meta property=\"og:image:type\" content=\"image\/jpeg\" \/>\n<meta name=\"twitter:card\" content=\"summary_large_image\" \/>\n<meta name=\"twitter:label1\" content=\"Gesch\u00e4tzte Lesezeit\" \/>\n\t<meta name=\"twitter:data1\" content=\"1\u00a0Minute\" \/>\n<script type=\"application\/ld+json\" class=\"yoast-schema-graph\">{\"@context\":\"https:\\\/\\\/schema.org\",\"@graph\":[{\"@type\":\"WebPage\",\"@id\":\"https:\\\/\\\/www.steuerpraxis.net\\\/de\\\/leistungen\\\/kooperation-wirtschaftspruefungen\\\/\",\"url\":\"https:\\\/\\\/www.steuerpraxis.net\\\/de\\\/leistungen\\\/kooperation-wirtschaftspruefungen\\\/\",\"name\":\"Kooperation Wirtschaftspr\u00fcfungen - Dr. Schmidt-Wilke + Partner Steuerberatungsgesellschaft mbH\",\"isPartOf\":{\"@id\":\"https:\\\/\\\/www.steuerpraxis.net\\\/de\\\/#website\"},\"primaryImageOfPage\":{\"@id\":\"https:\\\/\\\/www.steuerpraxis.net\\\/de\\\/leistungen\\\/kooperation-wirtschaftspruefungen\\\/#primaryimage\"},\"image\":{\"@id\":\"https:\\\/\\\/www.steuerpraxis.net\\\/de\\\/leistungen\\\/kooperation-wirtschaftspruefungen\\\/#primaryimage\"},\"thumbnailUrl\":\"https:\\\/\\\/www.steuerpraxis.net\\\/wp-content\\\/uploads\\\/2015\\\/09\\\/personal-touch_finalflat.jpg\",\"datePublished\":\"2016-10-24T15:08:32+00:00\",\"dateModified\":\"2016-12-05T14:19:14+00:00\",\"breadcrumb\":{\"@id\":\"https:\\\/\\\/www.steuerpraxis.net\\\/de\\\/leistungen\\\/kooperation-wirtschaftspruefungen\\\/#breadcrumb\"},\"inLanguage\":\"de\",\"potentialAction\":[{\"@type\":\"ReadAction\",\"target\":[\"https:\\\/\\\/www.steuerpraxis.net\\\/de\\\/leistungen\\\/kooperation-wirtschaftspruefungen\\\/\"]}]},{\"@type\":\"ImageObject\",\"inLanguage\":\"de\",\"@id\":\"https:\\\/\\\/www.steuerpraxis.net\\\/de\\\/leistungen\\\/kooperation-wirtschaftspruefungen\\\/#primaryimage\",\"url\":\"https:\\\/\\\/www.steuerpraxis.net\\\/wp-content\\\/uploads\\\/2015\\\/09\\\/personal-touch_finalflat.jpg\",\"contentUrl\":\"https:\\\/\\\/www.steuerpraxis.net\\\/wp-content\\\/uploads\\\/2015\\\/09\\\/personal-touch_finalflat.jpg\",\"width\":7087,\"height\":7323},{\"@type\":\"BreadcrumbList\",\"@id\":\"https:\\\/\\\/www.steuerpraxis.net\\\/de\\\/leistungen\\\/kooperation-wirtschaftspruefungen\\\/#breadcrumb\",\"itemListElement\":[{\"@type\":\"ListItem\",\"position\":1,\"name\":\"Startseite\",\"item\":\"https:\\\/\\\/www.steuerpraxis.net\\\/de\\\/\"},{\"@type\":\"ListItem\",\"position\":2,\"name\":\"Leistungen\",\"item\":\"https:\\\/\\\/www.steuerpraxis.net\\\/de\\\/leistungen\\\/\"},{\"@type\":\"ListItem\",\"position\":3,\"name\":\"Kooperation Wirtschaftspr\u00fcfungen\"}]},{\"@type\":\"WebSite\",\"@id\":\"https:\\\/\\\/www.steuerpraxis.net\\\/de\\\/#website\",\"url\":\"https:\\\/\\\/www.steuerpraxis.net\\\/de\\\/\",\"name\":\"Dr. Schmidt-Wilke + Partner Steuerberatungsgesellschaft mbH\",\"description\":\"Magdeburg\",\"potentialAction\":[{\"@type\":\"SearchAction\",\"target\":{\"@type\":\"EntryPoint\",\"urlTemplate\":\"https:\\\/\\\/www.steuerpraxis.net\\\/de\\\/?s={search_term_string}\"},\"query-input\":{\"@type\":\"PropertyValueSpecification\",\"valueRequired\":true,\"valueName\":\"search_term_string\"}}],\"inLanguage\":\"de\"}]}<\/script>\n<!-- \/ Yoast SEO plugin. -->","yoast_head_json":{"title":"Kooperation Wirtschaftspr\u00fcfungen - Dr. Schmidt-Wilke + Partner Steuerberatungsgesellschaft mbH","robots":{"index":"index","follow":"follow","max-snippet":"max-snippet:-1","max-image-preview":"max-image-preview:large","max-video-preview":"max-video-preview:-1"},"canonical":"https:\/\/www.steuerpraxis.net\/de\/leistungen\/kooperation-wirtschaftspruefungen\/","og_locale":"de_DE","og_type":"article","og_title":"Kooperation Wirtschaftspr\u00fcfungen - Dr. Schmidt-Wilke + Partner Steuerberatungsgesellschaft mbH","og_description":"Pr\u00fcfung bedeutet nicht nur, ein Urteil \u00fcber gepr\u00fcfte Sachverhalte abzugeben, sondern auch, konkrete Vorschl\u00e4ge f\u00fcr Verbesserungen in Organisation und Prozessabl\u00e4ufen zu unterbreiten. Auf dem Gebiet der Wirtschaftspr\u00fcfung arbeiten wir mit Dr. Schmidt \u2013 Wilke + Partner Steuerberater und Wirtschaftspr\u00fcfer Hannover als rechtlich selbst\u00e4ndiges Unternehmen seit Jahren zusammen. Durch diese Zusammenarbeit bieten wir unseren Mandanten einen [&hellip;]","og_url":"https:\/\/www.steuerpraxis.net\/de\/leistungen\/kooperation-wirtschaftspruefungen\/","og_site_name":"Dr. Schmidt-Wilke + Partner Steuerberatungsgesellschaft mbH","article_modified_time":"2016-12-05T14:19:14+00:00","og_image":[{"width":991,"height":1024,"url":"https:\/\/www.steuerpraxis.net\/wp-content\/uploads\/2015\/09\/personal-touch_finalflat-991x1024.jpg","type":"image\/jpeg"}],"twitter_card":"summary_large_image","twitter_misc":{"Gesch\u00e4tzte Lesezeit":"1\u00a0Minute"},"schema":{"@context":"https:\/\/schema.org","@graph":[{"@type":"WebPage","@id":"https:\/\/www.steuerpraxis.net\/de\/leistungen\/kooperation-wirtschaftspruefungen\/","url":"https:\/\/www.steuerpraxis.net\/de\/leistungen\/kooperation-wirtschaftspruefungen\/","name":"Kooperation Wirtschaftspr\u00fcfungen - Dr. Schmidt-Wilke + Partner Steuerberatungsgesellschaft mbH","isPartOf":{"@id":"https:\/\/www.steuerpraxis.net\/de\/#website"},"primaryImageOfPage":{"@id":"https:\/\/www.steuerpraxis.net\/de\/leistungen\/kooperation-wirtschaftspruefungen\/#primaryimage"},"image":{"@id":"https:\/\/www.steuerpraxis.net\/de\/leistungen\/kooperation-wirtschaftspruefungen\/#primaryimage"},"thumbnailUrl":"https:\/\/www.steuerpraxis.net\/wp-content\/uploads\/2015\/09\/personal-touch_finalflat.jpg","datePublished":"2016-10-24T15:08:32+00:00","dateModified":"2016-12-05T14:19:14+00:00","breadcrumb":{"@id":"https:\/\/www.steuerpraxis.net\/de\/leistungen\/kooperation-wirtschaftspruefungen\/#breadcrumb"},"inLanguage":"de","potentialAction":[{"@type":"ReadAction","target":["https:\/\/www.steuerpraxis.net\/de\/leistungen\/kooperation-wirtschaftspruefungen\/"]}]},{"@type":"ImageObject","inLanguage":"de","@id":"https:\/\/www.steuerpraxis.net\/de\/leistungen\/kooperation-wirtschaftspruefungen\/#primaryimage","url":"https:\/\/www.steuerpraxis.net\/wp-content\/uploads\/2015\/09\/personal-touch_finalflat.jpg","contentUrl":"https:\/\/www.steuerpraxis.net\/wp-content\/uploads\/2015\/09\/personal-touch_finalflat.jpg","width":7087,"height":7323},{"@type":"BreadcrumbList","@id":"https:\/\/www.steuerpraxis.net\/de\/leistungen\/kooperation-wirtschaftspruefungen\/#breadcrumb","itemListElement":[{"@type":"ListItem","position":1,"name":"Startseite","item":"https:\/\/www.steuerpraxis.net\/de\/"},{"@type":"ListItem","position":2,"name":"Leistungen","item":"https:\/\/www.steuerpraxis.net\/de\/leistungen\/"},{"@type":"ListItem","position":3,"name":"Kooperation Wirtschaftspr\u00fcfungen"}]},{"@type":"WebSite","@id":"https:\/\/www.steuerpraxis.net\/de\/#website","url":"https:\/\/www.steuerpraxis.net\/de\/","name":"Dr. Schmidt-Wilke + Partner Steuerberatungsgesellschaft mbH","description":"Magdeburg","potentialAction":[{"@type":"SearchAction","target":{"@type":"EntryPoint","urlTemplate":"https:\/\/www.steuerpraxis.net\/de\/?s={search_term_string}"},"query-input":{"@type":"PropertyValueSpecification","valueRequired":true,"valueName":"search_term_string"}}],"inLanguage":"de"}]}},"_links":{"self":[{"href":"https:\/\/www.steuerpraxis.net\/de\/wp-json\/wp\/v2\/pages\/131","targetHints":{"allow":["GET"]}}],"collection":[{"href":"https:\/\/www.steuerpraxis.net\/de\/wp-json\/wp\/v2\/pages"}],"about":[{"href":"https:\/\/www.steuerpraxis.net\/de\/wp-json\/wp\/v2\/types\/page"}],"author":[{"embeddable":true,"href":"https:\/\/www.steuerpraxis.net\/de\/wp-json\/wp\/v2\/users\/1"}],"replies":[{"embeddable":true,"href":"https:\/\/www.steuerpraxis.net\/de\/wp-json\/wp\/v2\/comments?post=131"}],"version-history":[{"count":5,"href":"https:\/\/www.steuerpraxis.net\/de\/wp-json\/wp\/v2\/pages\/131\/revisions"}],"predecessor-version":[{"id":1298,"href":"https:\/\/www.steuerpraxis.net\/de\/wp-json\/wp\/v2\/pages\/131\/revisions\/1298"}],"up":[{"embeddable":true,"href":"https:\/\/www.steuerpraxis.net\/de\/wp-json\/wp\/v2\/pages\/98"}],"wp:featuredmedia":[{"embeddable":true,"href":"https:\/\/www.steuerpraxis.net\/de\/wp-json\/wp\/v2\/media\/169"}],"wp:attachment":[{"href":"https:\/\/www.steuerpraxis.net\/de\/wp-json\/wp\/v2\/media?parent=131"}],"curies":[{"name":"wp","href":"https:\/\/api.w.org\/{rel}","templated":true}]}}