{"id":133,"date":"2016-10-24T17:08:42","date_gmt":"2016-10-24T15:08:42","guid":{"rendered":"https:\/\/www.steuerpraxis.net\/?page_id=133"},"modified":"2016-12-05T15:22:20","modified_gmt":"2016-12-05T14:22:20","slug":"finanz-und-lohnbuchhaltung","status":"publish","type":"page","link":"https:\/\/www.steuerpraxis.net\/de\/leistungen\/finanz-und-lohnbuchhaltung\/","title":{"rendered":"Finanz- und Lohnbuchhaltung"},"content":{"rendered":"<p>Unsere engagierten und kompetenten Mitarbeiter im Bereich Finanz- und Lohnbuchhaltung erm\u00f6glichen es Ihnen, dass Sie immer zeitnah \u00fcber die Gesch\u00e4ftsvorg\u00e4nge in Ihrem Unternehmen Bescheid wissen. Den Umfang unserer Leistungen bestimmen Sie. Unser Angebot umfasst \u00fcber die Standardleistungen Verbuchung der Gesch\u00e4ftsvorf\u00e4lle inkl. BWA und Steueranmeldung hinaus:<\/p>\n<ul>\n<li>Erstellung eines Controlling-Reports, der Erfolg, Liquidit\u00e4t, Finanzierung, Cashflow und Kostenstruktur Ihres Unternehmens anschaulich darstellt<\/li>\n<li>Quartalsweise BWA-Beratung<\/li>\n<li>Betriebswirtschaftliche Beratung auf der Grundlage der Entwicklung eines auf Ihre Bed\u00fcrfnisse zugeschnittenen Kennzahlensystems als Controllinginstrument.<\/li>\n<\/ul>\n<p>F\u00fcr unsere sozialen Einrichtungen erstellen wir die Finanzbuchhaltung nach Pflegebuchf\u00fchrungsverordnung. In diesem speziellen Bereich stehen wir Ihnen mit unserem umfangreichen Wissen zur Seite.<\/p>\n","protected":false},"excerpt":{"rendered":"<p>Unsere engagierten und kompetenten Mitarbeiter im Bereich Finanz- und Lohnbuchhaltung erm\u00f6glichen es Ihnen, dass Sie immer zeitnah \u00fcber die Gesch\u00e4ftsvorg\u00e4nge in Ihrem Unternehmen Bescheid wissen. Den Umfang unserer Leistungen bestimmen Sie. Unser Angebot umfasst \u00fcber die Standardleistungen Verbuchung der Gesch\u00e4ftsvorf\u00e4lle inkl. BWA und Steueranmeldung hinaus: Erstellung eines Controlling-Reports, der Erfolg, Liquidit\u00e4t, Finanzierung, Cashflow und Kostenstruktur [&hellip;]<\/p>\n","protected":false},"author":1,"featured_media":169,"parent":98,"menu_order":5,"comment_status":"closed","ping_status":"closed","template":"","meta":{"_acf_changed":false,"footnotes":""},"class_list":["post-133","page","type-page","status-publish","has-post-thumbnail","hentry"],"acf":[],"yoast_head":"<!-- This site is optimized with the Yoast SEO plugin v27.5 - https:\/\/yoast.com\/product\/yoast-seo-wordpress\/ -->\n<title>Finanz- und Lohnbuchhaltung - Dr. Schmidt-Wilke + Partner Steuerberatungsgesellschaft mbH<\/title>\n<meta name=\"robots\" content=\"index, follow, max-snippet:-1, max-image-preview:large, max-video-preview:-1\" \/>\n<link rel=\"canonical\" href=\"https:\/\/www.steuerpraxis.net\/de\/leistungen\/finanz-und-lohnbuchhaltung\/\" \/>\n<meta property=\"og:locale\" content=\"de_DE\" \/>\n<meta property=\"og:type\" content=\"article\" \/>\n<meta property=\"og:title\" content=\"Finanz- und Lohnbuchhaltung - Dr. Schmidt-Wilke + Partner Steuerberatungsgesellschaft mbH\" \/>\n<meta property=\"og:description\" content=\"Unsere engagierten und kompetenten Mitarbeiter im Bereich Finanz- und Lohnbuchhaltung erm\u00f6glichen es Ihnen, dass Sie immer zeitnah \u00fcber die Gesch\u00e4ftsvorg\u00e4nge in Ihrem Unternehmen Bescheid wissen. Den Umfang unserer Leistungen bestimmen Sie. Unser Angebot umfasst \u00fcber die Standardleistungen Verbuchung der Gesch\u00e4ftsvorf\u00e4lle inkl. BWA und Steueranmeldung hinaus: Erstellung eines Controlling-Reports, der Erfolg, Liquidit\u00e4t, Finanzierung, Cashflow und Kostenstruktur [&hellip;]\" \/>\n<meta property=\"og:url\" content=\"https:\/\/www.steuerpraxis.net\/de\/leistungen\/finanz-und-lohnbuchhaltung\/\" \/>\n<meta property=\"og:site_name\" content=\"Dr. Schmidt-Wilke + Partner Steuerberatungsgesellschaft mbH\" \/>\n<meta property=\"article:modified_time\" content=\"2016-12-05T14:22:20+00:00\" \/>\n<meta property=\"og:image\" content=\"https:\/\/www.steuerpraxis.net\/wp-content\/uploads\/2015\/09\/personal-touch_finalflat-991x1024.jpg\" \/>\n\t<meta property=\"og:image:width\" content=\"991\" \/>\n\t<meta property=\"og:image:height\" content=\"1024\" \/>\n\t<meta property=\"og:image:type\" content=\"image\/jpeg\" \/>\n<meta name=\"twitter:card\" content=\"summary_large_image\" \/>\n<meta name=\"twitter:label1\" content=\"Gesch\u00e4tzte Lesezeit\" \/>\n\t<meta name=\"twitter:data1\" content=\"1\u00a0Minute\" \/>\n<script type=\"application\/ld+json\" class=\"yoast-schema-graph\">{\"@context\":\"https:\\\/\\\/schema.org\",\"@graph\":[{\"@type\":\"WebPage\",\"@id\":\"https:\\\/\\\/www.steuerpraxis.net\\\/de\\\/leistungen\\\/finanz-und-lohnbuchhaltung\\\/\",\"url\":\"https:\\\/\\\/www.steuerpraxis.net\\\/de\\\/leistungen\\\/finanz-und-lohnbuchhaltung\\\/\",\"name\":\"Finanz- und Lohnbuchhaltung - Dr. Schmidt-Wilke + Partner Steuerberatungsgesellschaft mbH\",\"isPartOf\":{\"@id\":\"https:\\\/\\\/www.steuerpraxis.net\\\/de\\\/#website\"},\"primaryImageOfPage\":{\"@id\":\"https:\\\/\\\/www.steuerpraxis.net\\\/de\\\/leistungen\\\/finanz-und-lohnbuchhaltung\\\/#primaryimage\"},\"image\":{\"@id\":\"https:\\\/\\\/www.steuerpraxis.net\\\/de\\\/leistungen\\\/finanz-und-lohnbuchhaltung\\\/#primaryimage\"},\"thumbnailUrl\":\"https:\\\/\\\/www.steuerpraxis.net\\\/wp-content\\\/uploads\\\/2015\\\/09\\\/personal-touch_finalflat.jpg\",\"datePublished\":\"2016-10-24T15:08:42+00:00\",\"dateModified\":\"2016-12-05T14:22:20+00:00\",\"breadcrumb\":{\"@id\":\"https:\\\/\\\/www.steuerpraxis.net\\\/de\\\/leistungen\\\/finanz-und-lohnbuchhaltung\\\/#breadcrumb\"},\"inLanguage\":\"de\",\"potentialAction\":[{\"@type\":\"ReadAction\",\"target\":[\"https:\\\/\\\/www.steuerpraxis.net\\\/de\\\/leistungen\\\/finanz-und-lohnbuchhaltung\\\/\"]}]},{\"@type\":\"ImageObject\",\"inLanguage\":\"de\",\"@id\":\"https:\\\/\\\/www.steuerpraxis.net\\\/de\\\/leistungen\\\/finanz-und-lohnbuchhaltung\\\/#primaryimage\",\"url\":\"https:\\\/\\\/www.steuerpraxis.net\\\/wp-content\\\/uploads\\\/2015\\\/09\\\/personal-touch_finalflat.jpg\",\"contentUrl\":\"https:\\\/\\\/www.steuerpraxis.net\\\/wp-content\\\/uploads\\\/2015\\\/09\\\/personal-touch_finalflat.jpg\",\"width\":7087,\"height\":7323},{\"@type\":\"BreadcrumbList\",\"@id\":\"https:\\\/\\\/www.steuerpraxis.net\\\/de\\\/leistungen\\\/finanz-und-lohnbuchhaltung\\\/#breadcrumb\",\"itemListElement\":[{\"@type\":\"ListItem\",\"position\":1,\"name\":\"Startseite\",\"item\":\"https:\\\/\\\/www.steuerpraxis.net\\\/de\\\/\"},{\"@type\":\"ListItem\",\"position\":2,\"name\":\"Leistungen\",\"item\":\"https:\\\/\\\/www.steuerpraxis.net\\\/de\\\/leistungen\\\/\"},{\"@type\":\"ListItem\",\"position\":3,\"name\":\"Finanz- und Lohnbuchhaltung\"}]},{\"@type\":\"WebSite\",\"@id\":\"https:\\\/\\\/www.steuerpraxis.net\\\/de\\\/#website\",\"url\":\"https:\\\/\\\/www.steuerpraxis.net\\\/de\\\/\",\"name\":\"Dr. Schmidt-Wilke + Partner Steuerberatungsgesellschaft mbH\",\"description\":\"Magdeburg\",\"potentialAction\":[{\"@type\":\"SearchAction\",\"target\":{\"@type\":\"EntryPoint\",\"urlTemplate\":\"https:\\\/\\\/www.steuerpraxis.net\\\/de\\\/?s={search_term_string}\"},\"query-input\":{\"@type\":\"PropertyValueSpecification\",\"valueRequired\":true,\"valueName\":\"search_term_string\"}}],\"inLanguage\":\"de\"}]}<\/script>\n<!-- \/ Yoast SEO plugin. -->","yoast_head_json":{"title":"Finanz- und Lohnbuchhaltung - Dr. Schmidt-Wilke + Partner Steuerberatungsgesellschaft mbH","robots":{"index":"index","follow":"follow","max-snippet":"max-snippet:-1","max-image-preview":"max-image-preview:large","max-video-preview":"max-video-preview:-1"},"canonical":"https:\/\/www.steuerpraxis.net\/de\/leistungen\/finanz-und-lohnbuchhaltung\/","og_locale":"de_DE","og_type":"article","og_title":"Finanz- und Lohnbuchhaltung - Dr. Schmidt-Wilke + Partner Steuerberatungsgesellschaft mbH","og_description":"Unsere engagierten und kompetenten Mitarbeiter im Bereich Finanz- und Lohnbuchhaltung erm\u00f6glichen es Ihnen, dass Sie immer zeitnah \u00fcber die Gesch\u00e4ftsvorg\u00e4nge in Ihrem Unternehmen Bescheid wissen. Den Umfang unserer Leistungen bestimmen Sie. Unser Angebot umfasst \u00fcber die Standardleistungen Verbuchung der Gesch\u00e4ftsvorf\u00e4lle inkl. BWA und Steueranmeldung hinaus: Erstellung eines Controlling-Reports, der Erfolg, Liquidit\u00e4t, Finanzierung, Cashflow und Kostenstruktur [&hellip;]","og_url":"https:\/\/www.steuerpraxis.net\/de\/leistungen\/finanz-und-lohnbuchhaltung\/","og_site_name":"Dr. Schmidt-Wilke + Partner Steuerberatungsgesellschaft mbH","article_modified_time":"2016-12-05T14:22:20+00:00","og_image":[{"width":991,"height":1024,"url":"https:\/\/www.steuerpraxis.net\/wp-content\/uploads\/2015\/09\/personal-touch_finalflat-991x1024.jpg","type":"image\/jpeg"}],"twitter_card":"summary_large_image","twitter_misc":{"Gesch\u00e4tzte Lesezeit":"1\u00a0Minute"},"schema":{"@context":"https:\/\/schema.org","@graph":[{"@type":"WebPage","@id":"https:\/\/www.steuerpraxis.net\/de\/leistungen\/finanz-und-lohnbuchhaltung\/","url":"https:\/\/www.steuerpraxis.net\/de\/leistungen\/finanz-und-lohnbuchhaltung\/","name":"Finanz- und Lohnbuchhaltung - Dr. Schmidt-Wilke + Partner Steuerberatungsgesellschaft mbH","isPartOf":{"@id":"https:\/\/www.steuerpraxis.net\/de\/#website"},"primaryImageOfPage":{"@id":"https:\/\/www.steuerpraxis.net\/de\/leistungen\/finanz-und-lohnbuchhaltung\/#primaryimage"},"image":{"@id":"https:\/\/www.steuerpraxis.net\/de\/leistungen\/finanz-und-lohnbuchhaltung\/#primaryimage"},"thumbnailUrl":"https:\/\/www.steuerpraxis.net\/wp-content\/uploads\/2015\/09\/personal-touch_finalflat.jpg","datePublished":"2016-10-24T15:08:42+00:00","dateModified":"2016-12-05T14:22:20+00:00","breadcrumb":{"@id":"https:\/\/www.steuerpraxis.net\/de\/leistungen\/finanz-und-lohnbuchhaltung\/#breadcrumb"},"inLanguage":"de","potentialAction":[{"@type":"ReadAction","target":["https:\/\/www.steuerpraxis.net\/de\/leistungen\/finanz-und-lohnbuchhaltung\/"]}]},{"@type":"ImageObject","inLanguage":"de","@id":"https:\/\/www.steuerpraxis.net\/de\/leistungen\/finanz-und-lohnbuchhaltung\/#primaryimage","url":"https:\/\/www.steuerpraxis.net\/wp-content\/uploads\/2015\/09\/personal-touch_finalflat.jpg","contentUrl":"https:\/\/www.steuerpraxis.net\/wp-content\/uploads\/2015\/09\/personal-touch_finalflat.jpg","width":7087,"height":7323},{"@type":"BreadcrumbList","@id":"https:\/\/www.steuerpraxis.net\/de\/leistungen\/finanz-und-lohnbuchhaltung\/#breadcrumb","itemListElement":[{"@type":"ListItem","position":1,"name":"Startseite","item":"https:\/\/www.steuerpraxis.net\/de\/"},{"@type":"ListItem","position":2,"name":"Leistungen","item":"https:\/\/www.steuerpraxis.net\/de\/leistungen\/"},{"@type":"ListItem","position":3,"name":"Finanz- und Lohnbuchhaltung"}]},{"@type":"WebSite","@id":"https:\/\/www.steuerpraxis.net\/de\/#website","url":"https:\/\/www.steuerpraxis.net\/de\/","name":"Dr. Schmidt-Wilke + Partner Steuerberatungsgesellschaft mbH","description":"Magdeburg","potentialAction":[{"@type":"SearchAction","target":{"@type":"EntryPoint","urlTemplate":"https:\/\/www.steuerpraxis.net\/de\/?s={search_term_string}"},"query-input":{"@type":"PropertyValueSpecification","valueRequired":true,"valueName":"search_term_string"}}],"inLanguage":"de"}]}},"_links":{"self":[{"href":"https:\/\/www.steuerpraxis.net\/de\/wp-json\/wp\/v2\/pages\/133","targetHints":{"allow":["GET"]}}],"collection":[{"href":"https:\/\/www.steuerpraxis.net\/de\/wp-json\/wp\/v2\/pages"}],"about":[{"href":"https:\/\/www.steuerpraxis.net\/de\/wp-json\/wp\/v2\/types\/page"}],"author":[{"embeddable":true,"href":"https:\/\/www.steuerpraxis.net\/de\/wp-json\/wp\/v2\/users\/1"}],"replies":[{"embeddable":true,"href":"https:\/\/www.steuerpraxis.net\/de\/wp-json\/wp\/v2\/comments?post=133"}],"version-history":[{"count":3,"href":"https:\/\/www.steuerpraxis.net\/de\/wp-json\/wp\/v2\/pages\/133\/revisions"}],"predecessor-version":[{"id":1299,"href":"https:\/\/www.steuerpraxis.net\/de\/wp-json\/wp\/v2\/pages\/133\/revisions\/1299"}],"up":[{"embeddable":true,"href":"https:\/\/www.steuerpraxis.net\/de\/wp-json\/wp\/v2\/pages\/98"}],"wp:featuredmedia":[{"embeddable":true,"href":"https:\/\/www.steuerpraxis.net\/de\/wp-json\/wp\/v2\/media\/169"}],"wp:attachment":[{"href":"https:\/\/www.steuerpraxis.net\/de\/wp-json\/wp\/v2\/media?parent=133"}],"curies":[{"name":"wp","href":"https:\/\/api.w.org\/{rel}","templated":true}]}}