{"id":135,"date":"2016-10-24T17:08:53","date_gmt":"2016-10-24T15:08:53","guid":{"rendered":"https:\/\/www.steuerpraxis.net\/?page_id=135"},"modified":"2016-11-07T17:42:07","modified_gmt":"2016-11-07T16:42:07","slug":"jahresabschluesse","status":"publish","type":"page","link":"https:\/\/www.steuerpraxis.net\/de\/leistungen\/jahresabschluesse\/","title":{"rendered":"Jahresabschl\u00fcsse"},"content":{"rendered":"<p>Finanzamt, Banken, Gesellschafter, andere Kapitalgeber und Sie als Unternehmer \u2013 alle haben unterschiedliche Anforderungen an einen Jahresabschluss.<br \/>\nDa in der Regel aber nur ein Jahresabschluss erstellt wird, ben\u00f6tigen die verschiedenen Adressaten individuell aufbereitete Informationen aus dem Zahlenwerk des Abschlusses.<\/p>\n<p>Wir unterst\u00fctzen Sie dabei im Zuge der Erstellung des Abschlusses mit verst\u00e4ndlichen Auswertungen und \u00dcbersichten, ganz nach Ihren Bed\u00fcrfnissen und Anforderungen, unter Ber\u00fccksichtigung Ihrer Rechtsform und der aktuellen Rechtslage. Neben dem jeweiligen gesetzlichen Mindestumfang bieten wir Ihnen folgende Leistungen an:<\/p>\n<ul>\n<li>Analyse der Ergebnisse anhand eines Kennzahlensystems<\/li>\n<li>Identifizieren kritischer Entwicklungen durch Mehrjahresvergleiche<\/li>\n<li>Einsatz moderner Pr\u00e4sentationstechniken f\u00fcr die Bilanzgespr\u00e4che<\/li>\n<li>Begleitung bei der Pr\u00e4sentation des Jahresabschlusses f\u00fcr Banken und Gesellschafter<\/li>\n<li>Unterst\u00fctzung bei der Bilanz- und Ergebnisplanung im Rahmen einer steueroptimierten Bilanzpolitik<\/li>\n<li>BWA-Beratung im Vorfeld der Jahresabschlusserstellung<\/li>\n<li>Offenlegung der Jahresabschl\u00fcsse von AG, GmbH und GmbH &amp; Co. KG im elektronischen Bundesanzeiger unter strikter Beschr\u00e4nkung auf den gesetzlichen Mindestumfang.<\/li>\n<\/ul>\n","protected":false},"excerpt":{"rendered":"<p>Finanzamt, Banken, Gesellschafter, andere Kapitalgeber und Sie als Unternehmer \u2013 alle haben unterschiedliche Anforderungen an einen Jahresabschluss. Da in der Regel aber nur ein Jahresabschluss erstellt wird, ben\u00f6tigen die verschiedenen Adressaten individuell aufbereitete Informationen aus dem Zahlenwerk des Abschlusses. Wir unterst\u00fctzen Sie dabei im Zuge der Erstellung des Abschlusses mit verst\u00e4ndlichen Auswertungen und \u00dcbersichten, ganz [&hellip;]<\/p>\n","protected":false},"author":1,"featured_media":169,"parent":98,"menu_order":6,"comment_status":"closed","ping_status":"closed","template":"","meta":{"_acf_changed":false,"footnotes":""},"class_list":["post-135","page","type-page","status-publish","has-post-thumbnail","hentry"],"acf":[],"yoast_head":"<!-- This site is optimized with the Yoast SEO plugin v27.5 - https:\/\/yoast.com\/product\/yoast-seo-wordpress\/ -->\n<title>Jahresabschl\u00fcsse - Dr. Schmidt-Wilke + Partner Steuerberatungsgesellschaft mbH<\/title>\n<meta name=\"robots\" content=\"index, follow, max-snippet:-1, max-image-preview:large, max-video-preview:-1\" \/>\n<link rel=\"canonical\" href=\"https:\/\/www.steuerpraxis.net\/de\/leistungen\/jahresabschluesse\/\" \/>\n<meta property=\"og:locale\" content=\"de_DE\" \/>\n<meta property=\"og:type\" content=\"article\" \/>\n<meta property=\"og:title\" content=\"Jahresabschl\u00fcsse - Dr. Schmidt-Wilke + Partner Steuerberatungsgesellschaft mbH\" \/>\n<meta property=\"og:description\" content=\"Finanzamt, Banken, Gesellschafter, andere Kapitalgeber und Sie als Unternehmer \u2013 alle haben unterschiedliche Anforderungen an einen Jahresabschluss. Da in der Regel aber nur ein Jahresabschluss erstellt wird, ben\u00f6tigen die verschiedenen Adressaten individuell aufbereitete Informationen aus dem Zahlenwerk des Abschlusses. Wir unterst\u00fctzen Sie dabei im Zuge der Erstellung des Abschlusses mit verst\u00e4ndlichen Auswertungen und \u00dcbersichten, ganz [&hellip;]\" \/>\n<meta property=\"og:url\" content=\"https:\/\/www.steuerpraxis.net\/de\/leistungen\/jahresabschluesse\/\" \/>\n<meta property=\"og:site_name\" content=\"Dr. Schmidt-Wilke + Partner Steuerberatungsgesellschaft mbH\" \/>\n<meta property=\"article:modified_time\" content=\"2016-11-07T16:42:07+00:00\" \/>\n<meta property=\"og:image\" content=\"https:\/\/www.steuerpraxis.net\/wp-content\/uploads\/2015\/09\/personal-touch_finalflat-991x1024.jpg\" \/>\n\t<meta property=\"og:image:width\" content=\"991\" \/>\n\t<meta property=\"og:image:height\" content=\"1024\" \/>\n\t<meta property=\"og:image:type\" content=\"image\/jpeg\" \/>\n<meta name=\"twitter:card\" content=\"summary_large_image\" \/>\n<meta name=\"twitter:label1\" content=\"Gesch\u00e4tzte Lesezeit\" \/>\n\t<meta name=\"twitter:data1\" content=\"1\u00a0Minute\" \/>\n<script type=\"application\/ld+json\" class=\"yoast-schema-graph\">{\"@context\":\"https:\\\/\\\/schema.org\",\"@graph\":[{\"@type\":\"WebPage\",\"@id\":\"https:\\\/\\\/www.steuerpraxis.net\\\/de\\\/leistungen\\\/jahresabschluesse\\\/\",\"url\":\"https:\\\/\\\/www.steuerpraxis.net\\\/de\\\/leistungen\\\/jahresabschluesse\\\/\",\"name\":\"Jahresabschl\u00fcsse - Dr. Schmidt-Wilke + Partner Steuerberatungsgesellschaft mbH\",\"isPartOf\":{\"@id\":\"https:\\\/\\\/www.steuerpraxis.net\\\/de\\\/#website\"},\"primaryImageOfPage\":{\"@id\":\"https:\\\/\\\/www.steuerpraxis.net\\\/de\\\/leistungen\\\/jahresabschluesse\\\/#primaryimage\"},\"image\":{\"@id\":\"https:\\\/\\\/www.steuerpraxis.net\\\/de\\\/leistungen\\\/jahresabschluesse\\\/#primaryimage\"},\"thumbnailUrl\":\"https:\\\/\\\/www.steuerpraxis.net\\\/wp-content\\\/uploads\\\/2015\\\/09\\\/personal-touch_finalflat.jpg\",\"datePublished\":\"2016-10-24T15:08:53+00:00\",\"dateModified\":\"2016-11-07T16:42:07+00:00\",\"breadcrumb\":{\"@id\":\"https:\\\/\\\/www.steuerpraxis.net\\\/de\\\/leistungen\\\/jahresabschluesse\\\/#breadcrumb\"},\"inLanguage\":\"de\",\"potentialAction\":[{\"@type\":\"ReadAction\",\"target\":[\"https:\\\/\\\/www.steuerpraxis.net\\\/de\\\/leistungen\\\/jahresabschluesse\\\/\"]}]},{\"@type\":\"ImageObject\",\"inLanguage\":\"de\",\"@id\":\"https:\\\/\\\/www.steuerpraxis.net\\\/de\\\/leistungen\\\/jahresabschluesse\\\/#primaryimage\",\"url\":\"https:\\\/\\\/www.steuerpraxis.net\\\/wp-content\\\/uploads\\\/2015\\\/09\\\/personal-touch_finalflat.jpg\",\"contentUrl\":\"https:\\\/\\\/www.steuerpraxis.net\\\/wp-content\\\/uploads\\\/2015\\\/09\\\/personal-touch_finalflat.jpg\",\"width\":7087,\"height\":7323},{\"@type\":\"BreadcrumbList\",\"@id\":\"https:\\\/\\\/www.steuerpraxis.net\\\/de\\\/leistungen\\\/jahresabschluesse\\\/#breadcrumb\",\"itemListElement\":[{\"@type\":\"ListItem\",\"position\":1,\"name\":\"Startseite\",\"item\":\"https:\\\/\\\/www.steuerpraxis.net\\\/de\\\/\"},{\"@type\":\"ListItem\",\"position\":2,\"name\":\"Leistungen\",\"item\":\"https:\\\/\\\/www.steuerpraxis.net\\\/de\\\/leistungen\\\/\"},{\"@type\":\"ListItem\",\"position\":3,\"name\":\"Jahresabschl\u00fcsse\"}]},{\"@type\":\"WebSite\",\"@id\":\"https:\\\/\\\/www.steuerpraxis.net\\\/de\\\/#website\",\"url\":\"https:\\\/\\\/www.steuerpraxis.net\\\/de\\\/\",\"name\":\"Dr. Schmidt-Wilke + Partner Steuerberatungsgesellschaft mbH\",\"description\":\"Magdeburg\",\"potentialAction\":[{\"@type\":\"SearchAction\",\"target\":{\"@type\":\"EntryPoint\",\"urlTemplate\":\"https:\\\/\\\/www.steuerpraxis.net\\\/de\\\/?s={search_term_string}\"},\"query-input\":{\"@type\":\"PropertyValueSpecification\",\"valueRequired\":true,\"valueName\":\"search_term_string\"}}],\"inLanguage\":\"de\"}]}<\/script>\n<!-- \/ Yoast SEO plugin. -->","yoast_head_json":{"title":"Jahresabschl\u00fcsse - Dr. Schmidt-Wilke + Partner Steuerberatungsgesellschaft mbH","robots":{"index":"index","follow":"follow","max-snippet":"max-snippet:-1","max-image-preview":"max-image-preview:large","max-video-preview":"max-video-preview:-1"},"canonical":"https:\/\/www.steuerpraxis.net\/de\/leistungen\/jahresabschluesse\/","og_locale":"de_DE","og_type":"article","og_title":"Jahresabschl\u00fcsse - Dr. Schmidt-Wilke + Partner Steuerberatungsgesellschaft mbH","og_description":"Finanzamt, Banken, Gesellschafter, andere Kapitalgeber und Sie als Unternehmer \u2013 alle haben unterschiedliche Anforderungen an einen Jahresabschluss. Da in der Regel aber nur ein Jahresabschluss erstellt wird, ben\u00f6tigen die verschiedenen Adressaten individuell aufbereitete Informationen aus dem Zahlenwerk des Abschlusses. Wir unterst\u00fctzen Sie dabei im Zuge der Erstellung des Abschlusses mit verst\u00e4ndlichen Auswertungen und \u00dcbersichten, ganz [&hellip;]","og_url":"https:\/\/www.steuerpraxis.net\/de\/leistungen\/jahresabschluesse\/","og_site_name":"Dr. Schmidt-Wilke + Partner Steuerberatungsgesellschaft mbH","article_modified_time":"2016-11-07T16:42:07+00:00","og_image":[{"width":991,"height":1024,"url":"https:\/\/www.steuerpraxis.net\/wp-content\/uploads\/2015\/09\/personal-touch_finalflat-991x1024.jpg","type":"image\/jpeg"}],"twitter_card":"summary_large_image","twitter_misc":{"Gesch\u00e4tzte Lesezeit":"1\u00a0Minute"},"schema":{"@context":"https:\/\/schema.org","@graph":[{"@type":"WebPage","@id":"https:\/\/www.steuerpraxis.net\/de\/leistungen\/jahresabschluesse\/","url":"https:\/\/www.steuerpraxis.net\/de\/leistungen\/jahresabschluesse\/","name":"Jahresabschl\u00fcsse - Dr. Schmidt-Wilke + Partner Steuerberatungsgesellschaft mbH","isPartOf":{"@id":"https:\/\/www.steuerpraxis.net\/de\/#website"},"primaryImageOfPage":{"@id":"https:\/\/www.steuerpraxis.net\/de\/leistungen\/jahresabschluesse\/#primaryimage"},"image":{"@id":"https:\/\/www.steuerpraxis.net\/de\/leistungen\/jahresabschluesse\/#primaryimage"},"thumbnailUrl":"https:\/\/www.steuerpraxis.net\/wp-content\/uploads\/2015\/09\/personal-touch_finalflat.jpg","datePublished":"2016-10-24T15:08:53+00:00","dateModified":"2016-11-07T16:42:07+00:00","breadcrumb":{"@id":"https:\/\/www.steuerpraxis.net\/de\/leistungen\/jahresabschluesse\/#breadcrumb"},"inLanguage":"de","potentialAction":[{"@type":"ReadAction","target":["https:\/\/www.steuerpraxis.net\/de\/leistungen\/jahresabschluesse\/"]}]},{"@type":"ImageObject","inLanguage":"de","@id":"https:\/\/www.steuerpraxis.net\/de\/leistungen\/jahresabschluesse\/#primaryimage","url":"https:\/\/www.steuerpraxis.net\/wp-content\/uploads\/2015\/09\/personal-touch_finalflat.jpg","contentUrl":"https:\/\/www.steuerpraxis.net\/wp-content\/uploads\/2015\/09\/personal-touch_finalflat.jpg","width":7087,"height":7323},{"@type":"BreadcrumbList","@id":"https:\/\/www.steuerpraxis.net\/de\/leistungen\/jahresabschluesse\/#breadcrumb","itemListElement":[{"@type":"ListItem","position":1,"name":"Startseite","item":"https:\/\/www.steuerpraxis.net\/de\/"},{"@type":"ListItem","position":2,"name":"Leistungen","item":"https:\/\/www.steuerpraxis.net\/de\/leistungen\/"},{"@type":"ListItem","position":3,"name":"Jahresabschl\u00fcsse"}]},{"@type":"WebSite","@id":"https:\/\/www.steuerpraxis.net\/de\/#website","url":"https:\/\/www.steuerpraxis.net\/de\/","name":"Dr. Schmidt-Wilke + Partner Steuerberatungsgesellschaft mbH","description":"Magdeburg","potentialAction":[{"@type":"SearchAction","target":{"@type":"EntryPoint","urlTemplate":"https:\/\/www.steuerpraxis.net\/de\/?s={search_term_string}"},"query-input":{"@type":"PropertyValueSpecification","valueRequired":true,"valueName":"search_term_string"}}],"inLanguage":"de"}]}},"_links":{"self":[{"href":"https:\/\/www.steuerpraxis.net\/de\/wp-json\/wp\/v2\/pages\/135","targetHints":{"allow":["GET"]}}],"collection":[{"href":"https:\/\/www.steuerpraxis.net\/de\/wp-json\/wp\/v2\/pages"}],"about":[{"href":"https:\/\/www.steuerpraxis.net\/de\/wp-json\/wp\/v2\/types\/page"}],"author":[{"embeddable":true,"href":"https:\/\/www.steuerpraxis.net\/de\/wp-json\/wp\/v2\/users\/1"}],"replies":[{"embeddable":true,"href":"https:\/\/www.steuerpraxis.net\/de\/wp-json\/wp\/v2\/comments?post=135"}],"version-history":[{"count":2,"href":"https:\/\/www.steuerpraxis.net\/de\/wp-json\/wp\/v2\/pages\/135\/revisions"}],"predecessor-version":[{"id":194,"href":"https:\/\/www.steuerpraxis.net\/de\/wp-json\/wp\/v2\/pages\/135\/revisions\/194"}],"up":[{"embeddable":true,"href":"https:\/\/www.steuerpraxis.net\/de\/wp-json\/wp\/v2\/pages\/98"}],"wp:featuredmedia":[{"embeddable":true,"href":"https:\/\/www.steuerpraxis.net\/de\/wp-json\/wp\/v2\/media\/169"}],"wp:attachment":[{"href":"https:\/\/www.steuerpraxis.net\/de\/wp-json\/wp\/v2\/media?parent=135"}],"curies":[{"name":"wp","href":"https:\/\/api.w.org\/{rel}","templated":true}]}}