{"id":2,"date":"2015-09-03T10:09:50","date_gmt":"2015-09-03T08:09:50","guid":{"rendered":"https:\/\/www.steuerpraxis.net\/?page_id=2"},"modified":"2023-08-10T16:15:41","modified_gmt":"2023-08-10T14:15:41","slug":"kompetent-individuell-qualifiziert","status":"publish","type":"page","link":"https:\/\/www.steuerpraxis.net\/de\/","title":{"rendered":"Ihr Steuerberater in Magdeburg \u2013 Steuerpraxis Dr. Schmidt \u2013 Wilke + Partner"},"content":{"rendered":"\n<p><img loading=\"lazy\" decoding=\"async\" class=\"alignleft wp-image-4470 size-full\" src=\"https:\/\/www.steuerpraxis.net\/wp-content\/uploads\/2023\/08\/weltkarte.png\" alt=\"\" width=\"1500\" height=\"1013\" srcset=\"https:\/\/www.steuerpraxis.net\/wp-content\/uploads\/2023\/08\/weltkarte.png 1500w, https:\/\/www.steuerpraxis.net\/wp-content\/uploads\/2023\/08\/weltkarte-230x155.png 230w, https:\/\/www.steuerpraxis.net\/wp-content\/uploads\/2023\/08\/weltkarte-1024x692.png 1024w, https:\/\/www.steuerpraxis.net\/wp-content\/uploads\/2023\/08\/weltkarte-768x519.png 768w\" sizes=\"auto, (max-width: 1500px) 100vw, 1500px\" \/><\/p>\n\n\n\n<div style=\"height:26px\" aria-hidden=\"true\" class=\"wp-block-spacer\"><\/div>\n\n\n<p>Wenn Sie \u2013 zum Beispiel \u2013 f\u00fcr Ihren Jahresabschluss noch einen Steuerberater, ja vielleicht sogar internationale Steuerberater brauchen, so sind Sie bei unserer professionellen <a href=\"https:\/\/www.steuerpraxis.net\/de\/leistungen\/steuerberatung\/\">Steuerberatung<\/a> in Magdeburg genau richtig.<\/p>\n<p>Wir sind sowohl vor Ort wie auch international f\u00fcr Sie da und ein geschulter, gepr\u00fcfter Ansprechpartner. Dadurch kommen Sie genau wie unsere Kunden aus ganz Europa in den Genuss der besten Expertise und fachm\u00e4nnischen Genauigkeit, die bei so einem empfindlichen Thema wie der Steuer geboten ist. Aber mit gekonnten Fachleistungen ist es f\u00fcr uns noch nicht getan.<\/p>\n<p>Service ist unsere St\u00e4rke: wir vereinbaren mit Ihnen Zeit und Ort von Besprechungen so, wie es Ihnen passt.<br \/>Wir sorgen daf\u00fcr, dass die Art und der Umfang der Leistung, die wir gerne f\u00fcr Sie zu erbringen bereit sind, ganz genau auf Ihre Bed\u00fcrfnisse ausgerichtet sind. Dazu geh\u00f6rt nat\u00fcrlich auch, dass wir Sie mit regelm\u00e4\u00dfigen Rundschreiben auf dem Laufenden halten und Sie zu Themen ansprechen, die Sie ganz konkret betreffen.<\/p>\n<p><strong>Unsere Vorteile f\u00fcr sie:<\/strong><\/p>\n<ul>\n<li>Ma\u00dfgeschneiderte Beratung und Informationsversorgung<\/li>\n<li>Rundum-Service f\u00fcr Buchhaltung, Unterlagen, Kommunikation mit dem Finanzamt<\/li>\n<li>Internationale Kunden und Kompetenz<\/li>\n<\/ul>\n<p>Teil der globalen Allianz von unabh\u00e4ngigen Steuerberatungsunternehmen<\/p>\n<h2>Die Menschen unseres Steuerb\u00fcros in Magdeburg<\/h2>\n<p>Gef\u00fchrt wird die Kanzlei von Herrn Christian H\u00fcbner. Das Team versteht sich nicht nur als einer von weiteren Steuerberatern in Magdeburg: Gemeinn\u00fctzigkeit ist auch ein gro\u00dfes Thema. So geh\u00f6ren Gemeinn\u00fctzige Vereine neben vielen weiteren zu den Spezialgebieten der Gesch\u00e4ftsf\u00fchrung dazu. Nat\u00fcrlich k\u00f6nnen Sie sich trotzdem auch mit Ihrer ganz normalen Steuererkl\u00e4rung bei uns in Magdeburg melden. Wenn Sie mehr \u00fcber uns erfahren m\u00f6chten, rufen Sie uns an, schauen Sie vorbei oder entdecken Sie unsere Facebook- und Webseitendetails.<\/p>\n<p style=\"text-align: center;\"><a class=\"btn_seo\" title=\"Kontaktieren Sie uns\" href=\"\/de\/kontakt\/kontaktformular\/\">Kontaktieren Sie uns<\/a><\/p>\n<h3>Unsere Steuerberatung reicht weit \u00fcber Magdeburg hinaus<\/h3>\n<p>Zu unseren Schwerpunkten geh\u00f6rt vor allem auch internationales Steuerrecht, weswegen wir auch f\u00fcr unsere europ\u00e4ischen Partner als internationale Steuerberater t\u00e4tig werden. Gleichzeitig sind wir Teil von MGI Association, der globalen Allianz von unabh\u00e4ngigen Wirtschaftspr\u00fcfungs-, Steuerberatungs-, Buchhaltungs- und Beratungsunternehmen in 79 L\u00e4ndern. So f\u00fchren unsere Experten und Steuerberater Ihre Steuerberatung nicht nur in Magdeburg durch, sondern kommen auch mal zu Kunden vor Ort nach Litauen oder Polen und bringen Ihr Fachwissen f\u00fcr lokale Unternehmen gekonnt zum Tragen. Dabei ist es wichtig, dass auch schon vorausschauend eine gezielte Beratung passiert, damit die maximale Steueroptimierung sich \u00fcber das Steuerjahr auch entfalten kann und am Ende des Turnus auch ein lohnendes, profitbringendes Ergebnis unterm Strich dasteht. Au\u00dferdem ist mit uns als Partner gew\u00e4hrleistet, dass zum Beispiel eine Betriebspr\u00fcfung nicht nur gut betreut und professionell \u00fcberschaut und verwaltet wird, sondern sorgf\u00e4ltig gef\u00fchrte B\u00fccher eine solche Inspektion wesentlich reibungsloser, unproblematischer und vor allem z\u00fcgiger bew\u00e4ltigen lassen. Vorsorge zahlt sich hier im wahrsten Sinne des Wortes aus! Eine weitere Leistung \u00fcbrigens, die eine Erw\u00e4hnung in diesem Kontext wert ist, ist unsere Hilfe bei der Mehrwertgewinnung aus Ihrem Jahresabschluss mit der Hilfe unserer Profis aus Magdeburg.<\/p>\n<h2>Service rund um die Steuererkl\u00e4rung von unserem Team in Magdeburg<\/h2>\n<p>Ob f\u00fcr die betriebliche oder die private Steuererkl\u00e4rung,\u00a0 es ist immer hilfreich und vor allem in der Regel sehr lohnend seine Steuererkl\u00e4rung zusammen mit einem Steuerb\u00fcro wie unser Team in Magdeburg anfertigen zu lassen. Dadurch kommt es zu einer nicht zu untersch\u00e4tzenden Freisetzung von Zeit und Nerven, die sehr viel besser im eigenen unternehmerischen Handeln oder im privaten Ausgleich zur Arbeit investiert ist. Gleichzeitig bedeutet die Beauftragung von uns als Ihrem Steuerberater in Magdeburg auch der Gemeinn\u00fctzigkeit zu helfen, da wir in diesem Bereich \u00fcber unser Kerngesch\u00e4ft hinaus noch engagiert und t\u00e4tig sind.<\/p>\n<h3>Die Finessen eines Jahresabschluss mit Ihrem Steuerberater aus Magdeburg meistern<\/h3>\n<p>Als internationale Steuerberater besch\u00e4ftigt uns das Thema Jahresabschluss und Steuerberatung sowohl f\u00fcr Unternehmen in der Region, wie auch \u00fcber Magdeburg hinaus. Denn wir wissen wie wichtig diese Aufstellung ist als Ausweis gegen\u00fcber allen m\u00f6glichen Empf\u00e4ngern. Wir k\u00f6nnen Sie sowohl bei der Erstellung f\u00fcr Ihren Jahresabschluss unterst\u00fctzen wie auch bei der selektiven Verwertung und Pr\u00e4sentation der Zahlenwerke. Selbstverst\u00e4ndlich nehmen wir dabei die jeweilige Rechtsform und Rechtslage genau in den Blick und stellen pr\u00e4zise vor allem die Punkte heraus, die bei der jeweiligen Thematik am relevantesten sind.<\/p>\n<h2>Als Steuerberater in Magdeburg aktiv f\u00fcr die Gemeinn\u00fctzigkeit<\/h2>\n<p>Zu unseren Fachgebieten geh\u00f6ren Gemeinn\u00fctzige Vereine. Wir besitzen Spezialwissen, das wir als Steuerb\u00fcro zum Beispiel f\u00fcr Pflegeheime und Behinderteneinrichtungen einbringen. Da ist es weniger die klassische Steuererkl\u00e4rung, sondern Dinge wie eine Standortanalyse, die wir f\u00fcr Magdeburg oder jeweilige Regionen anfertigen, in der sich diese Einrichtungen befinden. Wir bieten als erfahrene Steuerberater aus Magdeburg auch Rat zum Thema Gemeinn\u00fctzigkeit und Vereinsrecht. Jenseits unserer betrieblichen T\u00e4tigkeit sind wir zudem regional engagiert wenn es zum Beispiel um Beitr\u00e4ge und Spenden im Zusammenhang mit \u00a0Benefizveranstaltungen geht.<\/p>","protected":false},"excerpt":{"rendered":"<p>Wenn Sie \u2013 zum Beispiel \u2013 f\u00fcr Ihren Jahresabschluss noch einen Steuerberater, ja vielleicht sogar internationale Steuerberater brauchen, so sind Sie bei unserer professionellen Steuerberatung in Magdeburg genau richtig. Wir sind sowohl vor Ort wie auch international f\u00fcr Sie da und ein geschulter, gepr\u00fcfter Ansprechpartner. Dadurch kommen Sie genau wie unsere Kunden aus ganz Europa [&hellip;]<\/p>\n","protected":false},"author":1,"featured_media":0,"parent":0,"menu_order":1,"comment_status":"open","ping_status":"closed","template":"","meta":{"_acf_changed":false,"footnotes":""},"class_list":["post-2","page","type-page","status-publish","hentry"],"acf":[],"yoast_head":"<!-- This site is optimized with the Yoast SEO plugin v27.5 - https:\/\/yoast.com\/product\/yoast-seo-wordpress\/ -->\n<title>Steuerberater Steuerb\u00fcro Magdeburg, Jahresabschluss<\/title>\n<meta name=\"description\" content=\"Als Steuerb\u00fcro in Magdeburg mit internationaler Ausrichtung bieten wir nicht nur lokal professionellen Service bei dem Thema Steuern, Jahresabschluss und Beratung.\" \/>\n<meta name=\"robots\" content=\"index, follow, max-snippet:-1, max-image-preview:large, max-video-preview:-1\" \/>\n<link rel=\"canonical\" href=\"https:\/\/www.steuerpraxis.net\/de\/\" \/>\n<meta property=\"og:locale\" content=\"de_DE\" \/>\n<meta property=\"og:type\" content=\"article\" \/>\n<meta property=\"og:title\" content=\"Steuerberater Steuerb\u00fcro Magdeburg, Jahresabschluss\" \/>\n<meta property=\"og:description\" content=\"Als Steuerb\u00fcro in Magdeburg mit internationaler Ausrichtung bieten wir nicht nur lokal professionellen Service bei dem Thema Steuern, Jahresabschluss und Beratung.\" \/>\n<meta property=\"og:url\" content=\"https:\/\/www.steuerpraxis.net\/de\/\" \/>\n<meta property=\"og:site_name\" content=\"Dr. Schmidt-Wilke + Partner Steuerberatungsgesellschaft mbH\" \/>\n<meta property=\"article:modified_time\" content=\"2023-08-10T14:15:41+00:00\" \/>\n<meta property=\"og:image\" content=\"https:\/\/www.steuerpraxis.net\/wp-content\/uploads\/2023\/08\/weltkarte.png\" \/>\n<meta name=\"twitter:card\" content=\"summary_large_image\" \/>\n<meta name=\"twitter:label1\" content=\"Gesch\u00e4tzte Lesezeit\" \/>\n\t<meta name=\"twitter:data1\" content=\"5\u00a0Minuten\" \/>\n<script type=\"application\/ld+json\" class=\"yoast-schema-graph\">{\"@context\":\"https:\\\/\\\/schema.org\",\"@graph\":[{\"@type\":\"WebPage\",\"@id\":\"https:\\\/\\\/www.steuerpraxis.net\\\/de\\\/\",\"url\":\"https:\\\/\\\/www.steuerpraxis.net\\\/de\\\/\",\"name\":\"Steuerberater Steuerb\u00fcro Magdeburg, Jahresabschluss\",\"isPartOf\":{\"@id\":\"https:\\\/\\\/www.steuerpraxis.net\\\/de\\\/#website\"},\"primaryImageOfPage\":{\"@id\":\"https:\\\/\\\/www.steuerpraxis.net\\\/de\\\/#primaryimage\"},\"image\":{\"@id\":\"https:\\\/\\\/www.steuerpraxis.net\\\/de\\\/#primaryimage\"},\"thumbnailUrl\":\"https:\\\/\\\/www.steuerpraxis.net\\\/wp-content\\\/uploads\\\/2023\\\/08\\\/weltkarte.png\",\"datePublished\":\"2015-09-03T08:09:50+00:00\",\"dateModified\":\"2023-08-10T14:15:41+00:00\",\"description\":\"Als Steuerb\u00fcro in Magdeburg mit internationaler Ausrichtung bieten wir nicht nur lokal professionellen Service bei dem Thema Steuern, Jahresabschluss und Beratung.\",\"breadcrumb\":{\"@id\":\"https:\\\/\\\/www.steuerpraxis.net\\\/de\\\/#breadcrumb\"},\"inLanguage\":\"de\",\"potentialAction\":[{\"@type\":\"ReadAction\",\"target\":[\"https:\\\/\\\/www.steuerpraxis.net\\\/de\\\/\"]}]},{\"@type\":\"ImageObject\",\"inLanguage\":\"de\",\"@id\":\"https:\\\/\\\/www.steuerpraxis.net\\\/de\\\/#primaryimage\",\"url\":\"https:\\\/\\\/www.steuerpraxis.net\\\/wp-content\\\/uploads\\\/2023\\\/08\\\/weltkarte.png\",\"contentUrl\":\"https:\\\/\\\/www.steuerpraxis.net\\\/wp-content\\\/uploads\\\/2023\\\/08\\\/weltkarte.png\"},{\"@type\":\"BreadcrumbList\",\"@id\":\"https:\\\/\\\/www.steuerpraxis.net\\\/de\\\/#breadcrumb\",\"itemListElement\":[{\"@type\":\"ListItem\",\"position\":1,\"name\":\"Startseite\",\"item\":\"https:\\\/\\\/www.steuerpraxis.net\\\/de\\\/\"},{\"@type\":\"ListItem\",\"position\":2,\"name\":\"Ihr Steuerberater in Magdeburg \u2013 Steuerpraxis Dr. Schmidt \u2013 Wilke + Partner\"}]},{\"@type\":\"WebSite\",\"@id\":\"https:\\\/\\\/www.steuerpraxis.net\\\/de\\\/#website\",\"url\":\"https:\\\/\\\/www.steuerpraxis.net\\\/de\\\/\",\"name\":\"Dr. Schmidt-Wilke + Partner Steuerberatungsgesellschaft mbH\",\"description\":\"Magdeburg\",\"potentialAction\":[{\"@type\":\"SearchAction\",\"target\":{\"@type\":\"EntryPoint\",\"urlTemplate\":\"https:\\\/\\\/www.steuerpraxis.net\\\/de\\\/?s={search_term_string}\"},\"query-input\":{\"@type\":\"PropertyValueSpecification\",\"valueRequired\":true,\"valueName\":\"search_term_string\"}}],\"inLanguage\":\"de\"}]}<\/script>\n<!-- \/ Yoast SEO plugin. -->","yoast_head_json":{"title":"Steuerberater Steuerb\u00fcro Magdeburg, Jahresabschluss","description":"Als Steuerb\u00fcro in Magdeburg mit internationaler Ausrichtung bieten wir nicht nur lokal professionellen Service bei dem Thema Steuern, Jahresabschluss und Beratung.","robots":{"index":"index","follow":"follow","max-snippet":"max-snippet:-1","max-image-preview":"max-image-preview:large","max-video-preview":"max-video-preview:-1"},"canonical":"https:\/\/www.steuerpraxis.net\/de\/","og_locale":"de_DE","og_type":"article","og_title":"Steuerberater Steuerb\u00fcro Magdeburg, Jahresabschluss","og_description":"Als Steuerb\u00fcro in Magdeburg mit internationaler Ausrichtung bieten wir nicht nur lokal professionellen Service bei dem Thema Steuern, Jahresabschluss und Beratung.","og_url":"https:\/\/www.steuerpraxis.net\/de\/","og_site_name":"Dr. Schmidt-Wilke + Partner Steuerberatungsgesellschaft mbH","article_modified_time":"2023-08-10T14:15:41+00:00","og_image":[{"url":"https:\/\/www.steuerpraxis.net\/wp-content\/uploads\/2023\/08\/weltkarte.png","type":"","width":"","height":""}],"twitter_card":"summary_large_image","twitter_misc":{"Gesch\u00e4tzte Lesezeit":"5\u00a0Minuten"},"schema":{"@context":"https:\/\/schema.org","@graph":[{"@type":"WebPage","@id":"https:\/\/www.steuerpraxis.net\/de\/","url":"https:\/\/www.steuerpraxis.net\/de\/","name":"Steuerberater Steuerb\u00fcro Magdeburg, Jahresabschluss","isPartOf":{"@id":"https:\/\/www.steuerpraxis.net\/de\/#website"},"primaryImageOfPage":{"@id":"https:\/\/www.steuerpraxis.net\/de\/#primaryimage"},"image":{"@id":"https:\/\/www.steuerpraxis.net\/de\/#primaryimage"},"thumbnailUrl":"https:\/\/www.steuerpraxis.net\/wp-content\/uploads\/2023\/08\/weltkarte.png","datePublished":"2015-09-03T08:09:50+00:00","dateModified":"2023-08-10T14:15:41+00:00","description":"Als Steuerb\u00fcro in Magdeburg mit internationaler Ausrichtung bieten wir nicht nur lokal professionellen Service bei dem Thema Steuern, Jahresabschluss und Beratung.","breadcrumb":{"@id":"https:\/\/www.steuerpraxis.net\/de\/#breadcrumb"},"inLanguage":"de","potentialAction":[{"@type":"ReadAction","target":["https:\/\/www.steuerpraxis.net\/de\/"]}]},{"@type":"ImageObject","inLanguage":"de","@id":"https:\/\/www.steuerpraxis.net\/de\/#primaryimage","url":"https:\/\/www.steuerpraxis.net\/wp-content\/uploads\/2023\/08\/weltkarte.png","contentUrl":"https:\/\/www.steuerpraxis.net\/wp-content\/uploads\/2023\/08\/weltkarte.png"},{"@type":"BreadcrumbList","@id":"https:\/\/www.steuerpraxis.net\/de\/#breadcrumb","itemListElement":[{"@type":"ListItem","position":1,"name":"Startseite","item":"https:\/\/www.steuerpraxis.net\/de\/"},{"@type":"ListItem","position":2,"name":"Ihr Steuerberater in Magdeburg \u2013 Steuerpraxis Dr. Schmidt \u2013 Wilke + Partner"}]},{"@type":"WebSite","@id":"https:\/\/www.steuerpraxis.net\/de\/#website","url":"https:\/\/www.steuerpraxis.net\/de\/","name":"Dr. Schmidt-Wilke + Partner Steuerberatungsgesellschaft mbH","description":"Magdeburg","potentialAction":[{"@type":"SearchAction","target":{"@type":"EntryPoint","urlTemplate":"https:\/\/www.steuerpraxis.net\/de\/?s={search_term_string}"},"query-input":{"@type":"PropertyValueSpecification","valueRequired":true,"valueName":"search_term_string"}}],"inLanguage":"de"}]}},"_links":{"self":[{"href":"https:\/\/www.steuerpraxis.net\/de\/wp-json\/wp\/v2\/pages\/2","targetHints":{"allow":["GET"]}}],"collection":[{"href":"https:\/\/www.steuerpraxis.net\/de\/wp-json\/wp\/v2\/pages"}],"about":[{"href":"https:\/\/www.steuerpraxis.net\/de\/wp-json\/wp\/v2\/types\/page"}],"author":[{"embeddable":true,"href":"https:\/\/www.steuerpraxis.net\/de\/wp-json\/wp\/v2\/users\/1"}],"replies":[{"embeddable":true,"href":"https:\/\/www.steuerpraxis.net\/de\/wp-json\/wp\/v2\/comments?post=2"}],"version-history":[{"count":20,"href":"https:\/\/www.steuerpraxis.net\/de\/wp-json\/wp\/v2\/pages\/2\/revisions"}],"predecessor-version":[{"id":4472,"href":"https:\/\/www.steuerpraxis.net\/de\/wp-json\/wp\/v2\/pages\/2\/revisions\/4472"}],"wp:attachment":[{"href":"https:\/\/www.steuerpraxis.net\/de\/wp-json\/wp\/v2\/media?parent=2"}],"curies":[{"name":"wp","href":"https:\/\/api.w.org\/{rel}","templated":true}]}}