{"id":204,"date":"2016-10-28T13:34:36","date_gmt":"2016-10-28T11:34:36","guid":{"rendered":"https:\/\/www.steuerpraxis.net\/?page_id=204"},"modified":"2016-12-05T16:32:14","modified_gmt":"2016-12-05T15:32:14","slug":"wirtschaftliche-standortfaktoren-in-deutschland","status":"publish","type":"page","link":"https:\/\/www.steuerpraxis.net\/de\/doing-business-in-germany\/wirtschaftliche-standortfaktoren-in-deutschland\/","title":{"rendered":"Wirtschaftliche Standortfaktoren in Deutschland"},"content":{"rendered":"<p>Deutschland ist durch seine zentrale Lage im Herzen Europas ein attraktiver Wirtschafts- und Investitionsstandort. Ausl\u00e4ndischen Investoren wird durch die zentrale Lage eine gute M\u00f6glichkeit zur Erschlie\u00dfung neuer M\u00e4rkte in Europa einger\u00e4umt.<\/p>\n<p>Nicht nur in Europa, sondern weltweit sch\u00e4tzt man deutsche Qualit\u00e4t \u201eMade in Germany\u201c, und dieses Wertesiegel macht Deutschland zu einem der wichtigsten Wirtschaftsstandorte auf dem globalen Markt. Durch ein starkes und stabiles Wirtschaftswachstum f\u00fchrt Deutschland als gr\u00f6\u00dfte Volkswirtschaft Europa an und geh\u00f6rt zu einer der gr\u00f6\u00dften Volkswirtschaften weltweit.<\/p>\n<p>In Europa ist Deutschland die gr\u00f6\u00dfte Exportnation und ist in der Welt hinter China \u201eExportweltmeister\u201c. Der Au\u00dfenhandel nimmt eine zentrale Stellung ein und besch\u00e4ftigt \u00fcber 20 % aller Arbeitnehmer. Die Hauptexportprodukte sind Automobile, Maschinen, Chemieerzeugnisse und schwere elektronische Ger\u00e4te.<\/p>\n<p>Das Qualit\u00e4tssiegel \u201eMade in Germany\u201c bedarf vieler wichtiger Faktoren. Neben dem gut entwickelten Ausbildungssystem spielen auch der soziale Frieden, die hohe Rechtssicherheit und der liberale Au\u00dfenhandel eine entscheidende Rolle. Die hervorragende Infrastruktur, mit dem weitverzweigten Verkehrs- und Telekommunikationsnetz, bildet einen weiteren Grundstein f\u00fcr den Erfolg. Aber auch Termintreue, hohe Qualit\u00e4tsstandards und erstklassige Arbeitsproduktivit\u00e4t werden gro\u00df geschrieben.<\/p>\n<p>Der Maschinen- und Anlagenbau dient als Vorzeigebranche in Deutschland. Den gr\u00f6\u00dften Arbeitssektor stellt die Dienstleistung dar. In diesem Bereich wird eine Vielzahl von Arbeitnehmern in den Gebieten des Verkehrs und der Logistik, der Touristik, dem Gesundheits- und Sozialwesen sowie der Finanz- und Immobilienwirtschaft besch\u00e4ftigt. Auf dem Gebiet der innovativen Technologien, wie\u00a0beispielsweise bei der\u00a0Umwelttechnik, bewegt sich Deutschland ebenfalls im Spitzenfeld. Die globale Vernetzung von Wirtschaft und Forschung erm\u00f6glicht es Deutschland, als hochentwickelter Wirtschaftsstandort zu bestehen sowie seinen Spitzenplatz zu festigen und in Zukunft noch weiter auszubauen.<\/p>\n","protected":false},"excerpt":{"rendered":"<p>Deutschland ist durch seine zentrale Lage im Herzen Europas ein attraktiver Wirtschafts- und Investitionsstandort. Ausl\u00e4ndischen Investoren wird durch die zentrale Lage eine gute M\u00f6glichkeit zur Erschlie\u00dfung neuer M\u00e4rkte in Europa einger\u00e4umt. Nicht nur in Europa, sondern weltweit sch\u00e4tzt man deutsche Qualit\u00e4t \u201eMade in Germany\u201c, und dieses Wertesiegel macht Deutschland zu einem der wichtigsten Wirtschaftsstandorte auf [&hellip;]<\/p>\n","protected":false},"author":1,"featured_media":165,"parent":104,"menu_order":1,"comment_status":"closed","ping_status":"closed","template":"","meta":{"_acf_changed":false,"footnotes":""},"class_list":["post-204","page","type-page","status-publish","has-post-thumbnail","hentry"],"acf":[],"yoast_head":"<!-- This site is optimized with the Yoast SEO plugin v27.6 - https:\/\/yoast.com\/product\/yoast-seo-wordpress\/ -->\n<title>Wirtschaftliche Standortfaktoren in Deutschland - Dr. Schmidt-Wilke + Partner Steuerberatungsgesellschaft mbH<\/title>\n<meta name=\"robots\" content=\"index, follow, max-snippet:-1, max-image-preview:large, max-video-preview:-1\" \/>\n<link rel=\"canonical\" href=\"https:\/\/www.steuerpraxis.net\/de\/doing-business-in-germany\/wirtschaftliche-standortfaktoren-in-deutschland\/\" \/>\n<meta property=\"og:locale\" content=\"de_DE\" \/>\n<meta property=\"og:type\" content=\"article\" \/>\n<meta property=\"og:title\" content=\"Wirtschaftliche Standortfaktoren in Deutschland - Dr. Schmidt-Wilke + Partner Steuerberatungsgesellschaft mbH\" \/>\n<meta property=\"og:description\" content=\"Deutschland ist durch seine zentrale Lage im Herzen Europas ein attraktiver Wirtschafts- und Investitionsstandort. Ausl\u00e4ndischen Investoren wird durch die zentrale Lage eine gute M\u00f6glichkeit zur Erschlie\u00dfung neuer M\u00e4rkte in Europa einger\u00e4umt. Nicht nur in Europa, sondern weltweit sch\u00e4tzt man deutsche Qualit\u00e4t \u201eMade in Germany\u201c, und dieses Wertesiegel macht Deutschland zu einem der wichtigsten Wirtschaftsstandorte auf [&hellip;]\" \/>\n<meta property=\"og:url\" content=\"https:\/\/www.steuerpraxis.net\/de\/doing-business-in-germany\/wirtschaftliche-standortfaktoren-in-deutschland\/\" \/>\n<meta property=\"og:site_name\" content=\"Dr. Schmidt-Wilke + Partner Steuerberatungsgesellschaft mbH\" \/>\n<meta property=\"article:modified_time\" content=\"2016-12-05T15:32:14+00:00\" \/>\n<meta property=\"og:image\" content=\"https:\/\/www.steuerpraxis.net\/wp-content\/uploads\/2015\/09\/entrepreneurial-spirit_flatlr-1024x991.jpg\" \/>\n\t<meta property=\"og:image:width\" content=\"1024\" \/>\n\t<meta property=\"og:image:height\" content=\"991\" \/>\n\t<meta property=\"og:image:type\" content=\"image\/jpeg\" \/>\n<meta name=\"twitter:card\" content=\"summary_large_image\" \/>\n<meta name=\"twitter:label1\" content=\"Gesch\u00e4tzte Lesezeit\" \/>\n\t<meta name=\"twitter:data1\" content=\"1\u00a0Minute\" \/>\n<script type=\"application\/ld+json\" class=\"yoast-schema-graph\">{\"@context\":\"https:\\\/\\\/schema.org\",\"@graph\":[{\"@type\":\"WebPage\",\"@id\":\"https:\\\/\\\/www.steuerpraxis.net\\\/de\\\/doing-business-in-germany\\\/wirtschaftliche-standortfaktoren-in-deutschland\\\/\",\"url\":\"https:\\\/\\\/www.steuerpraxis.net\\\/de\\\/doing-business-in-germany\\\/wirtschaftliche-standortfaktoren-in-deutschland\\\/\",\"name\":\"Wirtschaftliche Standortfaktoren in Deutschland - Dr. Schmidt-Wilke + Partner Steuerberatungsgesellschaft mbH\",\"isPartOf\":{\"@id\":\"https:\\\/\\\/www.steuerpraxis.net\\\/de\\\/#website\"},\"primaryImageOfPage\":{\"@id\":\"https:\\\/\\\/www.steuerpraxis.net\\\/de\\\/doing-business-in-germany\\\/wirtschaftliche-standortfaktoren-in-deutschland\\\/#primaryimage\"},\"image\":{\"@id\":\"https:\\\/\\\/www.steuerpraxis.net\\\/de\\\/doing-business-in-germany\\\/wirtschaftliche-standortfaktoren-in-deutschland\\\/#primaryimage\"},\"thumbnailUrl\":\"https:\\\/\\\/www.steuerpraxis.net\\\/wp-content\\\/uploads\\\/2015\\\/09\\\/entrepreneurial-spirit_flatlr.jpg\",\"datePublished\":\"2016-10-28T11:34:36+00:00\",\"dateModified\":\"2016-12-05T15:32:14+00:00\",\"breadcrumb\":{\"@id\":\"https:\\\/\\\/www.steuerpraxis.net\\\/de\\\/doing-business-in-germany\\\/wirtschaftliche-standortfaktoren-in-deutschland\\\/#breadcrumb\"},\"inLanguage\":\"de\",\"potentialAction\":[{\"@type\":\"ReadAction\",\"target\":[\"https:\\\/\\\/www.steuerpraxis.net\\\/de\\\/doing-business-in-germany\\\/wirtschaftliche-standortfaktoren-in-deutschland\\\/\"]}]},{\"@type\":\"ImageObject\",\"inLanguage\":\"de\",\"@id\":\"https:\\\/\\\/www.steuerpraxis.net\\\/de\\\/doing-business-in-germany\\\/wirtschaftliche-standortfaktoren-in-deutschland\\\/#primaryimage\",\"url\":\"https:\\\/\\\/www.steuerpraxis.net\\\/wp-content\\\/uploads\\\/2015\\\/09\\\/entrepreneurial-spirit_flatlr.jpg\",\"contentUrl\":\"https:\\\/\\\/www.steuerpraxis.net\\\/wp-content\\\/uploads\\\/2015\\\/09\\\/entrepreneurial-spirit_flatlr.jpg\",\"width\":7323,\"height\":7087},{\"@type\":\"BreadcrumbList\",\"@id\":\"https:\\\/\\\/www.steuerpraxis.net\\\/de\\\/doing-business-in-germany\\\/wirtschaftliche-standortfaktoren-in-deutschland\\\/#breadcrumb\",\"itemListElement\":[{\"@type\":\"ListItem\",\"position\":1,\"name\":\"Startseite\",\"item\":\"https:\\\/\\\/www.steuerpraxis.net\\\/de\\\/\"},{\"@type\":\"ListItem\",\"position\":2,\"name\":\"Doing Business in Germany\",\"item\":\"https:\\\/\\\/www.steuerpraxis.net\\\/de\\\/doing-business-in-germany\\\/\"},{\"@type\":\"ListItem\",\"position\":3,\"name\":\"Wirtschaftliche Standortfaktoren in Deutschland\"}]},{\"@type\":\"WebSite\",\"@id\":\"https:\\\/\\\/www.steuerpraxis.net\\\/de\\\/#website\",\"url\":\"https:\\\/\\\/www.steuerpraxis.net\\\/de\\\/\",\"name\":\"Dr. Schmidt-Wilke + Partner Steuerberatungsgesellschaft mbH\",\"description\":\"Magdeburg\",\"potentialAction\":[{\"@type\":\"SearchAction\",\"target\":{\"@type\":\"EntryPoint\",\"urlTemplate\":\"https:\\\/\\\/www.steuerpraxis.net\\\/de\\\/?s={search_term_string}\"},\"query-input\":{\"@type\":\"PropertyValueSpecification\",\"valueRequired\":true,\"valueName\":\"search_term_string\"}}],\"inLanguage\":\"de\"}]}<\/script>\n<!-- \/ Yoast SEO plugin. -->","yoast_head_json":{"title":"Wirtschaftliche Standortfaktoren in Deutschland - Dr. Schmidt-Wilke + Partner Steuerberatungsgesellschaft mbH","robots":{"index":"index","follow":"follow","max-snippet":"max-snippet:-1","max-image-preview":"max-image-preview:large","max-video-preview":"max-video-preview:-1"},"canonical":"https:\/\/www.steuerpraxis.net\/de\/doing-business-in-germany\/wirtschaftliche-standortfaktoren-in-deutschland\/","og_locale":"de_DE","og_type":"article","og_title":"Wirtschaftliche Standortfaktoren in Deutschland - Dr. Schmidt-Wilke + Partner Steuerberatungsgesellschaft mbH","og_description":"Deutschland ist durch seine zentrale Lage im Herzen Europas ein attraktiver Wirtschafts- und Investitionsstandort. Ausl\u00e4ndischen Investoren wird durch die zentrale Lage eine gute M\u00f6glichkeit zur Erschlie\u00dfung neuer M\u00e4rkte in Europa einger\u00e4umt. Nicht nur in Europa, sondern weltweit sch\u00e4tzt man deutsche Qualit\u00e4t \u201eMade in Germany\u201c, und dieses Wertesiegel macht Deutschland zu einem der wichtigsten Wirtschaftsstandorte auf [&hellip;]","og_url":"https:\/\/www.steuerpraxis.net\/de\/doing-business-in-germany\/wirtschaftliche-standortfaktoren-in-deutschland\/","og_site_name":"Dr. Schmidt-Wilke + Partner Steuerberatungsgesellschaft mbH","article_modified_time":"2016-12-05T15:32:14+00:00","og_image":[{"width":1024,"height":991,"url":"https:\/\/www.steuerpraxis.net\/wp-content\/uploads\/2015\/09\/entrepreneurial-spirit_flatlr-1024x991.jpg","type":"image\/jpeg"}],"twitter_card":"summary_large_image","twitter_misc":{"Gesch\u00e4tzte Lesezeit":"1\u00a0Minute"},"schema":{"@context":"https:\/\/schema.org","@graph":[{"@type":"WebPage","@id":"https:\/\/www.steuerpraxis.net\/de\/doing-business-in-germany\/wirtschaftliche-standortfaktoren-in-deutschland\/","url":"https:\/\/www.steuerpraxis.net\/de\/doing-business-in-germany\/wirtschaftliche-standortfaktoren-in-deutschland\/","name":"Wirtschaftliche Standortfaktoren in Deutschland - Dr. Schmidt-Wilke + Partner Steuerberatungsgesellschaft mbH","isPartOf":{"@id":"https:\/\/www.steuerpraxis.net\/de\/#website"},"primaryImageOfPage":{"@id":"https:\/\/www.steuerpraxis.net\/de\/doing-business-in-germany\/wirtschaftliche-standortfaktoren-in-deutschland\/#primaryimage"},"image":{"@id":"https:\/\/www.steuerpraxis.net\/de\/doing-business-in-germany\/wirtschaftliche-standortfaktoren-in-deutschland\/#primaryimage"},"thumbnailUrl":"https:\/\/www.steuerpraxis.net\/wp-content\/uploads\/2015\/09\/entrepreneurial-spirit_flatlr.jpg","datePublished":"2016-10-28T11:34:36+00:00","dateModified":"2016-12-05T15:32:14+00:00","breadcrumb":{"@id":"https:\/\/www.steuerpraxis.net\/de\/doing-business-in-germany\/wirtschaftliche-standortfaktoren-in-deutschland\/#breadcrumb"},"inLanguage":"de","potentialAction":[{"@type":"ReadAction","target":["https:\/\/www.steuerpraxis.net\/de\/doing-business-in-germany\/wirtschaftliche-standortfaktoren-in-deutschland\/"]}]},{"@type":"ImageObject","inLanguage":"de","@id":"https:\/\/www.steuerpraxis.net\/de\/doing-business-in-germany\/wirtschaftliche-standortfaktoren-in-deutschland\/#primaryimage","url":"https:\/\/www.steuerpraxis.net\/wp-content\/uploads\/2015\/09\/entrepreneurial-spirit_flatlr.jpg","contentUrl":"https:\/\/www.steuerpraxis.net\/wp-content\/uploads\/2015\/09\/entrepreneurial-spirit_flatlr.jpg","width":7323,"height":7087},{"@type":"BreadcrumbList","@id":"https:\/\/www.steuerpraxis.net\/de\/doing-business-in-germany\/wirtschaftliche-standortfaktoren-in-deutschland\/#breadcrumb","itemListElement":[{"@type":"ListItem","position":1,"name":"Startseite","item":"https:\/\/www.steuerpraxis.net\/de\/"},{"@type":"ListItem","position":2,"name":"Doing Business in Germany","item":"https:\/\/www.steuerpraxis.net\/de\/doing-business-in-germany\/"},{"@type":"ListItem","position":3,"name":"Wirtschaftliche Standortfaktoren in Deutschland"}]},{"@type":"WebSite","@id":"https:\/\/www.steuerpraxis.net\/de\/#website","url":"https:\/\/www.steuerpraxis.net\/de\/","name":"Dr. Schmidt-Wilke + Partner Steuerberatungsgesellschaft mbH","description":"Magdeburg","potentialAction":[{"@type":"SearchAction","target":{"@type":"EntryPoint","urlTemplate":"https:\/\/www.steuerpraxis.net\/de\/?s={search_term_string}"},"query-input":{"@type":"PropertyValueSpecification","valueRequired":true,"valueName":"search_term_string"}}],"inLanguage":"de"}]}},"_links":{"self":[{"href":"https:\/\/www.steuerpraxis.net\/de\/wp-json\/wp\/v2\/pages\/204","targetHints":{"allow":["GET"]}}],"collection":[{"href":"https:\/\/www.steuerpraxis.net\/de\/wp-json\/wp\/v2\/pages"}],"about":[{"href":"https:\/\/www.steuerpraxis.net\/de\/wp-json\/wp\/v2\/types\/page"}],"author":[{"embeddable":true,"href":"https:\/\/www.steuerpraxis.net\/de\/wp-json\/wp\/v2\/users\/1"}],"replies":[{"embeddable":true,"href":"https:\/\/www.steuerpraxis.net\/de\/wp-json\/wp\/v2\/comments?post=204"}],"version-history":[{"count":2,"href":"https:\/\/www.steuerpraxis.net\/de\/wp-json\/wp\/v2\/pages\/204\/revisions"}],"predecessor-version":[{"id":1308,"href":"https:\/\/www.steuerpraxis.net\/de\/wp-json\/wp\/v2\/pages\/204\/revisions\/1308"}],"up":[{"embeddable":true,"href":"https:\/\/www.steuerpraxis.net\/de\/wp-json\/wp\/v2\/pages\/104"}],"wp:featuredmedia":[{"embeddable":true,"href":"https:\/\/www.steuerpraxis.net\/de\/wp-json\/wp\/v2\/media\/165"}],"wp:attachment":[{"href":"https:\/\/www.steuerpraxis.net\/de\/wp-json\/wp\/v2\/media?parent=204"}],"curies":[{"name":"wp","href":"https:\/\/api.w.org\/{rel}","templated":true}]}}