{"id":206,"date":"2016-10-28T13:35:42","date_gmt":"2016-10-28T11:35:42","guid":{"rendered":"https:\/\/www.steuerpraxis.net\/?page_id=206"},"modified":"2016-12-12T13:11:03","modified_gmt":"2016-12-12T12:11:03","slug":"gesellschaftsformen","status":"publish","type":"page","link":"https:\/\/www.steuerpraxis.net\/de\/doing-business-in-germany\/gesellschaftsformen\/","title":{"rendered":"Gesellschaftsformen"},"content":{"rendered":"<p>In Deutschland besteht grunds\u00e4tzlich die M\u00f6glichkeit, sich in verschiedenen Unternehmensstrukturen zu bet\u00e4tigen. F\u00fcr diese einzelnen Unternehmensstrukturen gelten unterschiedliche Grundlagen. Die Unternehmensstrukturen unterteilen sich wie folgt:<\/p>\n<ul>\n<li>I. Einzelunternehmen<\/li>\n<li>II. Betriebsst\u00e4tte<\/li>\n<li>III. Kapitalgesellschaften<\/li>\n<li>IV. Personengesellschaften<\/li>\n<\/ul>\n<h4>I. Einzelunternehmen<\/h4>\n<p>Als Einzelunternehmen bezeichnet man jede selbstst\u00e4ndige T\u00e4tigkeit, der eine einzelne nat\u00fcrliche Person nachgeht. Dabei haftet der Einzelunternehmer unbeschr\u00e4nkt mit seinem gesamten Verm\u00f6gen. Das Einzelunternehmen ist die einfachste Unternehmensstruktur, da in der Regel keine speziellen\/besonderen Anforderungen vorhanden sind. Der Einzelunternehmer hat sich bei den entsprechenden lokalen Beh\u00f6rden zu registrieren. Ein Eintrag in das Handelsregister ist nur erforderlich, wenn das Einzelunternehmen \u00fcber einen kaufm\u00e4nnisch eingerichteten Gesch\u00e4ftsbetrieb verf\u00fcgt. Bei der Gr\u00fcndung eines Einzelunternehmens ist kein gesetzliches Mindestkapital notwendig. Die Besteuerung des Gewinns erfolgt \u00fcber die Einkommensteuer.<\/p>\n<h4>II. Betriebsst\u00e4tte<\/h4>\n<p>Wird ein ausl\u00e4ndisches Unternehmen in Deutschland t\u00e4tig, ohne ein eigenes Unternehmen zu gr\u00fcnden, liegt grunds\u00e4tzlich eine Betriebsst\u00e4tte (Niederlassung) des Hauptunternehmens vor. Der Begriff der Betriebsst\u00e4tte ist vor allem bei der Feststellung des Besteuerungsrechts bei grenz\u00fcberschreitenden Sachverhalten von Bedeutung. Eine Betriebsst\u00e4tte ist jede feste Gesch\u00e4ftseinrichtung oder Anlage, die der T\u00e4tigkeit eines Unternehmens in Deutschland dient. Die entsprechenden Gewinne aus der Betriebsst\u00e4tte in Deutschland unterliegen der deutschen Besteuerung, soweit nicht Ausnahmen nach einzelnen Doppelbesteuerungsabkommen bestehen.<\/p>\n<h4>III. Kapitalgesellschaft<\/h4>\n<p>Die Kapitalgesellschaft ist eine selbstst\u00e4ndige juristische Person. Als h\u00e4ufigste Form der Kapitalgesellschaft in Deutschland tritt die GmbH auf. Kapitalgesellschaften k\u00f6nnen durch eine oder mehrere Personen gegr\u00fcndet werden. Bei der Gr\u00fcndung wird der Gesellschaftsvertrag notariell beurkundet und die Gesellschaft im Handelsregister eingetragen. Die Haftung ist auf das Verm\u00f6gen der Gesellschaft beschr\u00e4nkt. Das Mindestkapital bei einer GmbH betr\u00e4gt 25.000 \u20ac. Hierbei ist zu beachten, dass Besonderheit bei der Aufbringung des Kapitals bestehen. Die Besteuerung der Gewinne erfolgt grunds\u00e4tzlich nach dem K\u00f6rperschaftsteuergesetz.<\/p>\n<p>Weitere Kapitalgesellschaften sind die Aktiengesellschaft (AG), die Kommanditgesellschaft auf Aktien (KGaA), die Unternehmergesellschaft (haftungsbeschr\u00e4nkt)\u00a0(sogenannte &#8222;kleine GmbH&#8220;) oder\u00a0die Europ\u00e4ische Gesellschaft.<\/p>\n<h4>IV. Personengesellschaften<\/h4>\n<p>Eine Personengesellschaft entsteht, wenn sich mindestens zwei nat\u00fcrliche und\/oder juristische Personen zur Erreichung eines gemeinsamen Zweckes zusammenschlie\u00dfen. Die Personengesellschaft ist eine juristische Person. Im Gegensatz zu einer Kapitalgesellschaft haften Gesellschafter einer Personengesellschaft grunds\u00e4tzlich unbegrenzt. Die Ausnahme ist\u00a0die Kommanditgesellschaft (KG). Hier unterteilen sich die Gesellschafter in Komplement\u00e4re und Kommanditisten. Der Komplement\u00e4r haftet unbeschr\u00e4nkt. Die Kommanditisten haften nur in H\u00f6he der eingetragenen Haftungssumme (Handelsregister).<\/p>\n<p>Die verbreitetste Form der Personengesellschaft ist die GmbH und Co. KG. Hierbei ist der Komplement\u00e4r (Vollhafter) eine GmbH, die wiederum nur mit ihrem Verm\u00f6gen haftet. Die Vorz\u00fcge\u00a0dieser Rechtsform bestehen darin, die Vorteile der Personengesellschaft zu nutzen und gleichzeitig eine Haftungsbeschr\u00e4nkung zu erreichen.<\/p>\n<p>Die Besteuerung einer Personengesellschaft erfolgt grunds\u00e4tzlich nach dem Transparenzsystem. Das bedeutet, dass der Gewinn der Gesellschaft auf der Ebene der Gesellschafter versteuert wird, mit Ausnahme der Gewerbesteuer.<\/p>\n<p>Typische Personengesellschaften sind GbR\/BGB-Gesellschaft, offene Handelsgesellschaft (OHG), Kommanditgesellschaft (KG) und die Partnerschaftsgesellschaft.<\/p>\n","protected":false},"excerpt":{"rendered":"<p>In Deutschland besteht grunds\u00e4tzlich die M\u00f6glichkeit, sich in verschiedenen Unternehmensstrukturen zu bet\u00e4tigen. F\u00fcr diese einzelnen Unternehmensstrukturen gelten unterschiedliche Grundlagen. Die Unternehmensstrukturen unterteilen sich wie folgt: I. Einzelunternehmen II. Betriebsst\u00e4tte III. Kapitalgesellschaften IV. Personengesellschaften I. Einzelunternehmen Als Einzelunternehmen bezeichnet man jede selbstst\u00e4ndige T\u00e4tigkeit, der eine einzelne nat\u00fcrliche Person nachgeht. Dabei haftet der Einzelunternehmer unbeschr\u00e4nkt mit seinem [&hellip;]<\/p>\n","protected":false},"author":1,"featured_media":165,"parent":104,"menu_order":2,"comment_status":"closed","ping_status":"closed","template":"","meta":{"_acf_changed":false,"footnotes":""},"class_list":["post-206","page","type-page","status-publish","has-post-thumbnail","hentry"],"acf":[],"yoast_head":"<!-- This site is optimized with the Yoast SEO plugin v27.6 - https:\/\/yoast.com\/product\/yoast-seo-wordpress\/ -->\n<title>Gesellschaftsformen - Dr. Schmidt-Wilke + Partner Steuerberatungsgesellschaft mbH<\/title>\n<meta name=\"robots\" content=\"index, follow, max-snippet:-1, max-image-preview:large, max-video-preview:-1\" \/>\n<link rel=\"canonical\" href=\"https:\/\/www.steuerpraxis.net\/de\/doing-business-in-germany\/gesellschaftsformen\/\" \/>\n<meta property=\"og:locale\" content=\"de_DE\" \/>\n<meta property=\"og:type\" content=\"article\" \/>\n<meta property=\"og:title\" content=\"Gesellschaftsformen - Dr. Schmidt-Wilke + Partner Steuerberatungsgesellschaft mbH\" \/>\n<meta property=\"og:description\" content=\"In Deutschland besteht grunds\u00e4tzlich die M\u00f6glichkeit, sich in verschiedenen Unternehmensstrukturen zu bet\u00e4tigen. F\u00fcr diese einzelnen Unternehmensstrukturen gelten unterschiedliche Grundlagen. Die Unternehmensstrukturen unterteilen sich wie folgt: I. Einzelunternehmen II. Betriebsst\u00e4tte III. Kapitalgesellschaften IV. Personengesellschaften I. Einzelunternehmen Als Einzelunternehmen bezeichnet man jede selbstst\u00e4ndige T\u00e4tigkeit, der eine einzelne nat\u00fcrliche Person nachgeht. Dabei haftet der Einzelunternehmer unbeschr\u00e4nkt mit seinem [&hellip;]\" \/>\n<meta property=\"og:url\" content=\"https:\/\/www.steuerpraxis.net\/de\/doing-business-in-germany\/gesellschaftsformen\/\" \/>\n<meta property=\"og:site_name\" content=\"Dr. Schmidt-Wilke + Partner Steuerberatungsgesellschaft mbH\" \/>\n<meta property=\"article:modified_time\" content=\"2016-12-12T12:11:03+00:00\" \/>\n<meta property=\"og:image\" content=\"https:\/\/www.steuerpraxis.net\/wp-content\/uploads\/2015\/09\/entrepreneurial-spirit_flatlr-1024x991.jpg\" \/>\n\t<meta property=\"og:image:width\" content=\"1024\" \/>\n\t<meta property=\"og:image:height\" content=\"991\" \/>\n\t<meta property=\"og:image:type\" content=\"image\/jpeg\" \/>\n<meta name=\"twitter:card\" content=\"summary_large_image\" \/>\n<meta name=\"twitter:label1\" content=\"Gesch\u00e4tzte Lesezeit\" \/>\n\t<meta name=\"twitter:data1\" content=\"2\u00a0Minuten\" \/>\n<script type=\"application\/ld+json\" class=\"yoast-schema-graph\">{\"@context\":\"https:\\\/\\\/schema.org\",\"@graph\":[{\"@type\":\"WebPage\",\"@id\":\"https:\\\/\\\/www.steuerpraxis.net\\\/de\\\/doing-business-in-germany\\\/gesellschaftsformen\\\/\",\"url\":\"https:\\\/\\\/www.steuerpraxis.net\\\/de\\\/doing-business-in-germany\\\/gesellschaftsformen\\\/\",\"name\":\"Gesellschaftsformen - Dr. Schmidt-Wilke + Partner Steuerberatungsgesellschaft mbH\",\"isPartOf\":{\"@id\":\"https:\\\/\\\/www.steuerpraxis.net\\\/de\\\/#website\"},\"primaryImageOfPage\":{\"@id\":\"https:\\\/\\\/www.steuerpraxis.net\\\/de\\\/doing-business-in-germany\\\/gesellschaftsformen\\\/#primaryimage\"},\"image\":{\"@id\":\"https:\\\/\\\/www.steuerpraxis.net\\\/de\\\/doing-business-in-germany\\\/gesellschaftsformen\\\/#primaryimage\"},\"thumbnailUrl\":\"https:\\\/\\\/www.steuerpraxis.net\\\/wp-content\\\/uploads\\\/2015\\\/09\\\/entrepreneurial-spirit_flatlr.jpg\",\"datePublished\":\"2016-10-28T11:35:42+00:00\",\"dateModified\":\"2016-12-12T12:11:03+00:00\",\"breadcrumb\":{\"@id\":\"https:\\\/\\\/www.steuerpraxis.net\\\/de\\\/doing-business-in-germany\\\/gesellschaftsformen\\\/#breadcrumb\"},\"inLanguage\":\"de\",\"potentialAction\":[{\"@type\":\"ReadAction\",\"target\":[\"https:\\\/\\\/www.steuerpraxis.net\\\/de\\\/doing-business-in-germany\\\/gesellschaftsformen\\\/\"]}]},{\"@type\":\"ImageObject\",\"inLanguage\":\"de\",\"@id\":\"https:\\\/\\\/www.steuerpraxis.net\\\/de\\\/doing-business-in-germany\\\/gesellschaftsformen\\\/#primaryimage\",\"url\":\"https:\\\/\\\/www.steuerpraxis.net\\\/wp-content\\\/uploads\\\/2015\\\/09\\\/entrepreneurial-spirit_flatlr.jpg\",\"contentUrl\":\"https:\\\/\\\/www.steuerpraxis.net\\\/wp-content\\\/uploads\\\/2015\\\/09\\\/entrepreneurial-spirit_flatlr.jpg\",\"width\":7323,\"height\":7087},{\"@type\":\"BreadcrumbList\",\"@id\":\"https:\\\/\\\/www.steuerpraxis.net\\\/de\\\/doing-business-in-germany\\\/gesellschaftsformen\\\/#breadcrumb\",\"itemListElement\":[{\"@type\":\"ListItem\",\"position\":1,\"name\":\"Startseite\",\"item\":\"https:\\\/\\\/www.steuerpraxis.net\\\/de\\\/\"},{\"@type\":\"ListItem\",\"position\":2,\"name\":\"Doing Business in Germany\",\"item\":\"https:\\\/\\\/www.steuerpraxis.net\\\/de\\\/doing-business-in-germany\\\/\"},{\"@type\":\"ListItem\",\"position\":3,\"name\":\"Gesellschaftsformen\"}]},{\"@type\":\"WebSite\",\"@id\":\"https:\\\/\\\/www.steuerpraxis.net\\\/de\\\/#website\",\"url\":\"https:\\\/\\\/www.steuerpraxis.net\\\/de\\\/\",\"name\":\"Dr. Schmidt-Wilke + Partner Steuerberatungsgesellschaft mbH\",\"description\":\"Magdeburg\",\"potentialAction\":[{\"@type\":\"SearchAction\",\"target\":{\"@type\":\"EntryPoint\",\"urlTemplate\":\"https:\\\/\\\/www.steuerpraxis.net\\\/de\\\/?s={search_term_string}\"},\"query-input\":{\"@type\":\"PropertyValueSpecification\",\"valueRequired\":true,\"valueName\":\"search_term_string\"}}],\"inLanguage\":\"de\"}]}<\/script>\n<!-- \/ Yoast SEO plugin. -->","yoast_head_json":{"title":"Gesellschaftsformen - Dr. Schmidt-Wilke + Partner Steuerberatungsgesellschaft mbH","robots":{"index":"index","follow":"follow","max-snippet":"max-snippet:-1","max-image-preview":"max-image-preview:large","max-video-preview":"max-video-preview:-1"},"canonical":"https:\/\/www.steuerpraxis.net\/de\/doing-business-in-germany\/gesellschaftsformen\/","og_locale":"de_DE","og_type":"article","og_title":"Gesellschaftsformen - Dr. Schmidt-Wilke + Partner Steuerberatungsgesellschaft mbH","og_description":"In Deutschland besteht grunds\u00e4tzlich die M\u00f6glichkeit, sich in verschiedenen Unternehmensstrukturen zu bet\u00e4tigen. F\u00fcr diese einzelnen Unternehmensstrukturen gelten unterschiedliche Grundlagen. Die Unternehmensstrukturen unterteilen sich wie folgt: I. Einzelunternehmen II. Betriebsst\u00e4tte III. Kapitalgesellschaften IV. Personengesellschaften I. Einzelunternehmen Als Einzelunternehmen bezeichnet man jede selbstst\u00e4ndige T\u00e4tigkeit, der eine einzelne nat\u00fcrliche Person nachgeht. Dabei haftet der Einzelunternehmer unbeschr\u00e4nkt mit seinem [&hellip;]","og_url":"https:\/\/www.steuerpraxis.net\/de\/doing-business-in-germany\/gesellschaftsformen\/","og_site_name":"Dr. Schmidt-Wilke + Partner Steuerberatungsgesellschaft mbH","article_modified_time":"2016-12-12T12:11:03+00:00","og_image":[{"width":1024,"height":991,"url":"https:\/\/www.steuerpraxis.net\/wp-content\/uploads\/2015\/09\/entrepreneurial-spirit_flatlr-1024x991.jpg","type":"image\/jpeg"}],"twitter_card":"summary_large_image","twitter_misc":{"Gesch\u00e4tzte Lesezeit":"2\u00a0Minuten"},"schema":{"@context":"https:\/\/schema.org","@graph":[{"@type":"WebPage","@id":"https:\/\/www.steuerpraxis.net\/de\/doing-business-in-germany\/gesellschaftsformen\/","url":"https:\/\/www.steuerpraxis.net\/de\/doing-business-in-germany\/gesellschaftsformen\/","name":"Gesellschaftsformen - Dr. Schmidt-Wilke + Partner Steuerberatungsgesellschaft mbH","isPartOf":{"@id":"https:\/\/www.steuerpraxis.net\/de\/#website"},"primaryImageOfPage":{"@id":"https:\/\/www.steuerpraxis.net\/de\/doing-business-in-germany\/gesellschaftsformen\/#primaryimage"},"image":{"@id":"https:\/\/www.steuerpraxis.net\/de\/doing-business-in-germany\/gesellschaftsformen\/#primaryimage"},"thumbnailUrl":"https:\/\/www.steuerpraxis.net\/wp-content\/uploads\/2015\/09\/entrepreneurial-spirit_flatlr.jpg","datePublished":"2016-10-28T11:35:42+00:00","dateModified":"2016-12-12T12:11:03+00:00","breadcrumb":{"@id":"https:\/\/www.steuerpraxis.net\/de\/doing-business-in-germany\/gesellschaftsformen\/#breadcrumb"},"inLanguage":"de","potentialAction":[{"@type":"ReadAction","target":["https:\/\/www.steuerpraxis.net\/de\/doing-business-in-germany\/gesellschaftsformen\/"]}]},{"@type":"ImageObject","inLanguage":"de","@id":"https:\/\/www.steuerpraxis.net\/de\/doing-business-in-germany\/gesellschaftsformen\/#primaryimage","url":"https:\/\/www.steuerpraxis.net\/wp-content\/uploads\/2015\/09\/entrepreneurial-spirit_flatlr.jpg","contentUrl":"https:\/\/www.steuerpraxis.net\/wp-content\/uploads\/2015\/09\/entrepreneurial-spirit_flatlr.jpg","width":7323,"height":7087},{"@type":"BreadcrumbList","@id":"https:\/\/www.steuerpraxis.net\/de\/doing-business-in-germany\/gesellschaftsformen\/#breadcrumb","itemListElement":[{"@type":"ListItem","position":1,"name":"Startseite","item":"https:\/\/www.steuerpraxis.net\/de\/"},{"@type":"ListItem","position":2,"name":"Doing Business in Germany","item":"https:\/\/www.steuerpraxis.net\/de\/doing-business-in-germany\/"},{"@type":"ListItem","position":3,"name":"Gesellschaftsformen"}]},{"@type":"WebSite","@id":"https:\/\/www.steuerpraxis.net\/de\/#website","url":"https:\/\/www.steuerpraxis.net\/de\/","name":"Dr. Schmidt-Wilke + Partner Steuerberatungsgesellschaft mbH","description":"Magdeburg","potentialAction":[{"@type":"SearchAction","target":{"@type":"EntryPoint","urlTemplate":"https:\/\/www.steuerpraxis.net\/de\/?s={search_term_string}"},"query-input":{"@type":"PropertyValueSpecification","valueRequired":true,"valueName":"search_term_string"}}],"inLanguage":"de"}]}},"_links":{"self":[{"href":"https:\/\/www.steuerpraxis.net\/de\/wp-json\/wp\/v2\/pages\/206","targetHints":{"allow":["GET"]}}],"collection":[{"href":"https:\/\/www.steuerpraxis.net\/de\/wp-json\/wp\/v2\/pages"}],"about":[{"href":"https:\/\/www.steuerpraxis.net\/de\/wp-json\/wp\/v2\/types\/page"}],"author":[{"embeddable":true,"href":"https:\/\/www.steuerpraxis.net\/de\/wp-json\/wp\/v2\/users\/1"}],"replies":[{"embeddable":true,"href":"https:\/\/www.steuerpraxis.net\/de\/wp-json\/wp\/v2\/comments?post=206"}],"version-history":[{"count":4,"href":"https:\/\/www.steuerpraxis.net\/de\/wp-json\/wp\/v2\/pages\/206\/revisions"}],"predecessor-version":[{"id":1361,"href":"https:\/\/www.steuerpraxis.net\/de\/wp-json\/wp\/v2\/pages\/206\/revisions\/1361"}],"up":[{"embeddable":true,"href":"https:\/\/www.steuerpraxis.net\/de\/wp-json\/wp\/v2\/pages\/104"}],"wp:featuredmedia":[{"embeddable":true,"href":"https:\/\/www.steuerpraxis.net\/de\/wp-json\/wp\/v2\/media\/165"}],"wp:attachment":[{"href":"https:\/\/www.steuerpraxis.net\/de\/wp-json\/wp\/v2\/media?parent=206"}],"curies":[{"name":"wp","href":"https:\/\/api.w.org\/{rel}","templated":true}]}}