{"id":208,"date":"2016-10-28T13:38:12","date_gmt":"2016-10-28T11:38:12","guid":{"rendered":"https:\/\/www.steuerpraxis.net\/?page_id=208"},"modified":"2016-12-07T15:57:32","modified_gmt":"2016-12-07T14:57:32","slug":"einkommensarten","status":"publish","type":"page","link":"https:\/\/www.steuerpraxis.net\/de\/doing-business-in-germany\/einkommensarten\/","title":{"rendered":"Einkommensarten"},"content":{"rendered":"<p>Das deutsche Einkommensteuerrecht untergliedert Eink\u00fcnfte in sieben Kategorien.<\/p>\n<h4>Eink\u00fcnfte aus Land- und Forstwirtschaft<\/h4>\n<p>Zu den Eink\u00fcnften geh\u00f6ren die \u00dcbersch\u00fcsse, die durch die Verwertung von selbstgewonnenen Erzeugnissen aus einem Betrieb der Landwirtschaft, Forstwirtschaft, des Wein- und Gartenbaus und Baumschulen sowie aus Betrieben, die Pflanzen und Pflanzenteile mit Hilfe von Naturkr\u00e4ften gewinnen, Teichwirtschaft, Fischzucht f\u00fcr Binnenfischer und Teichwirtschaft, Imkerei, Wandersch\u00e4ferei, Saatzucht und\u00a0J\u00e4gerei (wenn ein Zusammenhang mit einem Betrieb der Land- und Forstwirtschaft besteht) betreiben, aus\u00a0Wald- und Forstgenossenschaften, \u00e4hnlichen Realgemeinschaften und\u00a0aus einem land- und forstwirtschaftlichen Nebenbetrieb.<\/p>\n<h4>Eink\u00fcnfte aus Gewerbebetrieben<\/h4>\n<p>Unter diese Einkunftsart fallen die Eink\u00fcnfte aus gewerblichen T\u00e4tigkeiten, wie z.B.<\/p>\n<ul>\n<li>Handwerker<\/li>\n<li>Produktionsgewerbe<\/li>\n<li>Gro\u00df- und Einzelhandel<\/li>\n<li>Export- und Importunternehmen<\/li>\n<li>Dienstleistungssektoren<\/li>\n<\/ul>\n<h4>Eink\u00fcnfte aus selbstst\u00e4ndiger T\u00e4tigkeit<\/h4>\n<p>Unter diese Eink\u00fcnfte fallen Eink\u00fcnfte aus sogenannter freiberuflicher T\u00e4tigkeit. Diese T\u00e4tigkeit muss selbstst\u00e4ndig und eigenverantwortlich von Personen ausgef\u00fchrt werden. Der Unternehmer wird auf eigenes Risiko t\u00e4tig. Typische freiberufliche T\u00e4tigkeiten sind:<\/p>\n<ul>\n<li>\u00c4rzte<\/li>\n<li>Rechtsanw\u00e4lte<\/li>\n<li>Steuerberater<\/li>\n<li>Architekten<\/li>\n<li>Dozenten<\/li>\n<\/ul>\n<h4>Eink\u00fcnfte aus nichtselbstst\u00e4ndiger T\u00e4tigkeit<\/h4>\n<p>Als Eink\u00fcnfte aus nichtselbstst\u00e4ndiger Arbeit\u00a0z\u00e4hlen Eink\u00fcnfte aus Lohn und Gehalt sowie andere Bez\u00fcge und Vorteile f\u00fcr die Besch\u00e4ftigung im privaten und \u00f6ffentlichen Bereich f\u00fcr nichtselbstst\u00e4ndig ausge\u00fcbte T\u00e4tigkeiten. Des Weiteren geh\u00f6ren zu diesen Eink\u00fcnften die Ruhegelder sowie Witwen- und Waisengelder aus fr\u00fcheren Anstellungsverh\u00e4ltnissen.<\/p>\n<h4>Eink\u00fcnfte aus Kapitalverm\u00f6gen<\/h4>\n<p>Die Eink\u00fcnfte aus Kapitalverm\u00f6gen umfassen alle Entgelte aus der \u00dcberlassung von Kapital (Geld). Typische Kapitaleink\u00fcnfte sind:<\/p>\n<ul>\n<li>Dividenden<\/li>\n<li>Zinsen aus Sparanlagen<\/li>\n<li>Diskontertr\u00e4ge<\/li>\n<\/ul>\n<h4>Eink\u00fcnfte aus Vermietung und Verpachtung<\/h4>\n<p>Eink\u00fcnfte aus Vermietung und Verpachtung umfassen die \u00dcbersch\u00fcsse aus der entgeltlichen \u00dcberlassung von Grundst\u00fccken und Geb\u00e4uden sowie von Sachen, Rechten, usw.<\/p>\n<h4>Sonstige Eink\u00fcnfte<\/h4>\n<p>Sonstige Eink\u00fcnfte sind bestimmte Eink\u00fcnfte, die nicht in den anderen Einkunftsarten definiert sind. Es handelt sich allerdings nicht um ein Sammelbecken, da die sonstigen Eink\u00fcnfte genau definiert sind. Zu den typischen sonstigen Eink\u00fcnften z\u00e4hlen:<\/p>\n<ul>\n<li>Rentenbez\u00fcge\u00a0aus der gesetzlichen Rentenversicherung<\/li>\n<li>Wiederkehrende Bez\u00fcge<\/li>\n<li>Private Ver\u00e4u\u00dferungsgesch\u00e4fte<\/li>\n<\/ul>\n","protected":false},"excerpt":{"rendered":"<p>Das deutsche Einkommensteuerrecht untergliedert Eink\u00fcnfte in sieben Kategorien. Eink\u00fcnfte aus Land- und Forstwirtschaft Zu den Eink\u00fcnften geh\u00f6ren die \u00dcbersch\u00fcsse, die durch die Verwertung von selbstgewonnenen Erzeugnissen aus einem Betrieb der Landwirtschaft, Forstwirtschaft, des Wein- und Gartenbaus und Baumschulen sowie aus Betrieben, die Pflanzen und Pflanzenteile mit Hilfe von Naturkr\u00e4ften gewinnen, Teichwirtschaft, Fischzucht f\u00fcr Binnenfischer und [&hellip;]<\/p>\n","protected":false},"author":1,"featured_media":165,"parent":104,"menu_order":3,"comment_status":"closed","ping_status":"closed","template":"","meta":{"_acf_changed":false,"footnotes":""},"class_list":["post-208","page","type-page","status-publish","has-post-thumbnail","hentry"],"acf":[],"yoast_head":"<!-- This site is optimized with the Yoast SEO plugin v27.6 - https:\/\/yoast.com\/product\/yoast-seo-wordpress\/ -->\n<title>Einkommensarten - Dr. Schmidt-Wilke + Partner Steuerberatungsgesellschaft mbH<\/title>\n<meta name=\"robots\" content=\"index, follow, max-snippet:-1, max-image-preview:large, max-video-preview:-1\" \/>\n<link rel=\"canonical\" href=\"https:\/\/www.steuerpraxis.net\/de\/doing-business-in-germany\/einkommensarten\/\" \/>\n<meta property=\"og:locale\" content=\"de_DE\" \/>\n<meta property=\"og:type\" content=\"article\" \/>\n<meta property=\"og:title\" content=\"Einkommensarten - Dr. Schmidt-Wilke + Partner Steuerberatungsgesellschaft mbH\" \/>\n<meta property=\"og:description\" content=\"Das deutsche Einkommensteuerrecht untergliedert Eink\u00fcnfte in sieben Kategorien. Eink\u00fcnfte aus Land- und Forstwirtschaft Zu den Eink\u00fcnften geh\u00f6ren die \u00dcbersch\u00fcsse, die durch die Verwertung von selbstgewonnenen Erzeugnissen aus einem Betrieb der Landwirtschaft, Forstwirtschaft, des Wein- und Gartenbaus und Baumschulen sowie aus Betrieben, die Pflanzen und Pflanzenteile mit Hilfe von Naturkr\u00e4ften gewinnen, Teichwirtschaft, Fischzucht f\u00fcr Binnenfischer und [&hellip;]\" \/>\n<meta property=\"og:url\" content=\"https:\/\/www.steuerpraxis.net\/de\/doing-business-in-germany\/einkommensarten\/\" \/>\n<meta property=\"og:site_name\" content=\"Dr. Schmidt-Wilke + Partner Steuerberatungsgesellschaft mbH\" \/>\n<meta property=\"article:modified_time\" content=\"2016-12-07T14:57:32+00:00\" \/>\n<meta property=\"og:image\" content=\"https:\/\/www.steuerpraxis.net\/wp-content\/uploads\/2015\/09\/entrepreneurial-spirit_flatlr-1024x991.jpg\" \/>\n\t<meta property=\"og:image:width\" content=\"1024\" \/>\n\t<meta property=\"og:image:height\" content=\"991\" \/>\n\t<meta property=\"og:image:type\" content=\"image\/jpeg\" \/>\n<meta name=\"twitter:card\" content=\"summary_large_image\" \/>\n<meta name=\"twitter:label1\" content=\"Gesch\u00e4tzte Lesezeit\" \/>\n\t<meta name=\"twitter:data1\" content=\"2\u00a0Minuten\" \/>\n<script type=\"application\/ld+json\" class=\"yoast-schema-graph\">{\"@context\":\"https:\\\/\\\/schema.org\",\"@graph\":[{\"@type\":\"WebPage\",\"@id\":\"https:\\\/\\\/www.steuerpraxis.net\\\/de\\\/doing-business-in-germany\\\/einkommensarten\\\/\",\"url\":\"https:\\\/\\\/www.steuerpraxis.net\\\/de\\\/doing-business-in-germany\\\/einkommensarten\\\/\",\"name\":\"Einkommensarten - Dr. Schmidt-Wilke + Partner Steuerberatungsgesellschaft mbH\",\"isPartOf\":{\"@id\":\"https:\\\/\\\/www.steuerpraxis.net\\\/de\\\/#website\"},\"primaryImageOfPage\":{\"@id\":\"https:\\\/\\\/www.steuerpraxis.net\\\/de\\\/doing-business-in-germany\\\/einkommensarten\\\/#primaryimage\"},\"image\":{\"@id\":\"https:\\\/\\\/www.steuerpraxis.net\\\/de\\\/doing-business-in-germany\\\/einkommensarten\\\/#primaryimage\"},\"thumbnailUrl\":\"https:\\\/\\\/www.steuerpraxis.net\\\/wp-content\\\/uploads\\\/2015\\\/09\\\/entrepreneurial-spirit_flatlr.jpg\",\"datePublished\":\"2016-10-28T11:38:12+00:00\",\"dateModified\":\"2016-12-07T14:57:32+00:00\",\"breadcrumb\":{\"@id\":\"https:\\\/\\\/www.steuerpraxis.net\\\/de\\\/doing-business-in-germany\\\/einkommensarten\\\/#breadcrumb\"},\"inLanguage\":\"de\",\"potentialAction\":[{\"@type\":\"ReadAction\",\"target\":[\"https:\\\/\\\/www.steuerpraxis.net\\\/de\\\/doing-business-in-germany\\\/einkommensarten\\\/\"]}]},{\"@type\":\"ImageObject\",\"inLanguage\":\"de\",\"@id\":\"https:\\\/\\\/www.steuerpraxis.net\\\/de\\\/doing-business-in-germany\\\/einkommensarten\\\/#primaryimage\",\"url\":\"https:\\\/\\\/www.steuerpraxis.net\\\/wp-content\\\/uploads\\\/2015\\\/09\\\/entrepreneurial-spirit_flatlr.jpg\",\"contentUrl\":\"https:\\\/\\\/www.steuerpraxis.net\\\/wp-content\\\/uploads\\\/2015\\\/09\\\/entrepreneurial-spirit_flatlr.jpg\",\"width\":7323,\"height\":7087},{\"@type\":\"BreadcrumbList\",\"@id\":\"https:\\\/\\\/www.steuerpraxis.net\\\/de\\\/doing-business-in-germany\\\/einkommensarten\\\/#breadcrumb\",\"itemListElement\":[{\"@type\":\"ListItem\",\"position\":1,\"name\":\"Startseite\",\"item\":\"https:\\\/\\\/www.steuerpraxis.net\\\/de\\\/\"},{\"@type\":\"ListItem\",\"position\":2,\"name\":\"Doing Business in Germany\",\"item\":\"https:\\\/\\\/www.steuerpraxis.net\\\/de\\\/doing-business-in-germany\\\/\"},{\"@type\":\"ListItem\",\"position\":3,\"name\":\"Einkommensarten\"}]},{\"@type\":\"WebSite\",\"@id\":\"https:\\\/\\\/www.steuerpraxis.net\\\/de\\\/#website\",\"url\":\"https:\\\/\\\/www.steuerpraxis.net\\\/de\\\/\",\"name\":\"Dr. Schmidt-Wilke + Partner Steuerberatungsgesellschaft mbH\",\"description\":\"Magdeburg\",\"potentialAction\":[{\"@type\":\"SearchAction\",\"target\":{\"@type\":\"EntryPoint\",\"urlTemplate\":\"https:\\\/\\\/www.steuerpraxis.net\\\/de\\\/?s={search_term_string}\"},\"query-input\":{\"@type\":\"PropertyValueSpecification\",\"valueRequired\":true,\"valueName\":\"search_term_string\"}}],\"inLanguage\":\"de\"}]}<\/script>\n<!-- \/ Yoast SEO plugin. -->","yoast_head_json":{"title":"Einkommensarten - Dr. Schmidt-Wilke + Partner Steuerberatungsgesellschaft mbH","robots":{"index":"index","follow":"follow","max-snippet":"max-snippet:-1","max-image-preview":"max-image-preview:large","max-video-preview":"max-video-preview:-1"},"canonical":"https:\/\/www.steuerpraxis.net\/de\/doing-business-in-germany\/einkommensarten\/","og_locale":"de_DE","og_type":"article","og_title":"Einkommensarten - Dr. Schmidt-Wilke + Partner Steuerberatungsgesellschaft mbH","og_description":"Das deutsche Einkommensteuerrecht untergliedert Eink\u00fcnfte in sieben Kategorien. Eink\u00fcnfte aus Land- und Forstwirtschaft Zu den Eink\u00fcnften geh\u00f6ren die \u00dcbersch\u00fcsse, die durch die Verwertung von selbstgewonnenen Erzeugnissen aus einem Betrieb der Landwirtschaft, Forstwirtschaft, des Wein- und Gartenbaus und Baumschulen sowie aus Betrieben, die Pflanzen und Pflanzenteile mit Hilfe von Naturkr\u00e4ften gewinnen, Teichwirtschaft, Fischzucht f\u00fcr Binnenfischer und [&hellip;]","og_url":"https:\/\/www.steuerpraxis.net\/de\/doing-business-in-germany\/einkommensarten\/","og_site_name":"Dr. Schmidt-Wilke + Partner Steuerberatungsgesellschaft mbH","article_modified_time":"2016-12-07T14:57:32+00:00","og_image":[{"width":1024,"height":991,"url":"https:\/\/www.steuerpraxis.net\/wp-content\/uploads\/2015\/09\/entrepreneurial-spirit_flatlr-1024x991.jpg","type":"image\/jpeg"}],"twitter_card":"summary_large_image","twitter_misc":{"Gesch\u00e4tzte Lesezeit":"2\u00a0Minuten"},"schema":{"@context":"https:\/\/schema.org","@graph":[{"@type":"WebPage","@id":"https:\/\/www.steuerpraxis.net\/de\/doing-business-in-germany\/einkommensarten\/","url":"https:\/\/www.steuerpraxis.net\/de\/doing-business-in-germany\/einkommensarten\/","name":"Einkommensarten - Dr. Schmidt-Wilke + Partner Steuerberatungsgesellschaft mbH","isPartOf":{"@id":"https:\/\/www.steuerpraxis.net\/de\/#website"},"primaryImageOfPage":{"@id":"https:\/\/www.steuerpraxis.net\/de\/doing-business-in-germany\/einkommensarten\/#primaryimage"},"image":{"@id":"https:\/\/www.steuerpraxis.net\/de\/doing-business-in-germany\/einkommensarten\/#primaryimage"},"thumbnailUrl":"https:\/\/www.steuerpraxis.net\/wp-content\/uploads\/2015\/09\/entrepreneurial-spirit_flatlr.jpg","datePublished":"2016-10-28T11:38:12+00:00","dateModified":"2016-12-07T14:57:32+00:00","breadcrumb":{"@id":"https:\/\/www.steuerpraxis.net\/de\/doing-business-in-germany\/einkommensarten\/#breadcrumb"},"inLanguage":"de","potentialAction":[{"@type":"ReadAction","target":["https:\/\/www.steuerpraxis.net\/de\/doing-business-in-germany\/einkommensarten\/"]}]},{"@type":"ImageObject","inLanguage":"de","@id":"https:\/\/www.steuerpraxis.net\/de\/doing-business-in-germany\/einkommensarten\/#primaryimage","url":"https:\/\/www.steuerpraxis.net\/wp-content\/uploads\/2015\/09\/entrepreneurial-spirit_flatlr.jpg","contentUrl":"https:\/\/www.steuerpraxis.net\/wp-content\/uploads\/2015\/09\/entrepreneurial-spirit_flatlr.jpg","width":7323,"height":7087},{"@type":"BreadcrumbList","@id":"https:\/\/www.steuerpraxis.net\/de\/doing-business-in-germany\/einkommensarten\/#breadcrumb","itemListElement":[{"@type":"ListItem","position":1,"name":"Startseite","item":"https:\/\/www.steuerpraxis.net\/de\/"},{"@type":"ListItem","position":2,"name":"Doing Business in Germany","item":"https:\/\/www.steuerpraxis.net\/de\/doing-business-in-germany\/"},{"@type":"ListItem","position":3,"name":"Einkommensarten"}]},{"@type":"WebSite","@id":"https:\/\/www.steuerpraxis.net\/de\/#website","url":"https:\/\/www.steuerpraxis.net\/de\/","name":"Dr. Schmidt-Wilke + Partner Steuerberatungsgesellschaft mbH","description":"Magdeburg","potentialAction":[{"@type":"SearchAction","target":{"@type":"EntryPoint","urlTemplate":"https:\/\/www.steuerpraxis.net\/de\/?s={search_term_string}"},"query-input":{"@type":"PropertyValueSpecification","valueRequired":true,"valueName":"search_term_string"}}],"inLanguage":"de"}]}},"_links":{"self":[{"href":"https:\/\/www.steuerpraxis.net\/de\/wp-json\/wp\/v2\/pages\/208","targetHints":{"allow":["GET"]}}],"collection":[{"href":"https:\/\/www.steuerpraxis.net\/de\/wp-json\/wp\/v2\/pages"}],"about":[{"href":"https:\/\/www.steuerpraxis.net\/de\/wp-json\/wp\/v2\/types\/page"}],"author":[{"embeddable":true,"href":"https:\/\/www.steuerpraxis.net\/de\/wp-json\/wp\/v2\/users\/1"}],"replies":[{"embeddable":true,"href":"https:\/\/www.steuerpraxis.net\/de\/wp-json\/wp\/v2\/comments?post=208"}],"version-history":[{"count":4,"href":"https:\/\/www.steuerpraxis.net\/de\/wp-json\/wp\/v2\/pages\/208\/revisions"}],"predecessor-version":[{"id":1354,"href":"https:\/\/www.steuerpraxis.net\/de\/wp-json\/wp\/v2\/pages\/208\/revisions\/1354"}],"up":[{"embeddable":true,"href":"https:\/\/www.steuerpraxis.net\/de\/wp-json\/wp\/v2\/pages\/104"}],"wp:featuredmedia":[{"embeddable":true,"href":"https:\/\/www.steuerpraxis.net\/de\/wp-json\/wp\/v2\/media\/165"}],"wp:attachment":[{"href":"https:\/\/www.steuerpraxis.net\/de\/wp-json\/wp\/v2\/media?parent=208"}],"curies":[{"name":"wp","href":"https:\/\/api.w.org\/{rel}","templated":true}]}}