{"id":210,"date":"2016-10-28T13:43:00","date_gmt":"2016-10-28T11:43:00","guid":{"rendered":"https:\/\/www.steuerpraxis.net\/?page_id=210"},"modified":"2026-02-25T13:33:19","modified_gmt":"2026-02-25T12:33:19","slug":"besteuerung-des-einkommens","status":"publish","type":"page","link":"https:\/\/www.steuerpraxis.net\/de\/doing-business-in-germany\/besteuerung-des-einkommens\/","title":{"rendered":"Besteuerung des Einkommens"},"content":{"rendered":"<h4>Einkommensteuer<\/h4>\n<p>Die Einkommen von nat\u00fcrlichen Personen unterliegen dem Einkommensteuergesetz. Hierbei ist das gesamte Welteinkommen von nat\u00fcrlichen Personen, die in Deutschland ihren Wohnsitz oder gew\u00f6hnlichen Aufenthalt haben, anzusetzen (unbeschr\u00e4nkte Steuerpflicht).<\/p>\n<p>F\u00fcr nat\u00fcrliche Personen, die ihren Wohnsitz oder gew\u00f6hnlichen Aufenthalt nicht in Deutschland haben, gilt grunds\u00e4tzlich, dass bestimmte Eink\u00fcnfte, die ihre Quelle in Deutschland haben, in Deutschland zur Steuerpflicht (beschr\u00e4nkte Steuerpflicht) f\u00fchren. Das hat zur Folge, dass nat\u00fcrliche Personen mit Wohnsitz im Ausland diese inl\u00e4ndischen Eink\u00fcnfte erkl\u00e4ren m\u00fcssen.<\/p>\n<p>Um eine Doppelbesteuerung zu vermeiden, hat Deutschland\u00a0mit einer Vielzahl von anderen Staaten Doppelbesteuerungsabkommen abgeschlossen.<\/p>\n<p>Die deutsche Einkommensteuer ist eine progressive Steuer. Der Steuersatz ist somit abh\u00e4ngig vom entsprechenden Einkommen.<\/p>\n<p>Zus\u00e4tzlich zur Einkommenssteuer werden 5,5% Solidarit\u00e4tszuschlag von der Einkommenssteuer erhoben. Freibetrag<strong>:<\/strong> Seit 2021 besteht f\u00fcr den Solidarit\u00e4tszuschlag bei der Einkommensteuer ein Freibetrag von 20.350 \u20ac pro Person und 40.700 \u20ac f\u00fcr zusammen Veranlagte (Stand: 2026)<\/p>\n<p>Von Personen, die einer staatlich anerkannten Religionsgemeinschaft angeh\u00f6ren, wird eine Kirchensteuer erhoben. Diese bemisst sich nach der\u00a0jeweiligen Religionsgemeinschaft von der Einkommensteuer.<\/p>\n<p>F\u00fcr Kapitalertr\u00e4ge gilt grunds\u00e4tzlich die Abgeltungssteuer als Quellensteuer. Der Standardsteuersatz betr\u00e4gt 25% zuz\u00fcglich Solidarit\u00e4tszuschlag und gegebenenfalls Kirchensteuer. Es besteht ein Optionsrecht f\u00fcr Kapitalertr\u00e4ge, die Besteuerung mit dem Einkommensteuersatz durchzuf\u00fchren. Hier muss eine G\u00fcnstigerpr\u00fcfung vorgenommen werden, um zu pr\u00fcfen, welche Variante von Vorteil ist.<\/p>\n<h4>K\u00f6rperschaftsteuer<\/h4>\n<p>Das Einkommen von Kapitalgesellschaften wird grunds\u00e4tzlich nach dem K\u00f6rperschaftsteuergesetz besteuert. Der Standardk\u00f6rperschaftsteuersatz betr\u00e4gt 15 % zuz\u00fcglich 5,5% Solidarit\u00e4tszuschlag.<\/p>\n<h4>Gewerbesteuer<\/h4>\n<p>Die Gewerbesteuer ist eine lokale Abgabe f\u00fcr gewerbliche Eink\u00fcnfte. Hierbei h\u00e4ngt der Steuersatz von der entsprechenden Region ab. Im Durchschnitt betr\u00e4gt die Gewerbesteuer 17 % vom Einkommen.<\/p>\n<p>Grunds\u00e4tzlich ist es f\u00fcr nat\u00fcrliche Personen m\u00f6glich, die Gewerbesteuer auf die Einkommenssteuer anzurechnen (max. in H\u00f6he der Einkommensteuer). Diese Anrechnung f\u00fchrt bei nat\u00fcrlichen Personen zu einer entsprechenden Steuerentlastung.<\/p>\n<p>Bei der Gewerbesteuer haben nat\u00fcrliche Personen und Personengesellschaften einen Freibetrag in H\u00f6he von 24.500 \u20ac.<\/p>\n<h4>Aktuelle Steuers\u00e4tze in Deutschland<\/h4>\n<div class=\"table-responsive\">\n<table style=\"width: 80.2388%; height: 184px;\">\n<tbody>\n<tr style=\"height: 23px;\">\n<td style=\"padding: 5px; width: 353px; height: 23px;\"><strong>Grundfreibetrag f\u00fcr unbeschr\u00e4nkt Steuerpflichtige<\/strong><\/td>\n<td style=\"padding: 5px; width: 353px; height: 23px;\">12.348 \u20ac (Grundtabelle)<br \/>\n24.696 \u20ac (Splittingtabelle)<\/td>\n<\/tr>\n<tr style=\"height: 23px;\">\n<td style=\"padding: 5px; width: 353px; height: 23px;\"><strong>Eingangssteuersatz<\/strong><\/td>\n<td style=\"padding: 5px; width: 353px; height: 23px;\"><strong>14 %<\/strong><\/td>\n<\/tr>\n<tr style=\"height: 23px;\">\n<td style=\"padding: 5px; width: 353px; height: 23px;\"><strong>Spitzensteuersatz<\/strong><\/td>\n<td style=\"padding: 5px; width: 353px; height: 23px;\"><strong>42 %<\/strong><br \/>\n69.879 \u20ac (Grundtabelle)<br \/>\n139..758 \u20ac (Splittingtabelle)<\/td>\n<\/tr>\n<tr style=\"height: 23px;\">\n<td style=\"padding: 5px; width: 353px; height: 23px;\"><strong>Solidarit\u00e4tszuschlag<\/strong><\/td>\n<td style=\"padding: 5px; width: 353px; height: 23px;\"><strong>5,5 % *<\/strong><\/td>\n<\/tr>\n<tr style=\"height: 23px;\">\n<td style=\"padding: 5px; width: 353px; height: 23px;\"><strong>Kirchensteuer<\/strong><\/td>\n<td style=\"padding: 5px; width: 353px; height: 23px;\">je nach Bundesland 8 % oder 9 %<\/td>\n<\/tr>\n<tr style=\"height: 23px;\">\n<td style=\"padding: 5px; width: 353px; height: 23px;\"><strong>Reichensteuer<\/strong><\/td>\n<td style=\"padding: 5px; width: 353px; height: 23px;\"><strong>45 %<\/strong><br \/>\nab 277.826 \u20ac (Grundtabelle)<br \/>\nab 555.652 \u20ac (Splittingtabelle)<\/td>\n<\/tr>\n<tr style=\"height: 23px;\">\n<td style=\"padding: 5px; width: 353px; height: 23px;\"><strong>K\u00f6rperschaftsteuer<\/strong><\/td>\n<td style=\"padding: 5px; width: 353px; height: 23px;\"><strong>15 %<\/strong><\/td>\n<\/tr>\n<tr style=\"height: 23px;\">\n<td style=\"padding: 5px; width: 353px; height: 23px;\"><strong>Abgeltungsteuer f\u00fcr Kapitalertr\u00e4ge<\/strong><\/td>\n<td style=\"padding: 5px; width: 353px; height: 23px;\"><strong>25 %<\/strong><\/td>\n<\/tr>\n<\/tbody>\n<\/table>\n<\/div>\n<p>Stand: 01\/2026<\/p>\n<p>*<strong>Freibetrag:<\/strong> Seit 2021 besteht f\u00fcr den Solidarit\u00e4tszuschlag bei der Einkommensteuer ein Freibetrag von 20.350 \u20ac pro Person und 40.700 \u20ac f\u00fcr zusammen Veranlagte<\/p>\n<p>Die Grundtabelle gilt f\u00fcr die Einzelveranlagung (ledig und geschieden). Die Splittingtabelle gilt in der Regel f\u00fcr die Zusammenveranlagung (Ehegatten).<\/p>\n<p>Diese Ausf\u00fchrungen sollen einen Einblick in die Besteuerung des Einkommens aufzeigen. Die Ausf\u00fchrungen sind nicht abschlie\u00dfend.<\/p>\n","protected":false},"excerpt":{"rendered":"<p>Einkommensteuer Die Einkommen von nat\u00fcrlichen Personen unterliegen dem Einkommensteuergesetz. Hierbei ist das gesamte Welteinkommen von nat\u00fcrlichen Personen, die in Deutschland ihren Wohnsitz oder gew\u00f6hnlichen Aufenthalt haben, anzusetzen (unbeschr\u00e4nkte Steuerpflicht). F\u00fcr nat\u00fcrliche Personen, die ihren Wohnsitz oder gew\u00f6hnlichen Aufenthalt nicht in Deutschland haben, gilt grunds\u00e4tzlich, dass bestimmte Eink\u00fcnfte, die ihre Quelle in Deutschland haben, in Deutschland [&hellip;]<\/p>\n","protected":false},"author":1,"featured_media":165,"parent":104,"menu_order":4,"comment_status":"closed","ping_status":"closed","template":"","meta":{"_acf_changed":false,"footnotes":""},"class_list":["post-210","page","type-page","status-publish","has-post-thumbnail","hentry"],"acf":[],"yoast_head":"<!-- This site is optimized with the Yoast SEO plugin v27.6 - https:\/\/yoast.com\/product\/yoast-seo-wordpress\/ -->\n<title>Besteuerung des Einkommens - Dr. Schmidt-Wilke + Partner Steuerberatungsgesellschaft mbH<\/title>\n<meta name=\"robots\" content=\"index, follow, max-snippet:-1, max-image-preview:large, max-video-preview:-1\" \/>\n<link rel=\"canonical\" href=\"https:\/\/www.steuerpraxis.net\/de\/doing-business-in-germany\/besteuerung-des-einkommens\/\" \/>\n<meta property=\"og:locale\" content=\"de_DE\" \/>\n<meta property=\"og:type\" content=\"article\" \/>\n<meta property=\"og:title\" content=\"Besteuerung des Einkommens - Dr. Schmidt-Wilke + Partner Steuerberatungsgesellschaft mbH\" \/>\n<meta property=\"og:description\" content=\"Einkommensteuer Die Einkommen von nat\u00fcrlichen Personen unterliegen dem Einkommensteuergesetz. Hierbei ist das gesamte Welteinkommen von nat\u00fcrlichen Personen, die in Deutschland ihren Wohnsitz oder gew\u00f6hnlichen Aufenthalt haben, anzusetzen (unbeschr\u00e4nkte Steuerpflicht). F\u00fcr nat\u00fcrliche Personen, die ihren Wohnsitz oder gew\u00f6hnlichen Aufenthalt nicht in Deutschland haben, gilt grunds\u00e4tzlich, dass bestimmte Eink\u00fcnfte, die ihre Quelle in Deutschland haben, in Deutschland [&hellip;]\" \/>\n<meta property=\"og:url\" content=\"https:\/\/www.steuerpraxis.net\/de\/doing-business-in-germany\/besteuerung-des-einkommens\/\" \/>\n<meta property=\"og:site_name\" content=\"Dr. Schmidt-Wilke + Partner Steuerberatungsgesellschaft mbH\" \/>\n<meta property=\"article:modified_time\" content=\"2026-02-25T12:33:19+00:00\" \/>\n<meta property=\"og:image\" content=\"https:\/\/www.steuerpraxis.net\/wp-content\/uploads\/2015\/09\/entrepreneurial-spirit_flatlr-1024x991.jpg\" \/>\n\t<meta property=\"og:image:width\" content=\"1024\" \/>\n\t<meta property=\"og:image:height\" content=\"991\" \/>\n\t<meta property=\"og:image:type\" content=\"image\/jpeg\" \/>\n<meta name=\"twitter:card\" content=\"summary_large_image\" \/>\n<meta name=\"twitter:label1\" content=\"Gesch\u00e4tzte Lesezeit\" \/>\n\t<meta name=\"twitter:data1\" content=\"3\u00a0Minuten\" \/>\n<script type=\"application\/ld+json\" class=\"yoast-schema-graph\">{\"@context\":\"https:\\\/\\\/schema.org\",\"@graph\":[{\"@type\":\"WebPage\",\"@id\":\"https:\\\/\\\/www.steuerpraxis.net\\\/de\\\/doing-business-in-germany\\\/besteuerung-des-einkommens\\\/\",\"url\":\"https:\\\/\\\/www.steuerpraxis.net\\\/de\\\/doing-business-in-germany\\\/besteuerung-des-einkommens\\\/\",\"name\":\"Besteuerung des Einkommens - Dr. Schmidt-Wilke + Partner Steuerberatungsgesellschaft mbH\",\"isPartOf\":{\"@id\":\"https:\\\/\\\/www.steuerpraxis.net\\\/de\\\/#website\"},\"primaryImageOfPage\":{\"@id\":\"https:\\\/\\\/www.steuerpraxis.net\\\/de\\\/doing-business-in-germany\\\/besteuerung-des-einkommens\\\/#primaryimage\"},\"image\":{\"@id\":\"https:\\\/\\\/www.steuerpraxis.net\\\/de\\\/doing-business-in-germany\\\/besteuerung-des-einkommens\\\/#primaryimage\"},\"thumbnailUrl\":\"https:\\\/\\\/www.steuerpraxis.net\\\/wp-content\\\/uploads\\\/2015\\\/09\\\/entrepreneurial-spirit_flatlr.jpg\",\"datePublished\":\"2016-10-28T11:43:00+00:00\",\"dateModified\":\"2026-02-25T12:33:19+00:00\",\"breadcrumb\":{\"@id\":\"https:\\\/\\\/www.steuerpraxis.net\\\/de\\\/doing-business-in-germany\\\/besteuerung-des-einkommens\\\/#breadcrumb\"},\"inLanguage\":\"de\",\"potentialAction\":[{\"@type\":\"ReadAction\",\"target\":[\"https:\\\/\\\/www.steuerpraxis.net\\\/de\\\/doing-business-in-germany\\\/besteuerung-des-einkommens\\\/\"]}]},{\"@type\":\"ImageObject\",\"inLanguage\":\"de\",\"@id\":\"https:\\\/\\\/www.steuerpraxis.net\\\/de\\\/doing-business-in-germany\\\/besteuerung-des-einkommens\\\/#primaryimage\",\"url\":\"https:\\\/\\\/www.steuerpraxis.net\\\/wp-content\\\/uploads\\\/2015\\\/09\\\/entrepreneurial-spirit_flatlr.jpg\",\"contentUrl\":\"https:\\\/\\\/www.steuerpraxis.net\\\/wp-content\\\/uploads\\\/2015\\\/09\\\/entrepreneurial-spirit_flatlr.jpg\",\"width\":7323,\"height\":7087},{\"@type\":\"BreadcrumbList\",\"@id\":\"https:\\\/\\\/www.steuerpraxis.net\\\/de\\\/doing-business-in-germany\\\/besteuerung-des-einkommens\\\/#breadcrumb\",\"itemListElement\":[{\"@type\":\"ListItem\",\"position\":1,\"name\":\"Startseite\",\"item\":\"https:\\\/\\\/www.steuerpraxis.net\\\/de\\\/\"},{\"@type\":\"ListItem\",\"position\":2,\"name\":\"Doing Business in Germany\",\"item\":\"https:\\\/\\\/www.steuerpraxis.net\\\/de\\\/doing-business-in-germany\\\/\"},{\"@type\":\"ListItem\",\"position\":3,\"name\":\"Besteuerung des Einkommens\"}]},{\"@type\":\"WebSite\",\"@id\":\"https:\\\/\\\/www.steuerpraxis.net\\\/de\\\/#website\",\"url\":\"https:\\\/\\\/www.steuerpraxis.net\\\/de\\\/\",\"name\":\"Dr. Schmidt-Wilke + Partner Steuerberatungsgesellschaft mbH\",\"description\":\"Magdeburg\",\"potentialAction\":[{\"@type\":\"SearchAction\",\"target\":{\"@type\":\"EntryPoint\",\"urlTemplate\":\"https:\\\/\\\/www.steuerpraxis.net\\\/de\\\/?s={search_term_string}\"},\"query-input\":{\"@type\":\"PropertyValueSpecification\",\"valueRequired\":true,\"valueName\":\"search_term_string\"}}],\"inLanguage\":\"de\"}]}<\/script>\n<!-- \/ Yoast SEO plugin. -->","yoast_head_json":{"title":"Besteuerung des Einkommens - Dr. Schmidt-Wilke + Partner Steuerberatungsgesellschaft mbH","robots":{"index":"index","follow":"follow","max-snippet":"max-snippet:-1","max-image-preview":"max-image-preview:large","max-video-preview":"max-video-preview:-1"},"canonical":"https:\/\/www.steuerpraxis.net\/de\/doing-business-in-germany\/besteuerung-des-einkommens\/","og_locale":"de_DE","og_type":"article","og_title":"Besteuerung des Einkommens - Dr. Schmidt-Wilke + Partner Steuerberatungsgesellschaft mbH","og_description":"Einkommensteuer Die Einkommen von nat\u00fcrlichen Personen unterliegen dem Einkommensteuergesetz. Hierbei ist das gesamte Welteinkommen von nat\u00fcrlichen Personen, die in Deutschland ihren Wohnsitz oder gew\u00f6hnlichen Aufenthalt haben, anzusetzen (unbeschr\u00e4nkte Steuerpflicht). F\u00fcr nat\u00fcrliche Personen, die ihren Wohnsitz oder gew\u00f6hnlichen Aufenthalt nicht in Deutschland haben, gilt grunds\u00e4tzlich, dass bestimmte Eink\u00fcnfte, die ihre Quelle in Deutschland haben, in Deutschland [&hellip;]","og_url":"https:\/\/www.steuerpraxis.net\/de\/doing-business-in-germany\/besteuerung-des-einkommens\/","og_site_name":"Dr. Schmidt-Wilke + Partner Steuerberatungsgesellschaft mbH","article_modified_time":"2026-02-25T12:33:19+00:00","og_image":[{"width":1024,"height":991,"url":"https:\/\/www.steuerpraxis.net\/wp-content\/uploads\/2015\/09\/entrepreneurial-spirit_flatlr-1024x991.jpg","type":"image\/jpeg"}],"twitter_card":"summary_large_image","twitter_misc":{"Gesch\u00e4tzte Lesezeit":"3\u00a0Minuten"},"schema":{"@context":"https:\/\/schema.org","@graph":[{"@type":"WebPage","@id":"https:\/\/www.steuerpraxis.net\/de\/doing-business-in-germany\/besteuerung-des-einkommens\/","url":"https:\/\/www.steuerpraxis.net\/de\/doing-business-in-germany\/besteuerung-des-einkommens\/","name":"Besteuerung des Einkommens - Dr. Schmidt-Wilke + Partner Steuerberatungsgesellschaft mbH","isPartOf":{"@id":"https:\/\/www.steuerpraxis.net\/de\/#website"},"primaryImageOfPage":{"@id":"https:\/\/www.steuerpraxis.net\/de\/doing-business-in-germany\/besteuerung-des-einkommens\/#primaryimage"},"image":{"@id":"https:\/\/www.steuerpraxis.net\/de\/doing-business-in-germany\/besteuerung-des-einkommens\/#primaryimage"},"thumbnailUrl":"https:\/\/www.steuerpraxis.net\/wp-content\/uploads\/2015\/09\/entrepreneurial-spirit_flatlr.jpg","datePublished":"2016-10-28T11:43:00+00:00","dateModified":"2026-02-25T12:33:19+00:00","breadcrumb":{"@id":"https:\/\/www.steuerpraxis.net\/de\/doing-business-in-germany\/besteuerung-des-einkommens\/#breadcrumb"},"inLanguage":"de","potentialAction":[{"@type":"ReadAction","target":["https:\/\/www.steuerpraxis.net\/de\/doing-business-in-germany\/besteuerung-des-einkommens\/"]}]},{"@type":"ImageObject","inLanguage":"de","@id":"https:\/\/www.steuerpraxis.net\/de\/doing-business-in-germany\/besteuerung-des-einkommens\/#primaryimage","url":"https:\/\/www.steuerpraxis.net\/wp-content\/uploads\/2015\/09\/entrepreneurial-spirit_flatlr.jpg","contentUrl":"https:\/\/www.steuerpraxis.net\/wp-content\/uploads\/2015\/09\/entrepreneurial-spirit_flatlr.jpg","width":7323,"height":7087},{"@type":"BreadcrumbList","@id":"https:\/\/www.steuerpraxis.net\/de\/doing-business-in-germany\/besteuerung-des-einkommens\/#breadcrumb","itemListElement":[{"@type":"ListItem","position":1,"name":"Startseite","item":"https:\/\/www.steuerpraxis.net\/de\/"},{"@type":"ListItem","position":2,"name":"Doing Business in Germany","item":"https:\/\/www.steuerpraxis.net\/de\/doing-business-in-germany\/"},{"@type":"ListItem","position":3,"name":"Besteuerung des Einkommens"}]},{"@type":"WebSite","@id":"https:\/\/www.steuerpraxis.net\/de\/#website","url":"https:\/\/www.steuerpraxis.net\/de\/","name":"Dr. Schmidt-Wilke + Partner Steuerberatungsgesellschaft mbH","description":"Magdeburg","potentialAction":[{"@type":"SearchAction","target":{"@type":"EntryPoint","urlTemplate":"https:\/\/www.steuerpraxis.net\/de\/?s={search_term_string}"},"query-input":{"@type":"PropertyValueSpecification","valueRequired":true,"valueName":"search_term_string"}}],"inLanguage":"de"}]}},"_links":{"self":[{"href":"https:\/\/www.steuerpraxis.net\/de\/wp-json\/wp\/v2\/pages\/210","targetHints":{"allow":["GET"]}}],"collection":[{"href":"https:\/\/www.steuerpraxis.net\/de\/wp-json\/wp\/v2\/pages"}],"about":[{"href":"https:\/\/www.steuerpraxis.net\/de\/wp-json\/wp\/v2\/types\/page"}],"author":[{"embeddable":true,"href":"https:\/\/www.steuerpraxis.net\/de\/wp-json\/wp\/v2\/users\/1"}],"replies":[{"embeddable":true,"href":"https:\/\/www.steuerpraxis.net\/de\/wp-json\/wp\/v2\/comments?post=210"}],"version-history":[{"count":17,"href":"https:\/\/www.steuerpraxis.net\/de\/wp-json\/wp\/v2\/pages\/210\/revisions"}],"predecessor-version":[{"id":4698,"href":"https:\/\/www.steuerpraxis.net\/de\/wp-json\/wp\/v2\/pages\/210\/revisions\/4698"}],"up":[{"embeddable":true,"href":"https:\/\/www.steuerpraxis.net\/de\/wp-json\/wp\/v2\/pages\/104"}],"wp:featuredmedia":[{"embeddable":true,"href":"https:\/\/www.steuerpraxis.net\/de\/wp-json\/wp\/v2\/media\/165"}],"wp:attachment":[{"href":"https:\/\/www.steuerpraxis.net\/de\/wp-json\/wp\/v2\/media?parent=210"}],"curies":[{"name":"wp","href":"https:\/\/api.w.org\/{rel}","templated":true}]}}