{"id":221,"date":"2016-10-28T13:51:05","date_gmt":"2016-10-28T11:51:05","guid":{"rendered":"https:\/\/www.steuerpraxis.net\/?page_id=221"},"modified":"2026-02-25T14:00:14","modified_gmt":"2026-02-25T13:00:14","slug":"andere-besteuerungsformen","status":"publish","type":"page","link":"https:\/\/www.steuerpraxis.net\/de\/doing-business-in-germany\/andere-besteuerungsformen\/","title":{"rendered":"Andere Besteuerungsformen"},"content":{"rendered":"<p>Weitere Besteuerungsformen, die in der Praxis von Bedeutung sind:<\/p>\n<h4>Umsatzsteuer<\/h4>\n<p>Der aktuelle Regelumsatzsteuersatz betr\u00e4gt in Deutschland 19%. F\u00fcr bestimmte Produkte, wie zum Beispiel Lebensmittel, B\u00fccher, Blumen und Pflanzen, gilt ein erm\u00e4\u00dfigter Steuersatz von 7%. Die Umsatzsteuer wird grunds\u00e4tzlich vom leistenden Unternehmen eingenommen und ist an das Finanzamt abzuf\u00fchren.<\/p>\n<h4>Grunderwerbsteuer<\/h4>\n<p>Die Grunderwerbssteuer ist eine einmalige Steuer, die beim Kauf\/Verkauf eines Geb\u00e4udes\/Grundst\u00fcckes anf\u00e4llt. Voraussetzung f\u00fcr die Grunderwerbsteuer ist, dass ein inl\u00e4ndisches Grundst\u00fcck einem Erwerbsvorgang und einem Rechtstr\u00e4gerwechsel unterliegt. Es sind allerdings auch einige Besonderheiten zu beachten, die einer Steuerbefreiung unterliegen. Der Steuersatz betr\u00e4gt in Deutschland im Normalfall zwischen 3,5% und 6,5% des entsprechenden Kaufpreises. Aufgrund des F\u00f6deralismus\u00a0kann jedes Bundesland einen anderen Steuersatz festlegen.<\/p>\n<h4>Grundsteuer<\/h4>\n<p>Die Grundsteuer ist eine Steuer auf den Besitz von Grundst\u00fccken. Sie wird von den Gemeinden erhoben.<\/p>\n<h4>Erbschaft- \/ Schenkungsteuer<\/h4>\n<p>Die Erbschaftsteuer ist eine Steuer, die den \u00dcbergang des Verm\u00f6gens bei einem Todesfall von dem Verstorbenen auf den Erben besteuert. Hierbei wird der Verm\u00f6gens\u00fcbergang (Nachlass) besteuert. Es handelt sich um eine sogenannte Nachlasssteuer.<\/p>\n<p>Bei der Schenkungsteuer ist der entgeltliche \u00dcbergang von Verm\u00f6gen vom Schenker auf den Beschenkten zu besteuern.<\/p>\n<h4>Besteuerung von Geh\u00e4ltern<\/h4>\n<p>Bei Personen, die ein monatliches Einkommen aus nicht selbstst\u00e4ndiger Arbeit beziehen, ist eine monatliche Lohnsteuer vom Arbeitgeber einzubehalten (zzgl. Solidarit\u00e4tszuschlag und ggf. Kirchensteuer).<\/p>\n<p>Die Lohnsteuer ist eine Erhebungsform der Einkommenssteuer. Die H\u00f6he der Steuer h\u00e4ngt von den individuellen Merkmalen, wie z.B. Familienstand, Einkommen, Kinder, ab. Am Ende des Steuerjahres wird \u00fcber den Lohnsteuerausgleich bzw. die Einkommensteuererkl\u00e4rung die korrekte Jahressteuer ermittelt und als Einkommenssteuer festgesetzt (Lohnsteuererkl\u00e4rung des Arbeitnehmers).<\/p>\n<p>Neben der Lohnsteuer hat der Arbeitgeber bei der Lohnabrechnung des Arbeitnehmers in der Regel die Sozialabgaben f\u00fcr Krankenversicherung, Pflegeversicherung, Arbeitslosenversicherung, Rentenversicherung des Arbeitnehmers einzubehalten. Hierbei ist zu beachten, dass vom steuer- und sozialversicherungspflichtigen Einkommen folgende Prozents\u00e4tze gelten. F\u00fcr 2026 gelten folgende Beitr\u00e4ge:<\/p>\n<h4>Beitragsgruppe 2026<\/h4>\n<div class=\"table-responsive\">\n<table style=\"width: 81.0465%; height: 115px;\">\n<tbody>\n<tr style=\"height: 23px;\">\n<td style=\"padding: 3px; width: 143px; height: 23px;\">Krankenversicherung<\/td>\n<td style=\"padding: 3px; width: 385px; height: 23px;\"><strong>14,6 % + kassenindividuellem Zusatzbeitrag<\/strong><\/td>\n<\/tr>\n<tr style=\"height: 46px;\">\n<td style=\"padding: 3px; width: 143px; height: 46px;\">Pflegeversicherung<\/td>\n<td style=\"padding: 3px; width: 385px; height: 46px;\"><strong>3,60 %<\/strong><br \/>\n(Beitrag f\u00fcr Kinderlose 4,2 %)<\/td>\n<\/tr>\n<tr style=\"height: 23px;\">\n<td style=\"padding: 3px; width: 143px; height: 23px;\">Rentenversicherung<\/td>\n<td style=\"padding: 3px; width: 385px; height: 23px;\"><strong>18,6 %<\/strong><\/td>\n<\/tr>\n<tr style=\"height: 23px;\">\n<td style=\"padding: 3px; width: 143px; height: 23px;\">Arbeitslosenversicherung<\/td>\n<td style=\"padding: 3px; width: 385px; height: 23px;\"><strong>2,6 %<\/strong><\/td>\n<\/tr>\n<\/tbody>\n<\/table>\n<\/div>\n<div class=\"table-responsive\">\n<table style=\"width: 100%; overflow: auto; display: block; min-width: 500px;\">\n<tbody>\n<tr style=\"height: 23px; min-width: 500px;\">\n<td style=\"padding: 3px; width: 269px; height: 23px;\"><strong>Beitragsbemessungsgrenzen 2026<\/strong><\/td>\n<td style=\"padding: 3px; width: 269px; height: 23px;\">Kranken-\/Pflegever-sicherung<\/td>\n<td style=\"padding: 3px; width: 269px; height: 23px;\">Renten-\/ Arbeitslosen-versicherung<br \/>\n(West)<\/td>\n<td style=\"padding: 3px; width: 269px; height: 23px;\">Renten-\/ Arbeitslosen-versicherung<br \/>\n(Ost)<\/td>\n<\/tr>\n<tr style=\"height: 23px;\">\n<td style=\"padding: 3px; width: 269px; height: 23px;\"><strong>Jahr<\/strong><\/td>\n<td style=\"padding: 3px; width: 269px; height: 23px;\">69.750,00 \u20ac<\/td>\n<td style=\"padding: 3px; width: 269px; height: 23px;\">101.400,00 \u20ac<\/td>\n<td style=\"padding: 3px; width: 269px; height: 23px;\">101.400,00 \u20ac<\/td>\n<\/tr>\n<tr style=\"height: 23px;\">\n<td style=\"padding: 3px; width: 269px; height: 23px;\"><strong>Monat<\/strong><\/td>\n<td style=\"padding: 3px; width: 269px; height: 23px;\">\u00a0 5.812,50 \u20ac<\/td>\n<td style=\"padding: 3px; width: 269px; height: 23px;\">\u00a0 \u00a0 8.450,00 \u20ac<\/td>\n<td style=\"padding: 3px; width: 269px; height: 23px;\">\u00a0 \u00a0 8.450,00 \u20ac<\/td>\n<\/tr>\n<\/tbody>\n<\/table>\n<\/div>\n<p>Stand 01\/2026<\/p>\n","protected":false},"excerpt":{"rendered":"<p>Weitere Besteuerungsformen, die in der Praxis von Bedeutung sind: Umsatzsteuer Der aktuelle Regelumsatzsteuersatz betr\u00e4gt in Deutschland 19%. F\u00fcr bestimmte Produkte, wie zum Beispiel Lebensmittel, B\u00fccher, Blumen und Pflanzen, gilt ein erm\u00e4\u00dfigter Steuersatz von 7%. Die Umsatzsteuer wird grunds\u00e4tzlich vom leistenden Unternehmen eingenommen und ist an das Finanzamt abzuf\u00fchren. Grunderwerbsteuer Die Grunderwerbssteuer ist eine einmalige Steuer, [&hellip;]<\/p>\n","protected":false},"author":1,"featured_media":165,"parent":104,"menu_order":5,"comment_status":"closed","ping_status":"closed","template":"","meta":{"_acf_changed":false,"footnotes":""},"class_list":["post-221","page","type-page","status-publish","has-post-thumbnail","hentry"],"acf":[],"yoast_head":"<!-- This site is optimized with the Yoast SEO plugin v27.4 - https:\/\/yoast.com\/product\/yoast-seo-wordpress\/ -->\n<title>Andere Besteuerungsformen - Dr. Schmidt-Wilke + Partner Steuerberatungsgesellschaft mbH<\/title>\n<meta name=\"robots\" content=\"index, follow, max-snippet:-1, max-image-preview:large, max-video-preview:-1\" \/>\n<link rel=\"canonical\" href=\"https:\/\/www.steuerpraxis.net\/de\/doing-business-in-germany\/andere-besteuerungsformen\/\" \/>\n<meta property=\"og:locale\" content=\"de_DE\" \/>\n<meta property=\"og:type\" content=\"article\" \/>\n<meta property=\"og:title\" content=\"Andere Besteuerungsformen - Dr. Schmidt-Wilke + Partner Steuerberatungsgesellschaft mbH\" \/>\n<meta property=\"og:description\" content=\"Weitere Besteuerungsformen, die in der Praxis von Bedeutung sind: Umsatzsteuer Der aktuelle Regelumsatzsteuersatz betr\u00e4gt in Deutschland 19%. F\u00fcr bestimmte Produkte, wie zum Beispiel Lebensmittel, B\u00fccher, Blumen und Pflanzen, gilt ein erm\u00e4\u00dfigter Steuersatz von 7%. Die Umsatzsteuer wird grunds\u00e4tzlich vom leistenden Unternehmen eingenommen und ist an das Finanzamt abzuf\u00fchren. Grunderwerbsteuer Die Grunderwerbssteuer ist eine einmalige Steuer, [&hellip;]\" \/>\n<meta property=\"og:url\" content=\"https:\/\/www.steuerpraxis.net\/de\/doing-business-in-germany\/andere-besteuerungsformen\/\" \/>\n<meta property=\"og:site_name\" content=\"Dr. Schmidt-Wilke + Partner Steuerberatungsgesellschaft mbH\" \/>\n<meta property=\"article:modified_time\" content=\"2026-02-25T13:00:14+00:00\" \/>\n<meta property=\"og:image\" content=\"https:\/\/www.steuerpraxis.net\/wp-content\/uploads\/2015\/09\/entrepreneurial-spirit_flatlr-1024x991.jpg\" \/>\n\t<meta property=\"og:image:width\" content=\"1024\" \/>\n\t<meta property=\"og:image:height\" content=\"991\" \/>\n\t<meta property=\"og:image:type\" content=\"image\/jpeg\" \/>\n<meta name=\"twitter:card\" content=\"summary_large_image\" \/>\n<meta name=\"twitter:label1\" content=\"Gesch\u00e4tzte Lesezeit\" \/>\n\t<meta name=\"twitter:data1\" content=\"3\u00a0Minuten\" \/>\n<script type=\"application\/ld+json\" class=\"yoast-schema-graph\">{\"@context\":\"https:\\\/\\\/schema.org\",\"@graph\":[{\"@type\":\"WebPage\",\"@id\":\"https:\\\/\\\/www.steuerpraxis.net\\\/de\\\/doing-business-in-germany\\\/andere-besteuerungsformen\\\/\",\"url\":\"https:\\\/\\\/www.steuerpraxis.net\\\/de\\\/doing-business-in-germany\\\/andere-besteuerungsformen\\\/\",\"name\":\"Andere Besteuerungsformen - Dr. Schmidt-Wilke + Partner Steuerberatungsgesellschaft mbH\",\"isPartOf\":{\"@id\":\"https:\\\/\\\/www.steuerpraxis.net\\\/de\\\/#website\"},\"primaryImageOfPage\":{\"@id\":\"https:\\\/\\\/www.steuerpraxis.net\\\/de\\\/doing-business-in-germany\\\/andere-besteuerungsformen\\\/#primaryimage\"},\"image\":{\"@id\":\"https:\\\/\\\/www.steuerpraxis.net\\\/de\\\/doing-business-in-germany\\\/andere-besteuerungsformen\\\/#primaryimage\"},\"thumbnailUrl\":\"https:\\\/\\\/www.steuerpraxis.net\\\/wp-content\\\/uploads\\\/2015\\\/09\\\/entrepreneurial-spirit_flatlr.jpg\",\"datePublished\":\"2016-10-28T11:51:05+00:00\",\"dateModified\":\"2026-02-25T13:00:14+00:00\",\"breadcrumb\":{\"@id\":\"https:\\\/\\\/www.steuerpraxis.net\\\/de\\\/doing-business-in-germany\\\/andere-besteuerungsformen\\\/#breadcrumb\"},\"inLanguage\":\"de\",\"potentialAction\":[{\"@type\":\"ReadAction\",\"target\":[\"https:\\\/\\\/www.steuerpraxis.net\\\/de\\\/doing-business-in-germany\\\/andere-besteuerungsformen\\\/\"]}]},{\"@type\":\"ImageObject\",\"inLanguage\":\"de\",\"@id\":\"https:\\\/\\\/www.steuerpraxis.net\\\/de\\\/doing-business-in-germany\\\/andere-besteuerungsformen\\\/#primaryimage\",\"url\":\"https:\\\/\\\/www.steuerpraxis.net\\\/wp-content\\\/uploads\\\/2015\\\/09\\\/entrepreneurial-spirit_flatlr.jpg\",\"contentUrl\":\"https:\\\/\\\/www.steuerpraxis.net\\\/wp-content\\\/uploads\\\/2015\\\/09\\\/entrepreneurial-spirit_flatlr.jpg\",\"width\":7323,\"height\":7087},{\"@type\":\"BreadcrumbList\",\"@id\":\"https:\\\/\\\/www.steuerpraxis.net\\\/de\\\/doing-business-in-germany\\\/andere-besteuerungsformen\\\/#breadcrumb\",\"itemListElement\":[{\"@type\":\"ListItem\",\"position\":1,\"name\":\"Startseite\",\"item\":\"https:\\\/\\\/www.steuerpraxis.net\\\/de\\\/\"},{\"@type\":\"ListItem\",\"position\":2,\"name\":\"Doing Business in Germany\",\"item\":\"https:\\\/\\\/www.steuerpraxis.net\\\/de\\\/doing-business-in-germany\\\/\"},{\"@type\":\"ListItem\",\"position\":3,\"name\":\"Andere Besteuerungsformen\"}]},{\"@type\":\"WebSite\",\"@id\":\"https:\\\/\\\/www.steuerpraxis.net\\\/de\\\/#website\",\"url\":\"https:\\\/\\\/www.steuerpraxis.net\\\/de\\\/\",\"name\":\"Dr. Schmidt-Wilke + Partner Steuerberatungsgesellschaft mbH\",\"description\":\"Magdeburg\",\"potentialAction\":[{\"@type\":\"SearchAction\",\"target\":{\"@type\":\"EntryPoint\",\"urlTemplate\":\"https:\\\/\\\/www.steuerpraxis.net\\\/de\\\/?s={search_term_string}\"},\"query-input\":{\"@type\":\"PropertyValueSpecification\",\"valueRequired\":true,\"valueName\":\"search_term_string\"}}],\"inLanguage\":\"de\"}]}<\/script>\n<!-- \/ Yoast SEO plugin. -->","yoast_head_json":{"title":"Andere Besteuerungsformen - Dr. Schmidt-Wilke + Partner Steuerberatungsgesellschaft mbH","robots":{"index":"index","follow":"follow","max-snippet":"max-snippet:-1","max-image-preview":"max-image-preview:large","max-video-preview":"max-video-preview:-1"},"canonical":"https:\/\/www.steuerpraxis.net\/de\/doing-business-in-germany\/andere-besteuerungsformen\/","og_locale":"de_DE","og_type":"article","og_title":"Andere Besteuerungsformen - Dr. Schmidt-Wilke + Partner Steuerberatungsgesellschaft mbH","og_description":"Weitere Besteuerungsformen, die in der Praxis von Bedeutung sind: Umsatzsteuer Der aktuelle Regelumsatzsteuersatz betr\u00e4gt in Deutschland 19%. F\u00fcr bestimmte Produkte, wie zum Beispiel Lebensmittel, B\u00fccher, Blumen und Pflanzen, gilt ein erm\u00e4\u00dfigter Steuersatz von 7%. Die Umsatzsteuer wird grunds\u00e4tzlich vom leistenden Unternehmen eingenommen und ist an das Finanzamt abzuf\u00fchren. Grunderwerbsteuer Die Grunderwerbssteuer ist eine einmalige Steuer, [&hellip;]","og_url":"https:\/\/www.steuerpraxis.net\/de\/doing-business-in-germany\/andere-besteuerungsformen\/","og_site_name":"Dr. Schmidt-Wilke + Partner Steuerberatungsgesellschaft mbH","article_modified_time":"2026-02-25T13:00:14+00:00","og_image":[{"width":1024,"height":991,"url":"https:\/\/www.steuerpraxis.net\/wp-content\/uploads\/2015\/09\/entrepreneurial-spirit_flatlr-1024x991.jpg","type":"image\/jpeg"}],"twitter_card":"summary_large_image","twitter_misc":{"Gesch\u00e4tzte Lesezeit":"3\u00a0Minuten"},"schema":{"@context":"https:\/\/schema.org","@graph":[{"@type":"WebPage","@id":"https:\/\/www.steuerpraxis.net\/de\/doing-business-in-germany\/andere-besteuerungsformen\/","url":"https:\/\/www.steuerpraxis.net\/de\/doing-business-in-germany\/andere-besteuerungsformen\/","name":"Andere Besteuerungsformen - Dr. Schmidt-Wilke + Partner Steuerberatungsgesellschaft mbH","isPartOf":{"@id":"https:\/\/www.steuerpraxis.net\/de\/#website"},"primaryImageOfPage":{"@id":"https:\/\/www.steuerpraxis.net\/de\/doing-business-in-germany\/andere-besteuerungsformen\/#primaryimage"},"image":{"@id":"https:\/\/www.steuerpraxis.net\/de\/doing-business-in-germany\/andere-besteuerungsformen\/#primaryimage"},"thumbnailUrl":"https:\/\/www.steuerpraxis.net\/wp-content\/uploads\/2015\/09\/entrepreneurial-spirit_flatlr.jpg","datePublished":"2016-10-28T11:51:05+00:00","dateModified":"2026-02-25T13:00:14+00:00","breadcrumb":{"@id":"https:\/\/www.steuerpraxis.net\/de\/doing-business-in-germany\/andere-besteuerungsformen\/#breadcrumb"},"inLanguage":"de","potentialAction":[{"@type":"ReadAction","target":["https:\/\/www.steuerpraxis.net\/de\/doing-business-in-germany\/andere-besteuerungsformen\/"]}]},{"@type":"ImageObject","inLanguage":"de","@id":"https:\/\/www.steuerpraxis.net\/de\/doing-business-in-germany\/andere-besteuerungsformen\/#primaryimage","url":"https:\/\/www.steuerpraxis.net\/wp-content\/uploads\/2015\/09\/entrepreneurial-spirit_flatlr.jpg","contentUrl":"https:\/\/www.steuerpraxis.net\/wp-content\/uploads\/2015\/09\/entrepreneurial-spirit_flatlr.jpg","width":7323,"height":7087},{"@type":"BreadcrumbList","@id":"https:\/\/www.steuerpraxis.net\/de\/doing-business-in-germany\/andere-besteuerungsformen\/#breadcrumb","itemListElement":[{"@type":"ListItem","position":1,"name":"Startseite","item":"https:\/\/www.steuerpraxis.net\/de\/"},{"@type":"ListItem","position":2,"name":"Doing Business in Germany","item":"https:\/\/www.steuerpraxis.net\/de\/doing-business-in-germany\/"},{"@type":"ListItem","position":3,"name":"Andere Besteuerungsformen"}]},{"@type":"WebSite","@id":"https:\/\/www.steuerpraxis.net\/de\/#website","url":"https:\/\/www.steuerpraxis.net\/de\/","name":"Dr. Schmidt-Wilke + Partner Steuerberatungsgesellschaft mbH","description":"Magdeburg","potentialAction":[{"@type":"SearchAction","target":{"@type":"EntryPoint","urlTemplate":"https:\/\/www.steuerpraxis.net\/de\/?s={search_term_string}"},"query-input":{"@type":"PropertyValueSpecification","valueRequired":true,"valueName":"search_term_string"}}],"inLanguage":"de"}]}},"_links":{"self":[{"href":"https:\/\/www.steuerpraxis.net\/de\/wp-json\/wp\/v2\/pages\/221","targetHints":{"allow":["GET"]}}],"collection":[{"href":"https:\/\/www.steuerpraxis.net\/de\/wp-json\/wp\/v2\/pages"}],"about":[{"href":"https:\/\/www.steuerpraxis.net\/de\/wp-json\/wp\/v2\/types\/page"}],"author":[{"embeddable":true,"href":"https:\/\/www.steuerpraxis.net\/de\/wp-json\/wp\/v2\/users\/1"}],"replies":[{"embeddable":true,"href":"https:\/\/www.steuerpraxis.net\/de\/wp-json\/wp\/v2\/comments?post=221"}],"version-history":[{"count":16,"href":"https:\/\/www.steuerpraxis.net\/de\/wp-json\/wp\/v2\/pages\/221\/revisions"}],"predecessor-version":[{"id":4706,"href":"https:\/\/www.steuerpraxis.net\/de\/wp-json\/wp\/v2\/pages\/221\/revisions\/4706"}],"up":[{"embeddable":true,"href":"https:\/\/www.steuerpraxis.net\/de\/wp-json\/wp\/v2\/pages\/104"}],"wp:featuredmedia":[{"embeddable":true,"href":"https:\/\/www.steuerpraxis.net\/de\/wp-json\/wp\/v2\/media\/165"}],"wp:attachment":[{"href":"https:\/\/www.steuerpraxis.net\/de\/wp-json\/wp\/v2\/media?parent=221"}],"curies":[{"name":"wp","href":"https:\/\/api.w.org\/{rel}","templated":true}]}}