{"id":223,"date":"2016-10-28T13:51:51","date_gmt":"2016-10-28T11:51:51","guid":{"rendered":"https:\/\/www.steuerpraxis.net\/?page_id=223"},"modified":"2025-02-14T11:02:04","modified_gmt":"2025-02-14T10:02:04","slug":"rechnungslegung-und-wirtschaftspruefung","status":"publish","type":"page","link":"https:\/\/www.steuerpraxis.net\/de\/doing-business-in-germany\/rechnungslegung-und-wirtschaftspruefung\/","title":{"rendered":"Rechnungslegung und Wirtschaftspr\u00fcfung"},"content":{"rendered":"<h4>Buchf\u00fchrungspflicht<\/h4>\n<p>Nach dem Handelsrecht muss jeder Kaufmann B\u00fccher f\u00fchren und einen Jahresabschluss nach Betriebsverm\u00f6gensvergleich ermitteln. F\u00fcr Einzelkaufleute entf\u00e4llt die Buchf\u00fchrungspflicht, wenn der Umsatz unter 800.000,00 \u20ac und der Gewinn unter 80.000,00 \u20ac bleibt. Steuerrechtlich gelten dieselben Grenzen (Umsatz 800.000,00 \u20ac, Eink\u00fcnfte aus Gewerbebetrieb unter 80.000,00 \u20ac). Das deutsche Wirtschaftsjahr geht vom 01.01. bis zum 31.12. (=Kalenderjahr). Es besteht das Optionsrecht, ein abweichendes Wirtschaftsjahr festzulegen.<\/p>\n<h4>Offenlegung<\/h4>\n<p>Kapitalgesellschaften sowie bestimmte Personengesellschaften (GmbH &amp; Co. KG) m\u00fcssen innerhalb von 12 Monaten nach dem Abschlussstichtag ihren Jahresabschluss beim Bundesanzeiger offenlegen. Die Offenlegungen m\u00fcssen elektronisch eingereicht werden. Die\u00a0Ver\u00f6ffentlichungen sind beim <a href=\"http:\/\/www.bundesanzeiger.de\">Bundesanzeiger<\/a> einsehbar.<\/p>\n<h4>Wirtschaftspr\u00fcfung<\/h4>\n<p>Unter Wirtschaftspr\u00fcfung versteht man grunds\u00e4tzlich die \u00dcberpr\u00fcfung des Finanzgebarens von Unternehmen im Rahmen der Jahresabschlusspr\u00fcfung. In diesem Bereich wird die Buchhaltung, Bilanzierung sowie das interne Kontrollsystem \u00fcberpr\u00fcft. In Deutschland sind f\u00fcr diese Wirtschaftspr\u00fcfung grunds\u00e4tzlich nur zugelassene Wirtschaftspr\u00fcfer oder vereidigte Buchpr\u00fcfer berechtigt. Die Wirtschaftspr\u00fcfung soll die formale und sachliche Richtigkeit der Angaben eines Unternehmens sicherstellen.<br \/>\nMittelgro\u00dfe und gro\u00dfe Kapitalgesellschaften sowie Gesellschaften, bei denen eine beschr\u00e4nkte Haftung besteht, sind verpflichtet, sich einer Wirtschaftspr\u00fcfung zu unterziehen.<\/p>\n<table width=\"480\">\n<tbody>\n<tr>\n<td width=\"160\"><\/td>\n<td width=\"80\">Kleinst-<\/td>\n<td width=\"80\">kleine<\/td>\n<td width=\"80\">mittelgro\u00dfe<\/td>\n<td width=\"80\">gro\u00dfe<\/td>\n<\/tr>\n<tr>\n<td>Bilanzsumme in Mio \u20ac<\/td>\n<td>bis 0,45<\/td>\n<td>bis 7,5<\/td>\n<td>bis 25,0<\/td>\n<td>\u00fcber 25,0<\/td>\n<\/tr>\n<tr>\n<td>Umsatzerl\u00f6se in Mio \u20ac<\/td>\n<td>bis 0,90<\/td>\n<td>bis 15,0<\/td>\n<td>bis 50,0<\/td>\n<td>\u00fcber 50,0<\/td>\n<\/tr>\n<tr>\n<td>Arbeitnehmer<\/td>\n<td>bis 10<\/td>\n<td>bis 50<\/td>\n<td>bis 250<\/td>\n<td>\u00fcber 250<\/td>\n<\/tr>\n<\/tbody>\n<\/table>\n<p>Stand 01\/2024<\/p>\n<div class=\"table-responsive no-padding\">\n<table style=\"width: 0%; height: 206px;\">\n<tbody>\n<tr style=\"height: 33px;\">\n<td style=\"width: 20%; padding: 5px; height: 33px;\"><\/td>\n<td style=\"width: 20%; padding: 5px; height: 33px;\"><\/td>\n<td style=\"width: 20%; padding: 5px; height: 33px;\"><\/td>\n<td style=\"width: 1798.33%; padding: 5px; height: 33px;\"><\/td>\n<\/tr>\n<tr style=\"height: 33px;\">\n<td style=\"width: 20%; padding: 5px; height: 33px;\"><\/td>\n<td style=\"width: 20%; padding: 5px; height: 33px;\"><\/td>\n<td style=\"width: 20%; padding: 5px; height: 33px;\"><\/td>\n<td style=\"width: 1798.33%; padding: 5px; height: 33px;\"><\/td>\n<\/tr>\n<tr style=\"height: 33px;\">\n<td style=\"width: 20%; padding: 5px; height: 33px;\"><\/td>\n<td style=\"width: 20%; padding: 5px; height: 33px;\"><\/td>\n<td style=\"width: 20%; padding: 5px; height: 33px;\"><\/td>\n<td style=\"width: 1798.33%; padding: 5px; height: 33px;\"><\/td>\n<\/tr>\n<tr style=\"height: 33px;\">\n<td style=\"width: 20%; padding: 5px; height: 33px;\"><\/td>\n<td style=\"width: 20%; padding: 5px; height: 33px;\"><\/td>\n<td style=\"width: 20%; padding: 5px; height: 33px;\"><\/td>\n<td style=\"width: 1798.33%; padding: 5px; height: 33px;\"><\/td>\n<\/tr>\n<\/tbody>\n<\/table>\n<\/div>\n","protected":false},"excerpt":{"rendered":"<p>Buchf\u00fchrungspflicht Nach dem Handelsrecht muss jeder Kaufmann B\u00fccher f\u00fchren und einen Jahresabschluss nach Betriebsverm\u00f6gensvergleich ermitteln. F\u00fcr Einzelkaufleute entf\u00e4llt die Buchf\u00fchrungspflicht, wenn der Umsatz unter 800.000,00 \u20ac und der Gewinn unter 80.000,00 \u20ac bleibt. Steuerrechtlich gelten dieselben Grenzen (Umsatz 800.000,00 \u20ac, Eink\u00fcnfte aus Gewerbebetrieb unter 80.000,00 \u20ac). Das deutsche Wirtschaftsjahr geht vom 01.01. bis zum 31.12. [&hellip;]<\/p>\n","protected":false},"author":1,"featured_media":165,"parent":104,"menu_order":6,"comment_status":"closed","ping_status":"closed","template":"","meta":{"_acf_changed":false,"footnotes":""},"class_list":["post-223","page","type-page","status-publish","has-post-thumbnail","hentry"],"acf":[],"yoast_head":"<!-- This site is optimized with the Yoast SEO plugin v27.5 - https:\/\/yoast.com\/product\/yoast-seo-wordpress\/ -->\n<title>Rechnungslegung und Wirtschaftspr\u00fcfung - Dr. Schmidt-Wilke + Partner Steuerberatungsgesellschaft mbH<\/title>\n<meta name=\"robots\" content=\"index, follow, max-snippet:-1, max-image-preview:large, max-video-preview:-1\" \/>\n<link rel=\"canonical\" href=\"https:\/\/www.steuerpraxis.net\/de\/doing-business-in-germany\/rechnungslegung-und-wirtschaftspruefung\/\" \/>\n<meta property=\"og:locale\" content=\"de_DE\" \/>\n<meta property=\"og:type\" content=\"article\" \/>\n<meta property=\"og:title\" content=\"Rechnungslegung und Wirtschaftspr\u00fcfung - Dr. Schmidt-Wilke + Partner Steuerberatungsgesellschaft mbH\" \/>\n<meta property=\"og:description\" content=\"Buchf\u00fchrungspflicht Nach dem Handelsrecht muss jeder Kaufmann B\u00fccher f\u00fchren und einen Jahresabschluss nach Betriebsverm\u00f6gensvergleich ermitteln. F\u00fcr Einzelkaufleute entf\u00e4llt die Buchf\u00fchrungspflicht, wenn der Umsatz unter 800.000,00 \u20ac und der Gewinn unter 80.000,00 \u20ac bleibt. Steuerrechtlich gelten dieselben Grenzen (Umsatz 800.000,00 \u20ac, Eink\u00fcnfte aus Gewerbebetrieb unter 80.000,00 \u20ac). Das deutsche Wirtschaftsjahr geht vom 01.01. bis zum 31.12. [&hellip;]\" \/>\n<meta property=\"og:url\" content=\"https:\/\/www.steuerpraxis.net\/de\/doing-business-in-germany\/rechnungslegung-und-wirtschaftspruefung\/\" \/>\n<meta property=\"og:site_name\" content=\"Dr. Schmidt-Wilke + Partner Steuerberatungsgesellschaft mbH\" \/>\n<meta property=\"article:modified_time\" content=\"2025-02-14T10:02:04+00:00\" \/>\n<meta property=\"og:image\" content=\"https:\/\/www.steuerpraxis.net\/wp-content\/uploads\/2015\/09\/entrepreneurial-spirit_flatlr-1024x991.jpg\" \/>\n\t<meta property=\"og:image:width\" content=\"1024\" \/>\n\t<meta property=\"og:image:height\" content=\"991\" \/>\n\t<meta property=\"og:image:type\" content=\"image\/jpeg\" \/>\n<meta name=\"twitter:card\" content=\"summary_large_image\" \/>\n<meta name=\"twitter:label1\" content=\"Gesch\u00e4tzte Lesezeit\" \/>\n\t<meta name=\"twitter:data1\" content=\"2\u00a0Minuten\" \/>\n<script type=\"application\/ld+json\" class=\"yoast-schema-graph\">{\"@context\":\"https:\\\/\\\/schema.org\",\"@graph\":[{\"@type\":\"WebPage\",\"@id\":\"https:\\\/\\\/www.steuerpraxis.net\\\/de\\\/doing-business-in-germany\\\/rechnungslegung-und-wirtschaftspruefung\\\/\",\"url\":\"https:\\\/\\\/www.steuerpraxis.net\\\/de\\\/doing-business-in-germany\\\/rechnungslegung-und-wirtschaftspruefung\\\/\",\"name\":\"Rechnungslegung und Wirtschaftspr\u00fcfung - Dr. Schmidt-Wilke + Partner Steuerberatungsgesellschaft mbH\",\"isPartOf\":{\"@id\":\"https:\\\/\\\/www.steuerpraxis.net\\\/de\\\/#website\"},\"primaryImageOfPage\":{\"@id\":\"https:\\\/\\\/www.steuerpraxis.net\\\/de\\\/doing-business-in-germany\\\/rechnungslegung-und-wirtschaftspruefung\\\/#primaryimage\"},\"image\":{\"@id\":\"https:\\\/\\\/www.steuerpraxis.net\\\/de\\\/doing-business-in-germany\\\/rechnungslegung-und-wirtschaftspruefung\\\/#primaryimage\"},\"thumbnailUrl\":\"https:\\\/\\\/www.steuerpraxis.net\\\/wp-content\\\/uploads\\\/2015\\\/09\\\/entrepreneurial-spirit_flatlr.jpg\",\"datePublished\":\"2016-10-28T11:51:51+00:00\",\"dateModified\":\"2025-02-14T10:02:04+00:00\",\"breadcrumb\":{\"@id\":\"https:\\\/\\\/www.steuerpraxis.net\\\/de\\\/doing-business-in-germany\\\/rechnungslegung-und-wirtschaftspruefung\\\/#breadcrumb\"},\"inLanguage\":\"de\",\"potentialAction\":[{\"@type\":\"ReadAction\",\"target\":[\"https:\\\/\\\/www.steuerpraxis.net\\\/de\\\/doing-business-in-germany\\\/rechnungslegung-und-wirtschaftspruefung\\\/\"]}]},{\"@type\":\"ImageObject\",\"inLanguage\":\"de\",\"@id\":\"https:\\\/\\\/www.steuerpraxis.net\\\/de\\\/doing-business-in-germany\\\/rechnungslegung-und-wirtschaftspruefung\\\/#primaryimage\",\"url\":\"https:\\\/\\\/www.steuerpraxis.net\\\/wp-content\\\/uploads\\\/2015\\\/09\\\/entrepreneurial-spirit_flatlr.jpg\",\"contentUrl\":\"https:\\\/\\\/www.steuerpraxis.net\\\/wp-content\\\/uploads\\\/2015\\\/09\\\/entrepreneurial-spirit_flatlr.jpg\",\"width\":7323,\"height\":7087},{\"@type\":\"BreadcrumbList\",\"@id\":\"https:\\\/\\\/www.steuerpraxis.net\\\/de\\\/doing-business-in-germany\\\/rechnungslegung-und-wirtschaftspruefung\\\/#breadcrumb\",\"itemListElement\":[{\"@type\":\"ListItem\",\"position\":1,\"name\":\"Startseite\",\"item\":\"https:\\\/\\\/www.steuerpraxis.net\\\/de\\\/\"},{\"@type\":\"ListItem\",\"position\":2,\"name\":\"Doing Business in Germany\",\"item\":\"https:\\\/\\\/www.steuerpraxis.net\\\/de\\\/doing-business-in-germany\\\/\"},{\"@type\":\"ListItem\",\"position\":3,\"name\":\"Rechnungslegung und Wirtschaftspr\u00fcfung\"}]},{\"@type\":\"WebSite\",\"@id\":\"https:\\\/\\\/www.steuerpraxis.net\\\/de\\\/#website\",\"url\":\"https:\\\/\\\/www.steuerpraxis.net\\\/de\\\/\",\"name\":\"Dr. Schmidt-Wilke + Partner Steuerberatungsgesellschaft mbH\",\"description\":\"Magdeburg\",\"potentialAction\":[{\"@type\":\"SearchAction\",\"target\":{\"@type\":\"EntryPoint\",\"urlTemplate\":\"https:\\\/\\\/www.steuerpraxis.net\\\/de\\\/?s={search_term_string}\"},\"query-input\":{\"@type\":\"PropertyValueSpecification\",\"valueRequired\":true,\"valueName\":\"search_term_string\"}}],\"inLanguage\":\"de\"}]}<\/script>\n<!-- \/ Yoast SEO plugin. -->","yoast_head_json":{"title":"Rechnungslegung und Wirtschaftspr\u00fcfung - Dr. Schmidt-Wilke + Partner Steuerberatungsgesellschaft mbH","robots":{"index":"index","follow":"follow","max-snippet":"max-snippet:-1","max-image-preview":"max-image-preview:large","max-video-preview":"max-video-preview:-1"},"canonical":"https:\/\/www.steuerpraxis.net\/de\/doing-business-in-germany\/rechnungslegung-und-wirtschaftspruefung\/","og_locale":"de_DE","og_type":"article","og_title":"Rechnungslegung und Wirtschaftspr\u00fcfung - Dr. Schmidt-Wilke + Partner Steuerberatungsgesellschaft mbH","og_description":"Buchf\u00fchrungspflicht Nach dem Handelsrecht muss jeder Kaufmann B\u00fccher f\u00fchren und einen Jahresabschluss nach Betriebsverm\u00f6gensvergleich ermitteln. F\u00fcr Einzelkaufleute entf\u00e4llt die Buchf\u00fchrungspflicht, wenn der Umsatz unter 800.000,00 \u20ac und der Gewinn unter 80.000,00 \u20ac bleibt. Steuerrechtlich gelten dieselben Grenzen (Umsatz 800.000,00 \u20ac, Eink\u00fcnfte aus Gewerbebetrieb unter 80.000,00 \u20ac). Das deutsche Wirtschaftsjahr geht vom 01.01. bis zum 31.12. [&hellip;]","og_url":"https:\/\/www.steuerpraxis.net\/de\/doing-business-in-germany\/rechnungslegung-und-wirtschaftspruefung\/","og_site_name":"Dr. Schmidt-Wilke + Partner Steuerberatungsgesellschaft mbH","article_modified_time":"2025-02-14T10:02:04+00:00","og_image":[{"width":1024,"height":991,"url":"https:\/\/www.steuerpraxis.net\/wp-content\/uploads\/2015\/09\/entrepreneurial-spirit_flatlr-1024x991.jpg","type":"image\/jpeg"}],"twitter_card":"summary_large_image","twitter_misc":{"Gesch\u00e4tzte Lesezeit":"2\u00a0Minuten"},"schema":{"@context":"https:\/\/schema.org","@graph":[{"@type":"WebPage","@id":"https:\/\/www.steuerpraxis.net\/de\/doing-business-in-germany\/rechnungslegung-und-wirtschaftspruefung\/","url":"https:\/\/www.steuerpraxis.net\/de\/doing-business-in-germany\/rechnungslegung-und-wirtschaftspruefung\/","name":"Rechnungslegung und Wirtschaftspr\u00fcfung - Dr. Schmidt-Wilke + Partner Steuerberatungsgesellschaft mbH","isPartOf":{"@id":"https:\/\/www.steuerpraxis.net\/de\/#website"},"primaryImageOfPage":{"@id":"https:\/\/www.steuerpraxis.net\/de\/doing-business-in-germany\/rechnungslegung-und-wirtschaftspruefung\/#primaryimage"},"image":{"@id":"https:\/\/www.steuerpraxis.net\/de\/doing-business-in-germany\/rechnungslegung-und-wirtschaftspruefung\/#primaryimage"},"thumbnailUrl":"https:\/\/www.steuerpraxis.net\/wp-content\/uploads\/2015\/09\/entrepreneurial-spirit_flatlr.jpg","datePublished":"2016-10-28T11:51:51+00:00","dateModified":"2025-02-14T10:02:04+00:00","breadcrumb":{"@id":"https:\/\/www.steuerpraxis.net\/de\/doing-business-in-germany\/rechnungslegung-und-wirtschaftspruefung\/#breadcrumb"},"inLanguage":"de","potentialAction":[{"@type":"ReadAction","target":["https:\/\/www.steuerpraxis.net\/de\/doing-business-in-germany\/rechnungslegung-und-wirtschaftspruefung\/"]}]},{"@type":"ImageObject","inLanguage":"de","@id":"https:\/\/www.steuerpraxis.net\/de\/doing-business-in-germany\/rechnungslegung-und-wirtschaftspruefung\/#primaryimage","url":"https:\/\/www.steuerpraxis.net\/wp-content\/uploads\/2015\/09\/entrepreneurial-spirit_flatlr.jpg","contentUrl":"https:\/\/www.steuerpraxis.net\/wp-content\/uploads\/2015\/09\/entrepreneurial-spirit_flatlr.jpg","width":7323,"height":7087},{"@type":"BreadcrumbList","@id":"https:\/\/www.steuerpraxis.net\/de\/doing-business-in-germany\/rechnungslegung-und-wirtschaftspruefung\/#breadcrumb","itemListElement":[{"@type":"ListItem","position":1,"name":"Startseite","item":"https:\/\/www.steuerpraxis.net\/de\/"},{"@type":"ListItem","position":2,"name":"Doing Business in Germany","item":"https:\/\/www.steuerpraxis.net\/de\/doing-business-in-germany\/"},{"@type":"ListItem","position":3,"name":"Rechnungslegung und Wirtschaftspr\u00fcfung"}]},{"@type":"WebSite","@id":"https:\/\/www.steuerpraxis.net\/de\/#website","url":"https:\/\/www.steuerpraxis.net\/de\/","name":"Dr. Schmidt-Wilke + Partner Steuerberatungsgesellschaft mbH","description":"Magdeburg","potentialAction":[{"@type":"SearchAction","target":{"@type":"EntryPoint","urlTemplate":"https:\/\/www.steuerpraxis.net\/de\/?s={search_term_string}"},"query-input":{"@type":"PropertyValueSpecification","valueRequired":true,"valueName":"search_term_string"}}],"inLanguage":"de"}]}},"_links":{"self":[{"href":"https:\/\/www.steuerpraxis.net\/de\/wp-json\/wp\/v2\/pages\/223","targetHints":{"allow":["GET"]}}],"collection":[{"href":"https:\/\/www.steuerpraxis.net\/de\/wp-json\/wp\/v2\/pages"}],"about":[{"href":"https:\/\/www.steuerpraxis.net\/de\/wp-json\/wp\/v2\/types\/page"}],"author":[{"embeddable":true,"href":"https:\/\/www.steuerpraxis.net\/de\/wp-json\/wp\/v2\/users\/1"}],"replies":[{"embeddable":true,"href":"https:\/\/www.steuerpraxis.net\/de\/wp-json\/wp\/v2\/comments?post=223"}],"version-history":[{"count":11,"href":"https:\/\/www.steuerpraxis.net\/de\/wp-json\/wp\/v2\/pages\/223\/revisions"}],"predecessor-version":[{"id":4638,"href":"https:\/\/www.steuerpraxis.net\/de\/wp-json\/wp\/v2\/pages\/223\/revisions\/4638"}],"up":[{"embeddable":true,"href":"https:\/\/www.steuerpraxis.net\/de\/wp-json\/wp\/v2\/pages\/104"}],"wp:featuredmedia":[{"embeddable":true,"href":"https:\/\/www.steuerpraxis.net\/de\/wp-json\/wp\/v2\/media\/165"}],"wp:attachment":[{"href":"https:\/\/www.steuerpraxis.net\/de\/wp-json\/wp\/v2\/media?parent=223"}],"curies":[{"name":"wp","href":"https:\/\/api.w.org\/{rel}","templated":true}]}}