{"id":240,"date":"2016-10-28T14:50:30","date_gmt":"2016-10-28T12:50:30","guid":{"rendered":"https:\/\/www.steuerpraxis.net\/?page_id=240"},"modified":"2023-08-09T16:21:07","modified_gmt":"2023-08-09T14:21:07","slug":"impressum","status":"publish","type":"page","link":"https:\/\/www.steuerpraxis.net\/de\/kontakt\/impressum\/","title":{"rendered":"Impressum"},"content":{"rendered":"<h4><strong>Herausgeber der Website www.steuerpraxis.net<\/strong><\/h4>\n<p>Dr. Schmidt-Wilke + Partner Steuerberatungsgesellschaft mbH<br \/>\nHarnackstra\u00dfe\u00a07<br \/>\n39104 Magdeburg<\/p>\n<p>Gesch\u00e4ftsf\u00fchrer: Herr Christian H\u00fcbner<\/p>\n<p>E-Mail: <a href=\"mailto:info@steuerpraxis.net\">info@steuerpraxis.net <\/a><br \/>\nTelefon: 0391\/300459-0<br \/>\nTelefax: 0391\/300459-9<\/p>\n<h4>Handelsregister:<\/h4>\n<p>Amtsgericht\u00a0Stendal, HRB 18934<br \/>\nUmsatzsteuer-ID: DE115680832<\/p>\n<h4>Webdesign &amp; Programmierung:<\/h4>\n<p><a href=\"https:\/\/www.hummelt-werbeagentur.de\" target=\"_blank\" rel=\"noopener\">hummelt und partner | Werbeagentur GmbH<\/a><\/p>\n<h4>Berufshaftpflichtversicherung:<\/h4>\n<p>Gothaer Allgemeine Versicherung AG<br \/>\n50598 K\u00f6ln<br \/>\nDer r\u00e4umliche Geltungsbereich des Versicherungsschutzes umfasst Dienstleistungen in s\u00e4mtlichen Mitgliedsl\u00e4ndern der Europ\u00e4ischen Union.<\/p>\n<p>Die Dr. Schmidt-Wilke + Partner Steuerberatungsgesellschaft mbH ist durch das Finanzministerium Sachsen-Anhalt als Steuerberatungsgesellschaft anerkannt und dementsprechend selbst\u00e4ndiges Mitglied in der\u00a0<a href=\"http:\/\/www.stbk-sachsen-anhalt.de\/\">Steuerberaterkammer Sachsen-Anhalt.<\/a><\/p>\n<p>Die Steuerberater sind Mitglieder der <a href=\"http:\/\/www.stbk-sachsen-anhalt.de\/\">Steuerberaterkammer Sachsen-Anhalt<\/a> und durch das <a href=\"http:\/\/www.mf.sachsen-anhalt.de\/ministerium-der-finanzen\/\">Finanzministerium Sachsen-Anhalt <\/a>zugelassen.<\/p>\n<p>Die gesetzliche Berufsbezeichnung Steuerberater bzw. Steuerberatungsgesellschaft wurden in der Bundesrepublik Deutschland verliehen.<\/p>\n<p>Der Berufsstand der Steuerberater unterliegt im Wesentlichen den nachstehenden Regelungen:<\/p>\n<ul>\n<li>Steuerberatungsgesetz (StBerG)<\/li>\n<li>Durchf\u00fchrungsverordnung zum Steuerberatungsgesetz (DVStB)<\/li>\n<li>Steuerberaterverg\u00fctungsverordnung (StBVV)<\/li>\n<li>Berufsordnung (BOStB)<\/li>\n<\/ul>\n<p>Die berufsrechtlichen Regelungen k\u00f6nnen bei der zust\u00e4ndigen Steuerberaterkammer Sachsen-Anhalt eingesehen werden. Sie finden sie auch auf der Homepage der Bundessteuerberaterkammer.<\/p>\n<h5>Adressen<\/h5>\n<h4>Ministerium der Finanzen des Landes Sachsen-Anhalt<\/h4>\n<p>Editha-Ring 40<br \/>\n39108 Magdeburg<\/p>\n<h4>Steuerberaterkammer Sachsen-Anhalt<\/h4>\n<p>Zum Domfelsen 4<br \/>\n39104 Magdeburg<br \/>\nTel. (0391) 611 62-0<br \/>\n<a href=\"http:\/\/www.stbk-sachsen-anhalt.de\">http:\/\/www.stbk-sachsen-anhalt.de<\/a><\/p>\n<h4>Haftungsausschluss MGI Association:<\/h4>\n<div>MGI Association ist ein Netzwerk unabh\u00e4ngiger Wirtschaftspr\u00fcfungs-, Steuerberatungs- und Unternehmensberatungsgesellschaften. Die Mitgliedsfirmen sind rechtlich eigenst\u00e4ndig und unabh\u00e4ngig von MGI Association. MGI Association selbst ist nicht operativ t\u00e4tig. Beratungsleistungen werden ausschlie\u00dflich durch die Mitgliedsunternehmen selbstst\u00e4ndig und unabh\u00e4ngig erbracht.<\/div>\n<div>Weitere Informationen unter: <a href=\"http:\/\/www.mgiworld.com\/legal\"><span style=\"color: #000080;\">www.mgiworld.com\/legal<\/span><\/a><\/div>\n","protected":false},"excerpt":{"rendered":"<p>Herausgeber der Website www.steuerpraxis.net Dr. Schmidt-Wilke + Partner Steuerberatungsgesellschaft mbH Harnackstra\u00dfe\u00a07 39104 Magdeburg Gesch\u00e4ftsf\u00fchrer: Herr Christian H\u00fcbner E-Mail: info@steuerpraxis.net Telefon: 0391\/300459-0 Telefax: 0391\/300459-9 Handelsregister: Amtsgericht\u00a0Stendal, HRB 18934 Umsatzsteuer-ID: DE115680832 Webdesign &amp; Programmierung: hummelt und partner | Werbeagentur GmbH Berufshaftpflichtversicherung: Gothaer Allgemeine Versicherung AG 50598 K\u00f6ln Der r\u00e4umliche Geltungsbereich des Versicherungsschutzes umfasst Dienstleistungen in s\u00e4mtlichen Mitgliedsl\u00e4ndern [&hellip;]<\/p>\n","protected":false},"author":1,"featured_media":169,"parent":420,"menu_order":0,"comment_status":"closed","ping_status":"closed","template":"","meta":{"_acf_changed":false,"footnotes":""},"class_list":["post-240","page","type-page","status-publish","has-post-thumbnail","hentry"],"acf":[],"yoast_head":"<!-- This site is optimized with the Yoast SEO plugin v27.6 - https:\/\/yoast.com\/product\/yoast-seo-wordpress\/ -->\n<title>Impressum - Dr. Schmidt-Wilke + Partner Steuerberatungsgesellschaft mbH<\/title>\n<meta name=\"robots\" content=\"index, follow, max-snippet:-1, max-image-preview:large, max-video-preview:-1\" \/>\n<link rel=\"canonical\" href=\"https:\/\/www.steuerpraxis.net\/de\/kontakt\/impressum\/\" \/>\n<meta property=\"og:locale\" content=\"de_DE\" \/>\n<meta property=\"og:type\" content=\"article\" \/>\n<meta property=\"og:title\" content=\"Impressum - Dr. Schmidt-Wilke + Partner Steuerberatungsgesellschaft mbH\" \/>\n<meta property=\"og:description\" content=\"Herausgeber der Website www.steuerpraxis.net Dr. Schmidt-Wilke + Partner Steuerberatungsgesellschaft mbH Harnackstra\u00dfe\u00a07 39104 Magdeburg Gesch\u00e4ftsf\u00fchrer: Herr Christian H\u00fcbner E-Mail: info@steuerpraxis.net Telefon: 0391\/300459-0 Telefax: 0391\/300459-9 Handelsregister: Amtsgericht\u00a0Stendal, HRB 18934 Umsatzsteuer-ID: DE115680832 Webdesign &amp; Programmierung: hummelt und partner | Werbeagentur GmbH Berufshaftpflichtversicherung: Gothaer Allgemeine Versicherung AG 50598 K\u00f6ln Der r\u00e4umliche Geltungsbereich des Versicherungsschutzes umfasst Dienstleistungen in s\u00e4mtlichen Mitgliedsl\u00e4ndern [&hellip;]\" \/>\n<meta property=\"og:url\" content=\"https:\/\/www.steuerpraxis.net\/de\/kontakt\/impressum\/\" \/>\n<meta property=\"og:site_name\" content=\"Dr. Schmidt-Wilke + Partner Steuerberatungsgesellschaft mbH\" \/>\n<meta property=\"article:modified_time\" content=\"2023-08-09T14:21:07+00:00\" \/>\n<meta property=\"og:image\" content=\"https:\/\/www.steuerpraxis.net\/wp-content\/uploads\/2015\/09\/personal-touch_finalflat-991x1024.jpg\" \/>\n\t<meta property=\"og:image:width\" content=\"991\" \/>\n\t<meta property=\"og:image:height\" content=\"1024\" \/>\n\t<meta property=\"og:image:type\" content=\"image\/jpeg\" \/>\n<meta name=\"twitter:card\" content=\"summary_large_image\" \/>\n<meta name=\"twitter:label1\" content=\"Gesch\u00e4tzte Lesezeit\" \/>\n\t<meta name=\"twitter:data1\" content=\"2\u00a0Minuten\" \/>\n<script type=\"application\/ld+json\" class=\"yoast-schema-graph\">{\"@context\":\"https:\\\/\\\/schema.org\",\"@graph\":[{\"@type\":\"WebPage\",\"@id\":\"https:\\\/\\\/www.steuerpraxis.net\\\/de\\\/kontakt\\\/impressum\\\/\",\"url\":\"https:\\\/\\\/www.steuerpraxis.net\\\/de\\\/kontakt\\\/impressum\\\/\",\"name\":\"Impressum - Dr. Schmidt-Wilke + Partner Steuerberatungsgesellschaft mbH\",\"isPartOf\":{\"@id\":\"https:\\\/\\\/www.steuerpraxis.net\\\/de\\\/#website\"},\"primaryImageOfPage\":{\"@id\":\"https:\\\/\\\/www.steuerpraxis.net\\\/de\\\/kontakt\\\/impressum\\\/#primaryimage\"},\"image\":{\"@id\":\"https:\\\/\\\/www.steuerpraxis.net\\\/de\\\/kontakt\\\/impressum\\\/#primaryimage\"},\"thumbnailUrl\":\"https:\\\/\\\/www.steuerpraxis.net\\\/wp-content\\\/uploads\\\/2015\\\/09\\\/personal-touch_finalflat.jpg\",\"datePublished\":\"2016-10-28T12:50:30+00:00\",\"dateModified\":\"2023-08-09T14:21:07+00:00\",\"breadcrumb\":{\"@id\":\"https:\\\/\\\/www.steuerpraxis.net\\\/de\\\/kontakt\\\/impressum\\\/#breadcrumb\"},\"inLanguage\":\"de\",\"potentialAction\":[{\"@type\":\"ReadAction\",\"target\":[\"https:\\\/\\\/www.steuerpraxis.net\\\/de\\\/kontakt\\\/impressum\\\/\"]}]},{\"@type\":\"ImageObject\",\"inLanguage\":\"de\",\"@id\":\"https:\\\/\\\/www.steuerpraxis.net\\\/de\\\/kontakt\\\/impressum\\\/#primaryimage\",\"url\":\"https:\\\/\\\/www.steuerpraxis.net\\\/wp-content\\\/uploads\\\/2015\\\/09\\\/personal-touch_finalflat.jpg\",\"contentUrl\":\"https:\\\/\\\/www.steuerpraxis.net\\\/wp-content\\\/uploads\\\/2015\\\/09\\\/personal-touch_finalflat.jpg\",\"width\":7087,\"height\":7323},{\"@type\":\"BreadcrumbList\",\"@id\":\"https:\\\/\\\/www.steuerpraxis.net\\\/de\\\/kontakt\\\/impressum\\\/#breadcrumb\",\"itemListElement\":[{\"@type\":\"ListItem\",\"position\":1,\"name\":\"Startseite\",\"item\":\"https:\\\/\\\/www.steuerpraxis.net\\\/de\\\/\"},{\"@type\":\"ListItem\",\"position\":2,\"name\":\"Kontakt\",\"item\":\"https:\\\/\\\/www.steuerpraxis.net\\\/de\\\/kontakt\\\/\"},{\"@type\":\"ListItem\",\"position\":3,\"name\":\"Impressum\"}]},{\"@type\":\"WebSite\",\"@id\":\"https:\\\/\\\/www.steuerpraxis.net\\\/de\\\/#website\",\"url\":\"https:\\\/\\\/www.steuerpraxis.net\\\/de\\\/\",\"name\":\"Dr. Schmidt-Wilke + Partner Steuerberatungsgesellschaft mbH\",\"description\":\"Magdeburg\",\"potentialAction\":[{\"@type\":\"SearchAction\",\"target\":{\"@type\":\"EntryPoint\",\"urlTemplate\":\"https:\\\/\\\/www.steuerpraxis.net\\\/de\\\/?s={search_term_string}\"},\"query-input\":{\"@type\":\"PropertyValueSpecification\",\"valueRequired\":true,\"valueName\":\"search_term_string\"}}],\"inLanguage\":\"de\"}]}<\/script>\n<!-- \/ Yoast SEO plugin. -->","yoast_head_json":{"title":"Impressum - Dr. Schmidt-Wilke + Partner Steuerberatungsgesellschaft mbH","robots":{"index":"index","follow":"follow","max-snippet":"max-snippet:-1","max-image-preview":"max-image-preview:large","max-video-preview":"max-video-preview:-1"},"canonical":"https:\/\/www.steuerpraxis.net\/de\/kontakt\/impressum\/","og_locale":"de_DE","og_type":"article","og_title":"Impressum - Dr. Schmidt-Wilke + Partner Steuerberatungsgesellschaft mbH","og_description":"Herausgeber der Website www.steuerpraxis.net Dr. Schmidt-Wilke + Partner Steuerberatungsgesellschaft mbH Harnackstra\u00dfe\u00a07 39104 Magdeburg Gesch\u00e4ftsf\u00fchrer: Herr Christian H\u00fcbner E-Mail: info@steuerpraxis.net Telefon: 0391\/300459-0 Telefax: 0391\/300459-9 Handelsregister: Amtsgericht\u00a0Stendal, HRB 18934 Umsatzsteuer-ID: DE115680832 Webdesign &amp; Programmierung: hummelt und partner | Werbeagentur GmbH Berufshaftpflichtversicherung: Gothaer Allgemeine Versicherung AG 50598 K\u00f6ln Der r\u00e4umliche Geltungsbereich des Versicherungsschutzes umfasst Dienstleistungen in s\u00e4mtlichen Mitgliedsl\u00e4ndern [&hellip;]","og_url":"https:\/\/www.steuerpraxis.net\/de\/kontakt\/impressum\/","og_site_name":"Dr. Schmidt-Wilke + Partner Steuerberatungsgesellschaft mbH","article_modified_time":"2023-08-09T14:21:07+00:00","og_image":[{"width":991,"height":1024,"url":"https:\/\/www.steuerpraxis.net\/wp-content\/uploads\/2015\/09\/personal-touch_finalflat-991x1024.jpg","type":"image\/jpeg"}],"twitter_card":"summary_large_image","twitter_misc":{"Gesch\u00e4tzte Lesezeit":"2\u00a0Minuten"},"schema":{"@context":"https:\/\/schema.org","@graph":[{"@type":"WebPage","@id":"https:\/\/www.steuerpraxis.net\/de\/kontakt\/impressum\/","url":"https:\/\/www.steuerpraxis.net\/de\/kontakt\/impressum\/","name":"Impressum - Dr. Schmidt-Wilke + Partner Steuerberatungsgesellschaft mbH","isPartOf":{"@id":"https:\/\/www.steuerpraxis.net\/de\/#website"},"primaryImageOfPage":{"@id":"https:\/\/www.steuerpraxis.net\/de\/kontakt\/impressum\/#primaryimage"},"image":{"@id":"https:\/\/www.steuerpraxis.net\/de\/kontakt\/impressum\/#primaryimage"},"thumbnailUrl":"https:\/\/www.steuerpraxis.net\/wp-content\/uploads\/2015\/09\/personal-touch_finalflat.jpg","datePublished":"2016-10-28T12:50:30+00:00","dateModified":"2023-08-09T14:21:07+00:00","breadcrumb":{"@id":"https:\/\/www.steuerpraxis.net\/de\/kontakt\/impressum\/#breadcrumb"},"inLanguage":"de","potentialAction":[{"@type":"ReadAction","target":["https:\/\/www.steuerpraxis.net\/de\/kontakt\/impressum\/"]}]},{"@type":"ImageObject","inLanguage":"de","@id":"https:\/\/www.steuerpraxis.net\/de\/kontakt\/impressum\/#primaryimage","url":"https:\/\/www.steuerpraxis.net\/wp-content\/uploads\/2015\/09\/personal-touch_finalflat.jpg","contentUrl":"https:\/\/www.steuerpraxis.net\/wp-content\/uploads\/2015\/09\/personal-touch_finalflat.jpg","width":7087,"height":7323},{"@type":"BreadcrumbList","@id":"https:\/\/www.steuerpraxis.net\/de\/kontakt\/impressum\/#breadcrumb","itemListElement":[{"@type":"ListItem","position":1,"name":"Startseite","item":"https:\/\/www.steuerpraxis.net\/de\/"},{"@type":"ListItem","position":2,"name":"Kontakt","item":"https:\/\/www.steuerpraxis.net\/de\/kontakt\/"},{"@type":"ListItem","position":3,"name":"Impressum"}]},{"@type":"WebSite","@id":"https:\/\/www.steuerpraxis.net\/de\/#website","url":"https:\/\/www.steuerpraxis.net\/de\/","name":"Dr. Schmidt-Wilke + Partner Steuerberatungsgesellschaft mbH","description":"Magdeburg","potentialAction":[{"@type":"SearchAction","target":{"@type":"EntryPoint","urlTemplate":"https:\/\/www.steuerpraxis.net\/de\/?s={search_term_string}"},"query-input":{"@type":"PropertyValueSpecification","valueRequired":true,"valueName":"search_term_string"}}],"inLanguage":"de"}]}},"_links":{"self":[{"href":"https:\/\/www.steuerpraxis.net\/de\/wp-json\/wp\/v2\/pages\/240","targetHints":{"allow":["GET"]}}],"collection":[{"href":"https:\/\/www.steuerpraxis.net\/de\/wp-json\/wp\/v2\/pages"}],"about":[{"href":"https:\/\/www.steuerpraxis.net\/de\/wp-json\/wp\/v2\/types\/page"}],"author":[{"embeddable":true,"href":"https:\/\/www.steuerpraxis.net\/de\/wp-json\/wp\/v2\/users\/1"}],"replies":[{"embeddable":true,"href":"https:\/\/www.steuerpraxis.net\/de\/wp-json\/wp\/v2\/comments?post=240"}],"version-history":[{"count":6,"href":"https:\/\/www.steuerpraxis.net\/de\/wp-json\/wp\/v2\/pages\/240\/revisions"}],"predecessor-version":[{"id":4469,"href":"https:\/\/www.steuerpraxis.net\/de\/wp-json\/wp\/v2\/pages\/240\/revisions\/4469"}],"up":[{"embeddable":true,"href":"https:\/\/www.steuerpraxis.net\/de\/wp-json\/wp\/v2\/pages\/420"}],"wp:featuredmedia":[{"embeddable":true,"href":"https:\/\/www.steuerpraxis.net\/de\/wp-json\/wp\/v2\/media\/169"}],"wp:attachment":[{"href":"https:\/\/www.steuerpraxis.net\/de\/wp-json\/wp\/v2\/media?parent=240"}],"curies":[{"name":"wp","href":"https:\/\/api.w.org\/{rel}","templated":true}]}}