{"id":638,"date":"2016-11-07T16:24:34","date_gmt":"2016-11-07T15:24:34","guid":{"rendered":"https:\/\/www.steuerpraxis.net\/de\/?page_id=638"},"modified":"2023-08-31T09:22:15","modified_gmt":"2023-08-31T07:22:15","slug":"uberblick","status":"publish","type":"page","link":"https:\/\/www.steuerpraxis.net\/de\/doing-business-in-germany\/uberblick\/","title":{"rendered":"\u00dcberblick"},"content":{"rendered":"<p>Dr. Schmidt-Wilke ist seit 1973 Mitglied von MGI Association, einem weltweiten Netzwerk unabh\u00e4ngiger Wirtschaftspr\u00fcfungs- und Steuerberatungsgesellschaften. Dieses internationale Netzwerk ist in 101 L\u00e4ndern \u00fcber alle Kontinente mit 408 B\u00fcros verteilt, was den Vorteil bietet, dass bei l\u00e4nder\u00fcbergreifenden Aktivit\u00e4ten unserer Mandanten eine optimale Besteuerung gew\u00e4hrleistet werden kann. Weltweit verf\u00fcgt MGI Association \u00fcber strategisch starke Partnerunternehmen mit bedeutender Pr\u00e4senz in den jeweiligen Regionen. Diese Eigenschaft macht die Einzigartigkeit der Organisation aus.<\/p>\n<p>Durch diese Verbindungen erhalten unsere Mandanten immer aktuelle und umfassende Informationen bez\u00fcglich der wirtschaftlichen Rahmenbedingungen sowie der Besteuerung und der Wirtschaftspr\u00fcfung.<\/p>\n<p>In unserem Unternehmen ist f\u00fcr die internationale Beratung Herr H\u00fcbner verantwortlich. Er verf\u00fcgt \u00fcber jahrelange Erfahrung auf diesem Gebiet.<\/p>\n<p>Wir betreuen Mandanten weltweit, auch vor Ort im Ausland wie z.B. in Gro\u00dfbritannien, Polen etc. Wir beraten deutsche Unternehmen mit entsprechenden Niederlassungen und Tochterunternehmen im Ausland im Hinblick auf die Besonderheiten der Doppelbesteuerung in Zusammenarbeit mit unseren MGI Association-Kollegen vor Ort. Des Weiteren betreuen wir ausl\u00e4ndische Unternehmen und Personen, die in Deutschland wirtschaftliche Aktivit\u00e4ten aus\u00fcben. Hauptbereich ist hierbei die Rechnungslegung nach deutschem Recht, die Steuerberatung und Optimierung sowie die ordnungsgem\u00e4\u00dfe Steuerdeklaration und l\u00e4nder\u00fcbergreifende Steueroptimierung.<\/p>\n<p>Wir beraten Sie umfassend und kompetent bei internationalen Aktivit\u00e4ten, sowohl hinsichtlich des inl\u00e4ndischen als auch des ausl\u00e4ndischen Steuerrechtes. Internationales Steuerrecht bedarf umfassender Kenntnisse, denn es gilt: \u201eAndere L\u00e4nder, andere Gesetze.\u201c<\/p>\n<p>Im Nachfolgenden m\u00f6chten wir einen kurzen \u00dcberblick \u00fcber m\u00f6gliche Bereiche geben:<\/p>\n<ul>\n<li>Standortfaktoren in Deutschland<\/li>\n<li>Gesellschaftsformen<\/li>\n<li>Einkommensarten<\/li>\n<li>Besteuerung des Einkommens<\/li>\n<li>Andere Besteuerungsformen<\/li>\n<li>Rechnungslegung &#8211; Wirtschaftspr\u00fcfung<\/li>\n<\/ul>\n<p>Unsere Ausf\u00fchrungen zeigen einen kurzen \u00dcberblick \u00fcber die entsprechenden wirtschaftlichen Rahmenbedingungen in Deutschland. Da Deutschland \u00fcber ein sehr komplexes Wirtschafts- und Steuerrecht verf\u00fcgt, empfehlen wir Ihnen, sich mit einer fachkundigen Person bez\u00fcglich Ihrer Aktivit\u00e4ten in Deutschland in Verbindung zu setzen. Gerne steht Ihnen in unserem Unternehmen Herr Christian H\u00fcbner als Ansprechpartner zur Verf\u00fcgung.<\/p>\n<p>Ihre Anfragen k\u00f6nnen Sie gern \u00fcber unser Kontaktformular stellen.<\/p>\n","protected":false},"excerpt":{"rendered":"<p>Dr. Schmidt-Wilke ist seit 1973 Mitglied von MGI Association, einem weltweiten Netzwerk unabh\u00e4ngiger Wirtschaftspr\u00fcfungs- und Steuerberatungsgesellschaften. Dieses internationale Netzwerk ist in 101 L\u00e4ndern \u00fcber alle Kontinente mit 408 B\u00fcros verteilt, was den Vorteil bietet, dass bei l\u00e4nder\u00fcbergreifenden Aktivit\u00e4ten unserer Mandanten eine optimale Besteuerung gew\u00e4hrleistet werden kann. Weltweit verf\u00fcgt MGI Association \u00fcber strategisch starke Partnerunternehmen mit [&hellip;]<\/p>\n","protected":false},"author":1,"featured_media":165,"parent":104,"menu_order":0,"comment_status":"closed","ping_status":"closed","template":"","meta":{"_acf_changed":false,"footnotes":""},"class_list":["post-638","page","type-page","status-publish","has-post-thumbnail","hentry"],"acf":[],"yoast_head":"<!-- This site is optimized with the Yoast SEO plugin v27.4 - https:\/\/yoast.com\/product\/yoast-seo-wordpress\/ -->\n<title>\u00dcberblick - Dr. Schmidt-Wilke + Partner Steuerberatungsgesellschaft mbH<\/title>\n<meta name=\"robots\" content=\"index, follow, max-snippet:-1, max-image-preview:large, max-video-preview:-1\" \/>\n<link rel=\"canonical\" href=\"https:\/\/www.steuerpraxis.net\/de\/doing-business-in-germany\/uberblick\/\" \/>\n<meta property=\"og:locale\" content=\"de_DE\" \/>\n<meta property=\"og:type\" content=\"article\" \/>\n<meta property=\"og:title\" content=\"\u00dcberblick - Dr. Schmidt-Wilke + Partner Steuerberatungsgesellschaft mbH\" \/>\n<meta property=\"og:description\" content=\"Dr. Schmidt-Wilke ist seit 1973 Mitglied von MGI Association, einem weltweiten Netzwerk unabh\u00e4ngiger Wirtschaftspr\u00fcfungs- und Steuerberatungsgesellschaften. Dieses internationale Netzwerk ist in 101 L\u00e4ndern \u00fcber alle Kontinente mit 408 B\u00fcros verteilt, was den Vorteil bietet, dass bei l\u00e4nder\u00fcbergreifenden Aktivit\u00e4ten unserer Mandanten eine optimale Besteuerung gew\u00e4hrleistet werden kann. Weltweit verf\u00fcgt MGI Association \u00fcber strategisch starke Partnerunternehmen mit [&hellip;]\" \/>\n<meta property=\"og:url\" content=\"https:\/\/www.steuerpraxis.net\/de\/doing-business-in-germany\/uberblick\/\" \/>\n<meta property=\"og:site_name\" content=\"Dr. Schmidt-Wilke + Partner Steuerberatungsgesellschaft mbH\" \/>\n<meta property=\"article:modified_time\" content=\"2023-08-31T07:22:15+00:00\" \/>\n<meta property=\"og:image\" content=\"https:\/\/www.steuerpraxis.net\/wp-content\/uploads\/2015\/09\/entrepreneurial-spirit_flatlr-1024x991.jpg\" \/>\n\t<meta property=\"og:image:width\" content=\"1024\" \/>\n\t<meta property=\"og:image:height\" content=\"991\" \/>\n\t<meta property=\"og:image:type\" content=\"image\/jpeg\" \/>\n<meta name=\"twitter:card\" content=\"summary_large_image\" \/>\n<meta name=\"twitter:label1\" content=\"Gesch\u00e4tzte Lesezeit\" \/>\n\t<meta name=\"twitter:data1\" content=\"2\u00a0Minuten\" \/>\n<script type=\"application\/ld+json\" class=\"yoast-schema-graph\">{\"@context\":\"https:\\\/\\\/schema.org\",\"@graph\":[{\"@type\":\"WebPage\",\"@id\":\"https:\\\/\\\/www.steuerpraxis.net\\\/de\\\/doing-business-in-germany\\\/uberblick\\\/\",\"url\":\"https:\\\/\\\/www.steuerpraxis.net\\\/de\\\/doing-business-in-germany\\\/uberblick\\\/\",\"name\":\"\u00dcberblick - Dr. Schmidt-Wilke + Partner Steuerberatungsgesellschaft mbH\",\"isPartOf\":{\"@id\":\"https:\\\/\\\/www.steuerpraxis.net\\\/de\\\/#website\"},\"primaryImageOfPage\":{\"@id\":\"https:\\\/\\\/www.steuerpraxis.net\\\/de\\\/doing-business-in-germany\\\/uberblick\\\/#primaryimage\"},\"image\":{\"@id\":\"https:\\\/\\\/www.steuerpraxis.net\\\/de\\\/doing-business-in-germany\\\/uberblick\\\/#primaryimage\"},\"thumbnailUrl\":\"https:\\\/\\\/www.steuerpraxis.net\\\/wp-content\\\/uploads\\\/2015\\\/09\\\/entrepreneurial-spirit_flatlr.jpg\",\"datePublished\":\"2016-11-07T15:24:34+00:00\",\"dateModified\":\"2023-08-31T07:22:15+00:00\",\"breadcrumb\":{\"@id\":\"https:\\\/\\\/www.steuerpraxis.net\\\/de\\\/doing-business-in-germany\\\/uberblick\\\/#breadcrumb\"},\"inLanguage\":\"de\",\"potentialAction\":[{\"@type\":\"ReadAction\",\"target\":[\"https:\\\/\\\/www.steuerpraxis.net\\\/de\\\/doing-business-in-germany\\\/uberblick\\\/\"]}]},{\"@type\":\"ImageObject\",\"inLanguage\":\"de\",\"@id\":\"https:\\\/\\\/www.steuerpraxis.net\\\/de\\\/doing-business-in-germany\\\/uberblick\\\/#primaryimage\",\"url\":\"https:\\\/\\\/www.steuerpraxis.net\\\/wp-content\\\/uploads\\\/2015\\\/09\\\/entrepreneurial-spirit_flatlr.jpg\",\"contentUrl\":\"https:\\\/\\\/www.steuerpraxis.net\\\/wp-content\\\/uploads\\\/2015\\\/09\\\/entrepreneurial-spirit_flatlr.jpg\",\"width\":7323,\"height\":7087},{\"@type\":\"BreadcrumbList\",\"@id\":\"https:\\\/\\\/www.steuerpraxis.net\\\/de\\\/doing-business-in-germany\\\/uberblick\\\/#breadcrumb\",\"itemListElement\":[{\"@type\":\"ListItem\",\"position\":1,\"name\":\"Startseite\",\"item\":\"https:\\\/\\\/www.steuerpraxis.net\\\/de\\\/\"},{\"@type\":\"ListItem\",\"position\":2,\"name\":\"Doing Business in Germany\",\"item\":\"https:\\\/\\\/www.steuerpraxis.net\\\/de\\\/doing-business-in-germany\\\/\"},{\"@type\":\"ListItem\",\"position\":3,\"name\":\"\u00dcberblick\"}]},{\"@type\":\"WebSite\",\"@id\":\"https:\\\/\\\/www.steuerpraxis.net\\\/de\\\/#website\",\"url\":\"https:\\\/\\\/www.steuerpraxis.net\\\/de\\\/\",\"name\":\"Dr. Schmidt-Wilke + Partner Steuerberatungsgesellschaft mbH\",\"description\":\"Magdeburg\",\"potentialAction\":[{\"@type\":\"SearchAction\",\"target\":{\"@type\":\"EntryPoint\",\"urlTemplate\":\"https:\\\/\\\/www.steuerpraxis.net\\\/de\\\/?s={search_term_string}\"},\"query-input\":{\"@type\":\"PropertyValueSpecification\",\"valueRequired\":true,\"valueName\":\"search_term_string\"}}],\"inLanguage\":\"de\"}]}<\/script>\n<!-- \/ Yoast SEO plugin. -->","yoast_head_json":{"title":"\u00dcberblick - Dr. Schmidt-Wilke + Partner Steuerberatungsgesellschaft mbH","robots":{"index":"index","follow":"follow","max-snippet":"max-snippet:-1","max-image-preview":"max-image-preview:large","max-video-preview":"max-video-preview:-1"},"canonical":"https:\/\/www.steuerpraxis.net\/de\/doing-business-in-germany\/uberblick\/","og_locale":"de_DE","og_type":"article","og_title":"\u00dcberblick - Dr. Schmidt-Wilke + Partner Steuerberatungsgesellschaft mbH","og_description":"Dr. Schmidt-Wilke ist seit 1973 Mitglied von MGI Association, einem weltweiten Netzwerk unabh\u00e4ngiger Wirtschaftspr\u00fcfungs- und Steuerberatungsgesellschaften. Dieses internationale Netzwerk ist in 101 L\u00e4ndern \u00fcber alle Kontinente mit 408 B\u00fcros verteilt, was den Vorteil bietet, dass bei l\u00e4nder\u00fcbergreifenden Aktivit\u00e4ten unserer Mandanten eine optimale Besteuerung gew\u00e4hrleistet werden kann. Weltweit verf\u00fcgt MGI Association \u00fcber strategisch starke Partnerunternehmen mit [&hellip;]","og_url":"https:\/\/www.steuerpraxis.net\/de\/doing-business-in-germany\/uberblick\/","og_site_name":"Dr. Schmidt-Wilke + Partner Steuerberatungsgesellschaft mbH","article_modified_time":"2023-08-31T07:22:15+00:00","og_image":[{"width":1024,"height":991,"url":"https:\/\/www.steuerpraxis.net\/wp-content\/uploads\/2015\/09\/entrepreneurial-spirit_flatlr-1024x991.jpg","type":"image\/jpeg"}],"twitter_card":"summary_large_image","twitter_misc":{"Gesch\u00e4tzte Lesezeit":"2\u00a0Minuten"},"schema":{"@context":"https:\/\/schema.org","@graph":[{"@type":"WebPage","@id":"https:\/\/www.steuerpraxis.net\/de\/doing-business-in-germany\/uberblick\/","url":"https:\/\/www.steuerpraxis.net\/de\/doing-business-in-germany\/uberblick\/","name":"\u00dcberblick - Dr. Schmidt-Wilke + Partner Steuerberatungsgesellschaft mbH","isPartOf":{"@id":"https:\/\/www.steuerpraxis.net\/de\/#website"},"primaryImageOfPage":{"@id":"https:\/\/www.steuerpraxis.net\/de\/doing-business-in-germany\/uberblick\/#primaryimage"},"image":{"@id":"https:\/\/www.steuerpraxis.net\/de\/doing-business-in-germany\/uberblick\/#primaryimage"},"thumbnailUrl":"https:\/\/www.steuerpraxis.net\/wp-content\/uploads\/2015\/09\/entrepreneurial-spirit_flatlr.jpg","datePublished":"2016-11-07T15:24:34+00:00","dateModified":"2023-08-31T07:22:15+00:00","breadcrumb":{"@id":"https:\/\/www.steuerpraxis.net\/de\/doing-business-in-germany\/uberblick\/#breadcrumb"},"inLanguage":"de","potentialAction":[{"@type":"ReadAction","target":["https:\/\/www.steuerpraxis.net\/de\/doing-business-in-germany\/uberblick\/"]}]},{"@type":"ImageObject","inLanguage":"de","@id":"https:\/\/www.steuerpraxis.net\/de\/doing-business-in-germany\/uberblick\/#primaryimage","url":"https:\/\/www.steuerpraxis.net\/wp-content\/uploads\/2015\/09\/entrepreneurial-spirit_flatlr.jpg","contentUrl":"https:\/\/www.steuerpraxis.net\/wp-content\/uploads\/2015\/09\/entrepreneurial-spirit_flatlr.jpg","width":7323,"height":7087},{"@type":"BreadcrumbList","@id":"https:\/\/www.steuerpraxis.net\/de\/doing-business-in-germany\/uberblick\/#breadcrumb","itemListElement":[{"@type":"ListItem","position":1,"name":"Startseite","item":"https:\/\/www.steuerpraxis.net\/de\/"},{"@type":"ListItem","position":2,"name":"Doing Business in Germany","item":"https:\/\/www.steuerpraxis.net\/de\/doing-business-in-germany\/"},{"@type":"ListItem","position":3,"name":"\u00dcberblick"}]},{"@type":"WebSite","@id":"https:\/\/www.steuerpraxis.net\/de\/#website","url":"https:\/\/www.steuerpraxis.net\/de\/","name":"Dr. Schmidt-Wilke + Partner Steuerberatungsgesellschaft mbH","description":"Magdeburg","potentialAction":[{"@type":"SearchAction","target":{"@type":"EntryPoint","urlTemplate":"https:\/\/www.steuerpraxis.net\/de\/?s={search_term_string}"},"query-input":{"@type":"PropertyValueSpecification","valueRequired":true,"valueName":"search_term_string"}}],"inLanguage":"de"}]}},"_links":{"self":[{"href":"https:\/\/www.steuerpraxis.net\/de\/wp-json\/wp\/v2\/pages\/638","targetHints":{"allow":["GET"]}}],"collection":[{"href":"https:\/\/www.steuerpraxis.net\/de\/wp-json\/wp\/v2\/pages"}],"about":[{"href":"https:\/\/www.steuerpraxis.net\/de\/wp-json\/wp\/v2\/types\/page"}],"author":[{"embeddable":true,"href":"https:\/\/www.steuerpraxis.net\/de\/wp-json\/wp\/v2\/users\/1"}],"replies":[{"embeddable":true,"href":"https:\/\/www.steuerpraxis.net\/de\/wp-json\/wp\/v2\/comments?post=638"}],"version-history":[{"count":5,"href":"https:\/\/www.steuerpraxis.net\/de\/wp-json\/wp\/v2\/pages\/638\/revisions"}],"predecessor-version":[{"id":4498,"href":"https:\/\/www.steuerpraxis.net\/de\/wp-json\/wp\/v2\/pages\/638\/revisions\/4498"}],"up":[{"embeddable":true,"href":"https:\/\/www.steuerpraxis.net\/de\/wp-json\/wp\/v2\/pages\/104"}],"wp:featuredmedia":[{"embeddable":true,"href":"https:\/\/www.steuerpraxis.net\/de\/wp-json\/wp\/v2\/media\/165"}],"wp:attachment":[{"href":"https:\/\/www.steuerpraxis.net\/de\/wp-json\/wp\/v2\/media?parent=638"}],"curies":[{"name":"wp","href":"https:\/\/api.w.org\/{rel}","templated":true}]}}