{"id":658,"date":"2016-11-07T16:30:29","date_gmt":"2016-11-07T15:30:29","guid":{"rendered":"https:\/\/www.steuerpraxis.net\/de\/?page_id=658"},"modified":"2016-12-12T13:08:47","modified_gmt":"2016-12-12T12:08:47","slug":"leistungen-uberblick","status":"publish","type":"page","link":"https:\/\/www.steuerpraxis.net\/de\/leistungen\/leistungen-uberblick\/","title":{"rendered":"\u00dcberblick"},"content":{"rendered":"<p>Der Erfolg unserer Mandanten ist unser wichtigstes Anliegen. Deshalb beraten wir professionell, pr\u00e4ventiv und l\u00f6sungsorientiert.<\/p>\n<p>Wir verstehen uns als Dienstleister mit besonderer Kompetenz f\u00fcr mittelst\u00e4ndische Unternehmen und den anspruchsvollen Privatmandanten. Deshalb bieten wir Ihnen unsere umfassende Beratungskompetenz in solchen Bereichen an, die dem Berufsstand des Steuerberaters vorbehalten sind. Aber auch in verwandten Gebieten, wie in betriebswirtschaftlichen Bereichen, \u00fcberzeugen wir Sie gern von unserer Leistungsf\u00e4higkeit.<\/p>\n<h4>Unser besonderer Service f\u00fcr Sie:<\/h4>\n<p>Bei allen Leistungen richten wir uns mit unserem Service nach Ihren Bed\u00fcrfnissen:<\/p>\n<ul>\n<li>Zeit und Ort von Besprechungen nach Ihren Vorgaben<\/li>\n<li>Individueller Aufbau des Leistungsumfangs \u2013 ma\u00dfgeschneidert nach Ihrem Informationsbedarf<\/li>\n<li>Hol- und Bring-Service von Unterlagen in der Region<\/li>\n<li>Regelm\u00e4\u00dfige Mandantenrundschreiben mit Telefonservice zu Themen, die Sie besonders betreffen<\/li>\n<li>Feste Ansprechpartner, die Sie und Ihr gesch\u00e4ftliches Umfeld kennen<\/li>\n<\/ul>\n","protected":false},"excerpt":{"rendered":"<p>Der Erfolg unserer Mandanten ist unser wichtigstes Anliegen. Deshalb beraten wir professionell, pr\u00e4ventiv und l\u00f6sungsorientiert. Wir verstehen uns als Dienstleister mit besonderer Kompetenz f\u00fcr mittelst\u00e4ndische Unternehmen und den anspruchsvollen Privatmandanten. Deshalb bieten wir Ihnen unsere umfassende Beratungskompetenz in solchen Bereichen an, die dem Berufsstand des Steuerberaters vorbehalten sind. Aber auch in verwandten Gebieten, wie in [&hellip;]<\/p>\n","protected":false},"author":1,"featured_media":168,"parent":98,"menu_order":0,"comment_status":"closed","ping_status":"closed","template":"","meta":{"_acf_changed":false,"footnotes":""},"class_list":["post-658","page","type-page","status-publish","has-post-thumbnail","hentry"],"acf":[],"yoast_head":"<!-- This site is optimized with the Yoast SEO plugin v27.5 - https:\/\/yoast.com\/product\/yoast-seo-wordpress\/ -->\n<title>\u00dcberblick - Dr. Schmidt-Wilke + Partner Steuerberatungsgesellschaft mbH<\/title>\n<meta name=\"robots\" content=\"index, follow, max-snippet:-1, max-image-preview:large, max-video-preview:-1\" \/>\n<link rel=\"canonical\" href=\"https:\/\/www.steuerpraxis.net\/de\/leistungen\/leistungen-uberblick\/\" \/>\n<meta property=\"og:locale\" content=\"de_DE\" \/>\n<meta property=\"og:type\" content=\"article\" \/>\n<meta property=\"og:title\" content=\"\u00dcberblick - Dr. Schmidt-Wilke + Partner Steuerberatungsgesellschaft mbH\" \/>\n<meta property=\"og:description\" content=\"Der Erfolg unserer Mandanten ist unser wichtigstes Anliegen. Deshalb beraten wir professionell, pr\u00e4ventiv und l\u00f6sungsorientiert. Wir verstehen uns als Dienstleister mit besonderer Kompetenz f\u00fcr mittelst\u00e4ndische Unternehmen und den anspruchsvollen Privatmandanten. Deshalb bieten wir Ihnen unsere umfassende Beratungskompetenz in solchen Bereichen an, die dem Berufsstand des Steuerberaters vorbehalten sind. Aber auch in verwandten Gebieten, wie in [&hellip;]\" \/>\n<meta property=\"og:url\" content=\"https:\/\/www.steuerpraxis.net\/de\/leistungen\/leistungen-uberblick\/\" \/>\n<meta property=\"og:site_name\" content=\"Dr. Schmidt-Wilke + Partner Steuerberatungsgesellschaft mbH\" \/>\n<meta property=\"article:modified_time\" content=\"2016-12-12T12:08:47+00:00\" \/>\n<meta property=\"og:image\" content=\"https:\/\/www.steuerpraxis.net\/wp-content\/uploads\/2015\/09\/knowledgehub_finalflat-724x1024.jpg\" \/>\n\t<meta property=\"og:image:width\" content=\"724\" \/>\n\t<meta property=\"og:image:height\" content=\"1024\" \/>\n\t<meta property=\"og:image:type\" content=\"image\/jpeg\" \/>\n<meta name=\"twitter:card\" content=\"summary_large_image\" \/>\n<meta name=\"twitter:label1\" content=\"Gesch\u00e4tzte Lesezeit\" \/>\n\t<meta name=\"twitter:data1\" content=\"1\u00a0Minute\" \/>\n<script type=\"application\/ld+json\" class=\"yoast-schema-graph\">{\"@context\":\"https:\\\/\\\/schema.org\",\"@graph\":[{\"@type\":\"WebPage\",\"@id\":\"https:\\\/\\\/www.steuerpraxis.net\\\/de\\\/leistungen\\\/leistungen-uberblick\\\/\",\"url\":\"https:\\\/\\\/www.steuerpraxis.net\\\/de\\\/leistungen\\\/leistungen-uberblick\\\/\",\"name\":\"\u00dcberblick - Dr. Schmidt-Wilke + Partner Steuerberatungsgesellschaft mbH\",\"isPartOf\":{\"@id\":\"https:\\\/\\\/www.steuerpraxis.net\\\/de\\\/#website\"},\"primaryImageOfPage\":{\"@id\":\"https:\\\/\\\/www.steuerpraxis.net\\\/de\\\/leistungen\\\/leistungen-uberblick\\\/#primaryimage\"},\"image\":{\"@id\":\"https:\\\/\\\/www.steuerpraxis.net\\\/de\\\/leistungen\\\/leistungen-uberblick\\\/#primaryimage\"},\"thumbnailUrl\":\"https:\\\/\\\/www.steuerpraxis.net\\\/wp-content\\\/uploads\\\/2015\\\/09\\\/knowledgehub_finalflat.jpg\",\"datePublished\":\"2016-11-07T15:30:29+00:00\",\"dateModified\":\"2016-12-12T12:08:47+00:00\",\"breadcrumb\":{\"@id\":\"https:\\\/\\\/www.steuerpraxis.net\\\/de\\\/leistungen\\\/leistungen-uberblick\\\/#breadcrumb\"},\"inLanguage\":\"de\",\"potentialAction\":[{\"@type\":\"ReadAction\",\"target\":[\"https:\\\/\\\/www.steuerpraxis.net\\\/de\\\/leistungen\\\/leistungen-uberblick\\\/\"]}]},{\"@type\":\"ImageObject\",\"inLanguage\":\"de\",\"@id\":\"https:\\\/\\\/www.steuerpraxis.net\\\/de\\\/leistungen\\\/leistungen-uberblick\\\/#primaryimage\",\"url\":\"https:\\\/\\\/www.steuerpraxis.net\\\/wp-content\\\/uploads\\\/2015\\\/09\\\/knowledgehub_finalflat.jpg\",\"contentUrl\":\"https:\\\/\\\/www.steuerpraxis.net\\\/wp-content\\\/uploads\\\/2015\\\/09\\\/knowledgehub_finalflat.jpg\",\"width\":4961,\"height\":7016},{\"@type\":\"BreadcrumbList\",\"@id\":\"https:\\\/\\\/www.steuerpraxis.net\\\/de\\\/leistungen\\\/leistungen-uberblick\\\/#breadcrumb\",\"itemListElement\":[{\"@type\":\"ListItem\",\"position\":1,\"name\":\"Startseite\",\"item\":\"https:\\\/\\\/www.steuerpraxis.net\\\/de\\\/\"},{\"@type\":\"ListItem\",\"position\":2,\"name\":\"Leistungen\",\"item\":\"https:\\\/\\\/www.steuerpraxis.net\\\/de\\\/leistungen\\\/\"},{\"@type\":\"ListItem\",\"position\":3,\"name\":\"\u00dcberblick\"}]},{\"@type\":\"WebSite\",\"@id\":\"https:\\\/\\\/www.steuerpraxis.net\\\/de\\\/#website\",\"url\":\"https:\\\/\\\/www.steuerpraxis.net\\\/de\\\/\",\"name\":\"Dr. Schmidt-Wilke + Partner Steuerberatungsgesellschaft mbH\",\"description\":\"Magdeburg\",\"potentialAction\":[{\"@type\":\"SearchAction\",\"target\":{\"@type\":\"EntryPoint\",\"urlTemplate\":\"https:\\\/\\\/www.steuerpraxis.net\\\/de\\\/?s={search_term_string}\"},\"query-input\":{\"@type\":\"PropertyValueSpecification\",\"valueRequired\":true,\"valueName\":\"search_term_string\"}}],\"inLanguage\":\"de\"}]}<\/script>\n<!-- \/ Yoast SEO plugin. -->","yoast_head_json":{"title":"\u00dcberblick - Dr. Schmidt-Wilke + Partner Steuerberatungsgesellschaft mbH","robots":{"index":"index","follow":"follow","max-snippet":"max-snippet:-1","max-image-preview":"max-image-preview:large","max-video-preview":"max-video-preview:-1"},"canonical":"https:\/\/www.steuerpraxis.net\/de\/leistungen\/leistungen-uberblick\/","og_locale":"de_DE","og_type":"article","og_title":"\u00dcberblick - Dr. Schmidt-Wilke + Partner Steuerberatungsgesellschaft mbH","og_description":"Der Erfolg unserer Mandanten ist unser wichtigstes Anliegen. Deshalb beraten wir professionell, pr\u00e4ventiv und l\u00f6sungsorientiert. Wir verstehen uns als Dienstleister mit besonderer Kompetenz f\u00fcr mittelst\u00e4ndische Unternehmen und den anspruchsvollen Privatmandanten. Deshalb bieten wir Ihnen unsere umfassende Beratungskompetenz in solchen Bereichen an, die dem Berufsstand des Steuerberaters vorbehalten sind. Aber auch in verwandten Gebieten, wie in [&hellip;]","og_url":"https:\/\/www.steuerpraxis.net\/de\/leistungen\/leistungen-uberblick\/","og_site_name":"Dr. Schmidt-Wilke + Partner Steuerberatungsgesellschaft mbH","article_modified_time":"2016-12-12T12:08:47+00:00","og_image":[{"width":724,"height":1024,"url":"https:\/\/www.steuerpraxis.net\/wp-content\/uploads\/2015\/09\/knowledgehub_finalflat-724x1024.jpg","type":"image\/jpeg"}],"twitter_card":"summary_large_image","twitter_misc":{"Gesch\u00e4tzte Lesezeit":"1\u00a0Minute"},"schema":{"@context":"https:\/\/schema.org","@graph":[{"@type":"WebPage","@id":"https:\/\/www.steuerpraxis.net\/de\/leistungen\/leistungen-uberblick\/","url":"https:\/\/www.steuerpraxis.net\/de\/leistungen\/leistungen-uberblick\/","name":"\u00dcberblick - Dr. Schmidt-Wilke + Partner Steuerberatungsgesellschaft mbH","isPartOf":{"@id":"https:\/\/www.steuerpraxis.net\/de\/#website"},"primaryImageOfPage":{"@id":"https:\/\/www.steuerpraxis.net\/de\/leistungen\/leistungen-uberblick\/#primaryimage"},"image":{"@id":"https:\/\/www.steuerpraxis.net\/de\/leistungen\/leistungen-uberblick\/#primaryimage"},"thumbnailUrl":"https:\/\/www.steuerpraxis.net\/wp-content\/uploads\/2015\/09\/knowledgehub_finalflat.jpg","datePublished":"2016-11-07T15:30:29+00:00","dateModified":"2016-12-12T12:08:47+00:00","breadcrumb":{"@id":"https:\/\/www.steuerpraxis.net\/de\/leistungen\/leistungen-uberblick\/#breadcrumb"},"inLanguage":"de","potentialAction":[{"@type":"ReadAction","target":["https:\/\/www.steuerpraxis.net\/de\/leistungen\/leistungen-uberblick\/"]}]},{"@type":"ImageObject","inLanguage":"de","@id":"https:\/\/www.steuerpraxis.net\/de\/leistungen\/leistungen-uberblick\/#primaryimage","url":"https:\/\/www.steuerpraxis.net\/wp-content\/uploads\/2015\/09\/knowledgehub_finalflat.jpg","contentUrl":"https:\/\/www.steuerpraxis.net\/wp-content\/uploads\/2015\/09\/knowledgehub_finalflat.jpg","width":4961,"height":7016},{"@type":"BreadcrumbList","@id":"https:\/\/www.steuerpraxis.net\/de\/leistungen\/leistungen-uberblick\/#breadcrumb","itemListElement":[{"@type":"ListItem","position":1,"name":"Startseite","item":"https:\/\/www.steuerpraxis.net\/de\/"},{"@type":"ListItem","position":2,"name":"Leistungen","item":"https:\/\/www.steuerpraxis.net\/de\/leistungen\/"},{"@type":"ListItem","position":3,"name":"\u00dcberblick"}]},{"@type":"WebSite","@id":"https:\/\/www.steuerpraxis.net\/de\/#website","url":"https:\/\/www.steuerpraxis.net\/de\/","name":"Dr. Schmidt-Wilke + Partner Steuerberatungsgesellschaft mbH","description":"Magdeburg","potentialAction":[{"@type":"SearchAction","target":{"@type":"EntryPoint","urlTemplate":"https:\/\/www.steuerpraxis.net\/de\/?s={search_term_string}"},"query-input":{"@type":"PropertyValueSpecification","valueRequired":true,"valueName":"search_term_string"}}],"inLanguage":"de"}]}},"_links":{"self":[{"href":"https:\/\/www.steuerpraxis.net\/de\/wp-json\/wp\/v2\/pages\/658","targetHints":{"allow":["GET"]}}],"collection":[{"href":"https:\/\/www.steuerpraxis.net\/de\/wp-json\/wp\/v2\/pages"}],"about":[{"href":"https:\/\/www.steuerpraxis.net\/de\/wp-json\/wp\/v2\/types\/page"}],"author":[{"embeddable":true,"href":"https:\/\/www.steuerpraxis.net\/de\/wp-json\/wp\/v2\/users\/1"}],"replies":[{"embeddable":true,"href":"https:\/\/www.steuerpraxis.net\/de\/wp-json\/wp\/v2\/comments?post=658"}],"version-history":[{"count":5,"href":"https:\/\/www.steuerpraxis.net\/de\/wp-json\/wp\/v2\/pages\/658\/revisions"}],"predecessor-version":[{"id":1358,"href":"https:\/\/www.steuerpraxis.net\/de\/wp-json\/wp\/v2\/pages\/658\/revisions\/1358"}],"up":[{"embeddable":true,"href":"https:\/\/www.steuerpraxis.net\/de\/wp-json\/wp\/v2\/pages\/98"}],"wp:featuredmedia":[{"embeddable":true,"href":"https:\/\/www.steuerpraxis.net\/de\/wp-json\/wp\/v2\/media\/168"}],"wp:attachment":[{"href":"https:\/\/www.steuerpraxis.net\/de\/wp-json\/wp\/v2\/media?parent=658"}],"curies":[{"name":"wp","href":"https:\/\/api.w.org\/{rel}","templated":true}]}}