{"id":401,"date":"2016-11-03T22:17:09","date_gmt":"2016-11-03T21:17:09","guid":{"rendered":"https:\/\/www.steuerpraxis.net\/?page_id=401&#038;lang=en"},"modified":"2018-04-20T08:26:30","modified_gmt":"2018-04-20T06:26:30","slug":"privacy-policy","status":"publish","type":"page","link":"https:\/\/www.steuerpraxis.net\/en\/contact\/privacy-policy\/","title":{"rendered":"Privacy Policy"},"content":{"rendered":"<p><span id=\"result_box\" lang=\"en\">We understand that protecting your privacy when using our websites is important to you. We take the protection of your personal data very seriously. That is\u00a0why we want you to know when we save what data and how we use it. Therefore, we would like to inform you about our data protection measures with this privacy policy.<\/span><span id=\"t-served-community-button\" class=\"trans-verified-button goog-toolbar-button\" role=\"button\" aria-hidden=\"true\"><\/span><\/p>\n<h2>Capture of data<\/h2>\n<p><span id=\"result_box\" lang=\"en\"><span title=\"Sie k\u00f6nnen unsere Online-Pr\u00e4sentation grunds\u00e4tzlich ohne Offenlegung Ihrer pers\u00f6nlichen Daten nutzen.\">You can use our online presentation without disclosing your personal data. <\/span><span title=\"Durch das Aufrufen unserer Website werden auf den Servern unseres technischen Diensteanbieters DATEV eG (http:\/\/www.datev.de) oder dessen Gesch\u00e4ftspartnern Daten f\u00fcr Sicherungszwecke gespeichert, wie der Name Ihres Internetserviceproviders, die Website, von der aus Sie uns besuchen, die\">By visiting our website, data is saved for backup purposes on the servers of our technical service provider DATEV eG (<a href=\"http:\/\/www.datev.de\">http:\/\/www.datev.de<\/a>) or its business partners, such as the name of your Internet service provider, the website from which you visit us, w<\/span><span title=\"Websites, die Sie bei uns besuchen und Ihre IP-Adresse.\">ebsites you visit and your IP address. <\/span><span title=\"Diese Daten w\u00fcrden m\u00f6glicherweise eine Identifizierung zulassen, allerdings findet von uns diesbez\u00fcglich keine personenbezogene Verwertung statt.\">This data may possibly permit identification, however, we do not do any personal use in this regard. <\/span><span title=\"Sie k\u00f6nnen zu statistischen Zwecken ausgewertet werden, wobei der einzelne Benutzer jedoch anonym bleibt.\">They can be evaluated for statistical purposes, but the individual user remains anonymous. <\/span><span title=\"Soweit Daten an externe Dienstleister weitergegeben werden, haben wir durch technische und organisatorische Ma\u00dfnahmen sichergestellt, dass die Vorschriften des Datenschutzes beachtet werden.\">As far as data is passed on to external service providers, we have ensured through technical and organizational measures that the regulations of data protection are observed.<\/span><\/span><\/p>\n<h2>Collection and processing of personal data<\/h2>\n<p><span id=\"result_box\" lang=\"en\">Personal data is only collected if you send it to us by yourself, e.g.\u00a0by filling in forms or sending e-mails, in the context of ordering services or\u00a0requests. The database and its contents remain with us and our technical service provider. Your personal data will not be made available to third parties in any form by us or persons commissioned by us, unless this is your consent or an official order.<\/span><span id=\"t-served-community-button\" class=\"trans-verified-button goog-toolbar-button\" role=\"button\" aria-hidden=\"true\"><\/span><\/p>\n<h2>Uses<\/h2>\n<p><span id=\"result_box\" lang=\"en\">We will only use\u00a0your personal information\u00a0to provide you with the services you request, or for other purposes for which you have given your consent, unless otherwise required by law.<\/span><\/p>\n<h2><span id=\"result_box\" class=\"short_text\" lang=\"en\">Right of access and rectification<\/span><span id=\"t-served-community-button\" class=\"trans-verified-button goog-toolbar-button\" role=\"button\" aria-hidden=\"true\"><\/span><\/h2>\n<p>You have the right to review and correct any personal information we hold about you if you belive that it is outdated or incorrect. Just send an e-mail to the e-mail adress mentioned in the imprint.<span id=\"result_box\" lang=\"en\"><\/span><\/p>\n<h2>Right of withdrawal<\/h2>\n<p><span id=\"result_box\" lang=\"en\">You are entitled to revoke your consent to the use of personal data at any time with effect for the future. Just send an e-mail to the e-mail adress mentioned in the imprint.<\/span><span id=\"result_box\" class=\"short_text\" lang=\"en\"><\/span><\/p>\n<h2>Data retention<\/h2>\n<p><span id=\"result_box\" lang=\"en\">We retain personal information as long as necessary to perform any service you have requested or consented to, unless otherwise required by law, such as ongoing legal proceedings.<\/span><\/p>\n<h2>Use of cookies<\/h2>\n<p><span id=\"result_box\" lang=\"en\">In some areas of the website, so-called cookies are used to provide our services to you more individually. Cookies are identifiers that a web server can send to your computer to identify it for the duration of the visit. Most browsers are set to automatically accept cookies. You can also disable the storage of cookies or set your browser to inform you about the placement of cookies. If cookies are not only stored for the duration of the respective session and then automatically deleted, but are to be stored on your computer for a longer period, you will be informed when such a cookie is set.<\/span><span id=\"t-served-community-button\" class=\"trans-verified-button goog-toolbar-button\" role=\"button\" aria-hidden=\"true\"><\/span><\/p>\n<h2>Safety<span id=\"result_box\" lang=\"en\"><\/span><\/h2>\n<p><span id=\"result_box\" lang=\"en\">We use technical and organizational security measures to protect your data from accidental or intentional manipulation, loss, destruction or access by unauthorized persons. In the case of the collection and processing of personal data, the information is transmitted in encrypted form in order to prevent misuse of the data by third parties. Our hedging measures are continuously revised in line with technological developments.<\/span><\/p>\n<h2>Children<\/h2>\n<p><span id=\"result_box\" lang=\"en\">Protecting the privacy of children is an important issue. For this reason, we do not collect, process and use any information on our website from any persons we know to be under the age of 13 without having obtained the verifiable consent of a legal representative. Upon request, the legal representatives can view the information provided by their child or request that they be deleted.<\/span><span id=\"t-served-community-button\" class=\"trans-verified-button goog-toolbar-button\" role=\"button\" aria-hidden=\"true\"><\/span><\/p>\n<h2>Contact form<span id=\"result_box\" lang=\"en\"><\/span><\/h2>\n<p><span id=\"result_box\" lang=\"en\" tabindex=\"-1\">The personal data that you provide to us in the context of a contact request, e.g. provided by means of a contact form are used only to answer your request or contact and for the associated technical administration. The transfer to third parties does not take place. You have the right to revoke your consent with effect for the future at any time. In this case your personal data will be deleted immediately. Your personal data will also be deleted without your revocation if we have processed your request or if you revoke the consent given here for storage. This also happens if the storage is inadmissible for other legal reasons.<\/span><\/p>\n<h2>Adjustments<\/h2>\n<p><span id=\"result_box\" lang=\"en\" tabindex=\"-1\">The constant evolution of the Internet requires adjustments to our privacy policy from time to time. We reserve the right to make appropriate changes at any time.<\/span><\/p>\n<h2>Web analysis with Google Analytics<\/h2>\n<p>This website uses Google Analytics, a web analytics service provided by Google, Inc. (\u201cGoogle\u201d). Google Analytics uses \u201ccookies\u201d, which are text files placed on your computer, to help the website analyze how users use the site. The information generated by the cookie about your use of the website will be transmitted to and stored by Google on servers in the United States.<\/p>\n<p>In case IP-anonymisation is activated on this website, your IP address will be truncated within the area of Member States of the European Union or other parties to the Agreement on the European Economic Area. Only in exceptional cases the whole IP address will be first transfered to a Google server in the USA and truncated there. The IP-anonymisation is active on this website.<\/p>\n<p>Google will use this information on behalf of the operator of this website for the purpose of evaluating your use of the website, compiling reports on website activity for website operators and providing them other services relating to website activity and internet usage.<\/p>\n<p>The IP-address, that your Browser conveys within the scope of Google Analytics, will not be associated with any other data held by Google. You may refuse the use of cookies by selecting the appropriate settings on your browser, however please note that if you do this you may not be able to use the full functionality of this website. You can also opt-out from being tracked by Google Analytics with effect for the future by downloading and installing Google Analytics Opt-out Browser Addon for your current web browser: <a href=\"http:\/\/tools.google.com\/dlpage\/gaoptout?hl=en\">http:\/\/tools.google.com\/dlpage\/gaoptout?hl=en<\/a>.<\/p>\n<p>As an alternative to the browser Addon or within browsers on mobile devices, you can <a>click this link<\/a> in order to opt-out from being tracked by Google Analytics within this website in the future (the opt-out applies only for the browser in which you set it and within this domain). An opt-out cookie will be stored on your device, which means that you\u2019ll have to click this link again, if you delete your cookies.<\/p>\n<h2>Questions<\/h2>\n<p>If you need any further information on data privacy at Dr. Schmidt-Wilke + Partner or wish information on collection of personal data, please contact us by letter:<\/p>\n<p>Dr. Schmidt-Wilke + Partner GmbH<br \/>\nHarnackstra\u00dfe 7<br \/>\n39104 Magdeburg<br \/>\nGermany<\/p>\n<p>Or by email to <a href=\"mailto:info@steuerpraxis.net\">info@steuerpraxis.net<\/a><\/p>\n<p>Please observe that we generally cannot warrant secure transmission in case of unencrypted transmission of data by email. We recommend transmitting sensitive data by letter only.<\/p>\n","protected":false},"excerpt":{"rendered":"<p>We understand that protecting your privacy when using our websites is important to you. We take the protection of your personal data very seriously. That is\u00a0why we want you to know when we save what data and how we use it. Therefore, we would like to inform you about our data protection measures with this [&hellip;]<\/p>\n","protected":false},"author":1,"featured_media":167,"parent":477,"menu_order":2,"comment_status":"closed","ping_status":"closed","template":"","meta":{"_acf_changed":false,"footnotes":""},"class_list":["post-401","page","type-page","status-publish","has-post-thumbnail","hentry"],"acf":[],"yoast_head":"<!-- This site is optimized with the Yoast SEO plugin v27.5 - https:\/\/yoast.com\/product\/yoast-seo-wordpress\/ -->\n<title>Privacy Policy - Dr. Schmidt-Wilke + Partner Steuerberatungsgesellschaft mbH<\/title>\n<meta name=\"robots\" content=\"index, follow, max-snippet:-1, max-image-preview:large, max-video-preview:-1\" \/>\n<link rel=\"canonical\" href=\"https:\/\/www.steuerpraxis.net\/en\/contact\/privacy-policy\/\" \/>\n<meta property=\"og:locale\" content=\"en_US\" \/>\n<meta property=\"og:type\" content=\"article\" \/>\n<meta property=\"og:title\" content=\"Privacy Policy - Dr. Schmidt-Wilke + Partner Steuerberatungsgesellschaft mbH\" \/>\n<meta property=\"og:description\" content=\"We understand that protecting your privacy when using our websites is important to you. We take the protection of your personal data very seriously. That is\u00a0why we want you to know when we save what data and how we use it. Therefore, we would like to inform you about our data protection measures with this [&hellip;]\" \/>\n<meta property=\"og:url\" content=\"https:\/\/www.steuerpraxis.net\/en\/contact\/privacy-policy\/\" \/>\n<meta property=\"og:site_name\" content=\"Dr. Schmidt-Wilke + Partner Steuerberatungsgesellschaft mbH\" \/>\n<meta property=\"article:modified_time\" content=\"2018-04-20T06:26:30+00:00\" \/>\n<meta property=\"og:image\" content=\"https:\/\/www.steuerpraxis.net\/wp-content\/uploads\/2015\/09\/globalexpertise_finallayered_3.jpg\" \/>\n\t<meta property=\"og:image:width\" content=\"2070\" \/>\n\t<meta property=\"og:image:height\" content=\"2651\" \/>\n\t<meta property=\"og:image:type\" content=\"image\/jpeg\" \/>\n<meta name=\"twitter:card\" content=\"summary_large_image\" \/>\n<meta name=\"twitter:label1\" content=\"Est. reading time\" \/>\n\t<meta name=\"twitter:data1\" content=\"6 minutes\" \/>\n<script type=\"application\/ld+json\" class=\"yoast-schema-graph\">{\"@context\":\"https:\\\/\\\/schema.org\",\"@graph\":[{\"@type\":\"WebPage\",\"@id\":\"https:\\\/\\\/www.steuerpraxis.net\\\/en\\\/contact\\\/privacy-policy\\\/\",\"url\":\"https:\\\/\\\/www.steuerpraxis.net\\\/en\\\/contact\\\/privacy-policy\\\/\",\"name\":\"Privacy Policy - Dr. Schmidt-Wilke + Partner Steuerberatungsgesellschaft mbH\",\"isPartOf\":{\"@id\":\"https:\\\/\\\/www.steuerpraxis.net\\\/de\\\/#website\"},\"primaryImageOfPage\":{\"@id\":\"https:\\\/\\\/www.steuerpraxis.net\\\/en\\\/contact\\\/privacy-policy\\\/#primaryimage\"},\"image\":{\"@id\":\"https:\\\/\\\/www.steuerpraxis.net\\\/en\\\/contact\\\/privacy-policy\\\/#primaryimage\"},\"thumbnailUrl\":\"https:\\\/\\\/www.steuerpraxis.net\\\/wp-content\\\/uploads\\\/2015\\\/09\\\/globalexpertise_finallayered_3.jpg\",\"datePublished\":\"2016-11-03T21:17:09+00:00\",\"dateModified\":\"2018-04-20T06:26:30+00:00\",\"breadcrumb\":{\"@id\":\"https:\\\/\\\/www.steuerpraxis.net\\\/en\\\/contact\\\/privacy-policy\\\/#breadcrumb\"},\"inLanguage\":\"en-US\",\"potentialAction\":[{\"@type\":\"ReadAction\",\"target\":[\"https:\\\/\\\/www.steuerpraxis.net\\\/en\\\/contact\\\/privacy-policy\\\/\"]}]},{\"@type\":\"ImageObject\",\"inLanguage\":\"en-US\",\"@id\":\"https:\\\/\\\/www.steuerpraxis.net\\\/en\\\/contact\\\/privacy-policy\\\/#primaryimage\",\"url\":\"https:\\\/\\\/www.steuerpraxis.net\\\/wp-content\\\/uploads\\\/2015\\\/09\\\/globalexpertise_finallayered_3.jpg\",\"contentUrl\":\"https:\\\/\\\/www.steuerpraxis.net\\\/wp-content\\\/uploads\\\/2015\\\/09\\\/globalexpertise_finallayered_3.jpg\",\"width\":2070,\"height\":2651},{\"@type\":\"BreadcrumbList\",\"@id\":\"https:\\\/\\\/www.steuerpraxis.net\\\/en\\\/contact\\\/privacy-policy\\\/#breadcrumb\",\"itemListElement\":[{\"@type\":\"ListItem\",\"position\":1,\"name\":\"Startseite\",\"item\":\"https:\\\/\\\/www.steuerpraxis.net\\\/en\\\/\"},{\"@type\":\"ListItem\",\"position\":2,\"name\":\"Contact\",\"item\":\"https:\\\/\\\/www.steuerpraxis.net\\\/en\\\/contact\\\/\"},{\"@type\":\"ListItem\",\"position\":3,\"name\":\"Privacy Policy\"}]},{\"@type\":\"WebSite\",\"@id\":\"https:\\\/\\\/www.steuerpraxis.net\\\/de\\\/#website\",\"url\":\"https:\\\/\\\/www.steuerpraxis.net\\\/de\\\/\",\"name\":\"Dr. Schmidt-Wilke + Partner Steuerberatungsgesellschaft mbH\",\"description\":\"Magdeburg\",\"potentialAction\":[{\"@type\":\"SearchAction\",\"target\":{\"@type\":\"EntryPoint\",\"urlTemplate\":\"https:\\\/\\\/www.steuerpraxis.net\\\/de\\\/?s={search_term_string}\"},\"query-input\":{\"@type\":\"PropertyValueSpecification\",\"valueRequired\":true,\"valueName\":\"search_term_string\"}}],\"inLanguage\":\"en-US\"}]}<\/script>\n<!-- \/ Yoast SEO plugin. -->","yoast_head_json":{"title":"Privacy Policy - Dr. Schmidt-Wilke + Partner Steuerberatungsgesellschaft mbH","robots":{"index":"index","follow":"follow","max-snippet":"max-snippet:-1","max-image-preview":"max-image-preview:large","max-video-preview":"max-video-preview:-1"},"canonical":"https:\/\/www.steuerpraxis.net\/en\/contact\/privacy-policy\/","og_locale":"en_US","og_type":"article","og_title":"Privacy Policy - Dr. Schmidt-Wilke + Partner Steuerberatungsgesellschaft mbH","og_description":"We understand that protecting your privacy when using our websites is important to you. We take the protection of your personal data very seriously. That is\u00a0why we want you to know when we save what data and how we use it. Therefore, we would like to inform you about our data protection measures with this [&hellip;]","og_url":"https:\/\/www.steuerpraxis.net\/en\/contact\/privacy-policy\/","og_site_name":"Dr. Schmidt-Wilke + Partner Steuerberatungsgesellschaft mbH","article_modified_time":"2018-04-20T06:26:30+00:00","og_image":[{"width":2070,"height":2651,"url":"https:\/\/www.steuerpraxis.net\/wp-content\/uploads\/2015\/09\/globalexpertise_finallayered_3.jpg","type":"image\/jpeg"}],"twitter_card":"summary_large_image","twitter_misc":{"Est. reading time":"6 minutes"},"schema":{"@context":"https:\/\/schema.org","@graph":[{"@type":"WebPage","@id":"https:\/\/www.steuerpraxis.net\/en\/contact\/privacy-policy\/","url":"https:\/\/www.steuerpraxis.net\/en\/contact\/privacy-policy\/","name":"Privacy Policy - Dr. Schmidt-Wilke + Partner Steuerberatungsgesellschaft mbH","isPartOf":{"@id":"https:\/\/www.steuerpraxis.net\/de\/#website"},"primaryImageOfPage":{"@id":"https:\/\/www.steuerpraxis.net\/en\/contact\/privacy-policy\/#primaryimage"},"image":{"@id":"https:\/\/www.steuerpraxis.net\/en\/contact\/privacy-policy\/#primaryimage"},"thumbnailUrl":"https:\/\/www.steuerpraxis.net\/wp-content\/uploads\/2015\/09\/globalexpertise_finallayered_3.jpg","datePublished":"2016-11-03T21:17:09+00:00","dateModified":"2018-04-20T06:26:30+00:00","breadcrumb":{"@id":"https:\/\/www.steuerpraxis.net\/en\/contact\/privacy-policy\/#breadcrumb"},"inLanguage":"en-US","potentialAction":[{"@type":"ReadAction","target":["https:\/\/www.steuerpraxis.net\/en\/contact\/privacy-policy\/"]}]},{"@type":"ImageObject","inLanguage":"en-US","@id":"https:\/\/www.steuerpraxis.net\/en\/contact\/privacy-policy\/#primaryimage","url":"https:\/\/www.steuerpraxis.net\/wp-content\/uploads\/2015\/09\/globalexpertise_finallayered_3.jpg","contentUrl":"https:\/\/www.steuerpraxis.net\/wp-content\/uploads\/2015\/09\/globalexpertise_finallayered_3.jpg","width":2070,"height":2651},{"@type":"BreadcrumbList","@id":"https:\/\/www.steuerpraxis.net\/en\/contact\/privacy-policy\/#breadcrumb","itemListElement":[{"@type":"ListItem","position":1,"name":"Startseite","item":"https:\/\/www.steuerpraxis.net\/en\/"},{"@type":"ListItem","position":2,"name":"Contact","item":"https:\/\/www.steuerpraxis.net\/en\/contact\/"},{"@type":"ListItem","position":3,"name":"Privacy Policy"}]},{"@type":"WebSite","@id":"https:\/\/www.steuerpraxis.net\/de\/#website","url":"https:\/\/www.steuerpraxis.net\/de\/","name":"Dr. Schmidt-Wilke + Partner Steuerberatungsgesellschaft mbH","description":"Magdeburg","potentialAction":[{"@type":"SearchAction","target":{"@type":"EntryPoint","urlTemplate":"https:\/\/www.steuerpraxis.net\/de\/?s={search_term_string}"},"query-input":{"@type":"PropertyValueSpecification","valueRequired":true,"valueName":"search_term_string"}}],"inLanguage":"en-US"}]}},"_links":{"self":[{"href":"https:\/\/www.steuerpraxis.net\/en\/wp-json\/wp\/v2\/pages\/401","targetHints":{"allow":["GET"]}}],"collection":[{"href":"https:\/\/www.steuerpraxis.net\/en\/wp-json\/wp\/v2\/pages"}],"about":[{"href":"https:\/\/www.steuerpraxis.net\/en\/wp-json\/wp\/v2\/types\/page"}],"author":[{"embeddable":true,"href":"https:\/\/www.steuerpraxis.net\/en\/wp-json\/wp\/v2\/users\/1"}],"replies":[{"embeddable":true,"href":"https:\/\/www.steuerpraxis.net\/en\/wp-json\/wp\/v2\/comments?post=401"}],"version-history":[{"count":6,"href":"https:\/\/www.steuerpraxis.net\/en\/wp-json\/wp\/v2\/pages\/401\/revisions"}],"predecessor-version":[{"id":2114,"href":"https:\/\/www.steuerpraxis.net\/en\/wp-json\/wp\/v2\/pages\/401\/revisions\/2114"}],"up":[{"embeddable":true,"href":"https:\/\/www.steuerpraxis.net\/en\/wp-json\/wp\/v2\/pages\/477"}],"wp:featuredmedia":[{"embeddable":true,"href":"https:\/\/www.steuerpraxis.net\/en\/wp-json\/wp\/v2\/media\/167"}],"wp:attachment":[{"href":"https:\/\/www.steuerpraxis.net\/en\/wp-json\/wp\/v2\/media?parent=401"}],"curies":[{"name":"wp","href":"https:\/\/api.w.org\/{rel}","templated":true}]}}